{"id":5854,"date":"2024-09-12T20:39:40","date_gmt":"2024-09-12T18:39:40","guid":{"rendered":"https:\/\/v2.bijanton.nl\/restaurants-rund-um-kaatsheuvel\/"},"modified":"2024-09-24T14:48:18","modified_gmt":"2024-09-24T12:48:18","slug":"restaurants-rund-um-kaatsheuvel","status":"publish","type":"page","link":"https:\/\/bijanton.nl\/de\/restaurants-rund-um-kaatsheuvel\/","title":{"rendered":"Restaurants rund um Kaatsheuvel"},"content":{"rendered":"\t\t<div data-elementor-type=\"wp-page\" data-elementor-id=\"5854\" class=\"elementor elementor-5854 elementor-5764\" data-elementor-post-type=\"page\">\n\t\t\t\t<div class=\"elementor-element elementor-element-5252081 e-con-full e-flex e-con e-parent\" data-id=\"5252081\" data-element_type=\"container\" data-e-type=\"container\" data-settings=\"{&quot;background_background&quot;:&quot;classic&quot;}\">\n\t\t\t\t<div class=\"elementor-element elementor-element-bbec4bb elementor-widget elementor-widget-heading\" data-id=\"bbec4bb\" data-element_type=\"widget\" data-e-type=\"widget\" data-widget_type=\"heading.default\">\n\t\t\t\t<div class=\"elementor-widget-container\">\n\t\t\t\t\t<h1 class=\"elementor-heading-title elementor-size-default\">Restaurants rund um Kaatsheuvel<\/h1>\t\t\t\t<\/div>\n\t\t\t\t<\/div>\n\t\t\t\t<\/div>\n\t\t<div class=\"elementor-element elementor-element-5e0aed75 e-flex e-con-boxed e-con e-parent\" data-id=\"5e0aed75\" data-element_type=\"container\" data-e-type=\"container\">\n\t\t\t\t\t<div class=\"e-con-inner\">\n\t\t\t\t<div class=\"elementor-element elementor-element-c009e95 elementor-widget elementor-widget-text-editor\" data-id=\"c009e95\" data-element_type=\"widget\" data-e-type=\"widget\" data-widget_type=\"text-editor.default\">\n\t\t\t\t<div class=\"elementor-widget-container\">\n\t\t\t\t\t\t\t\t\t<h2>Kommen Sie und essen Sie bei Anton&#8217;s!<\/h2>\n<p>Sie wollen die leckersten Restaurants in der Umgebung von Kaatsheuvel?<br \/>\nBei Anton&#8217;s k\u00f6nnen Sie <a href=\"https:\/\/www.bijanton.nl\/uit-eten-kaatsheuvel\/\">in Kaatsheuvel<\/a> k\u00f6stlich <a href=\"https:\/\/www.bijanton.nl\/uit-eten-kaatsheuvel\/\">essen gehen<\/a>! Und das ist noch nicht alles, denn auch f\u00fcr eine sch\u00f6ne Tasse Kaffee, ein leckeres Mittagessen oder Ihre Feier ist Anton&#8217;s der richtige Ort.<br \/>\nWenn Sie zu Anton&#8217;s kommen, werden Sie sofort die gem\u00fctliche Atmosph\u00e4re sp\u00fcren.<br \/>\nAnton sorgt daf\u00fcr, dass die leckersten Gerichte auf den Tisch kommen und l\u00e4dt regelm\u00e4\u00dfig Musikfreunde zu stimmungsvollen Abenden mit Live-Musik ein.<br \/>\nGenie\u00dfen Sie die leckersten Snacks und Getr\u00e4nke und Antons gut sortierten Keller mit den besten Bieren und Weinen.<br \/>\nAuch unsere Bitterballen sind in der Gegend sehr bekannt.<br \/>\nGenie\u00dfen Sie also bei sch\u00f6nem Wetter eine Portion Bitterballen auf unserer sch\u00f6nen Terrasse.<br \/>\nIn unserem Restaurant in Kaatsheuvel verw\u00f6hnen wir die Kinder noch ein bisschen mehr.<br \/>\nWir haben viele Leckereien f\u00fcr Kinder auf der speziellen Kinderkarte.<br \/>\nDie Kinder finden dort auch die lustigsten M\u00e4rchen und spannendsten Geschichten.<br \/>\nW\u00e4hlen Sie bei Anton aus den verschiedenen Restaurants in der Umgebung von Kaatsheuvel und reservieren Sie gleich.          <\/p>\n\t\t\t\t\t\t\t\t<\/div>\n\t\t\t\t<\/div>\n\t\t\t\t\t<\/div>\n\t\t\t\t<\/div>\n\t\t<div class=\"elementor-element elementor-element-0ac698c e-flex e-con-boxed e-con e-parent\" data-id=\"0ac698c\" data-element_type=\"container\" data-e-type=\"container\">\n\t\t\t\t\t<div class=\"e-con-inner\">\n\t\t\t\t<div class=\"elementor-element elementor-element-7caeec7 elementor-widget elementor-widget-html\" data-id=\"7caeec7\" data-element_type=\"widget\" data-e-type=\"widget\" data-widget_type=\"html.default\">\n\t\t\t\t<div class=\"elementor-widget-container\">\n\t\t\t\t\t<button class=\"redcontainer\" onclick=\"_gstpln.openWidget()\">Buchen<\/button>\t\t\t\t<\/div>\n\t\t\t\t<\/div>\n\t\t\t\t\t<\/div>\n\t\t\t\t<\/div>\n\t\t<div class=\"elementor-element elementor-element-4265cbd e-flex e-con-boxed e-con e-parent\" data-id=\"4265cbd\" data-element_type=\"container\" data-e-type=\"container\">\n\t\t\t\t\t<div class=\"e-con-inner\">\n\t\t\t\t<div class=\"elementor-element elementor-element-1a38445 elementor-widget elementor-widget-text-editor\" data-id=\"1a38445\" data-element_type=\"widget\" data-e-type=\"widget\" data-widget_type=\"text-editor.default\">\n\t\t\t\t<div class=\"elementor-widget-container\">\n\t\t\t\t\t\t\t\t\t<h3>Unser umfangreiches Men\u00fc<\/h3>\n<p>Unter den Restaurants in der Umgebung von Kaatsheuvel bietet das Anton die umfangreichste Speisekarte.<br \/>\nVielleicht haben Sie Lust auf ein sch\u00f6nes Mittagessen am Nachmittag, ein ausgiebiges Abendessen oder einen gem\u00fctlichen Drink am Abend mit Freunden oder Familie.<br \/>\nIm Anton&#8217;s ist alles m\u00f6glich!<br \/>\nAuch f\u00fcr die Kinder gibt es mehr als genug Auswahl und Besch\u00e4ftigung.<br \/>\nWerfen Sie einen Blick auf unsere umfangreichen Speisekarten und entdecken Sie, was wir servieren.<br \/>\nEssen gehen bei Anton&#8217;s ist immer ein Erlebnis!     <\/p>\n<h3>Etwas zu feiern?<br \/>\nAuch das k\u00f6nnen Sie bei Anton tun <\/h3>\n<p>Sind Sie auf der Suche nach Restaurants in der Umgebung von Kaatsheuvel, weil Sie Ihren Geburtstag, Ihr Jubil\u00e4um, Ihre Hochzeit oder etwas anderes feiern m\u00f6chten?<br \/>\nAuch daf\u00fcr sind Sie bei Anton an der richtigen Adresse!<br \/>\nWir sorgen daf\u00fcr, dass Ihre Feier zu einem unvergesslichen Ereignis wird.<br \/>\nAnton h\u00f6rt sich gerne an, was Sie sich w\u00fcnschen, und sorgt daf\u00fcr, dass diese W\u00fcnsche in die Tat umgesetzt werden.<br \/>\nAuf diese Weise macht Anton Ihre Feier zu etwas ganz Besonderem.<br \/>\nKommen auch Sie und feiern Sie Ihren Meilenstein in unserem <a href=\"https:\/\/www.bijanton.nl\/restaurant-kaatsheuvel\/\">Restaurant in Kaatsheuvel<\/a>?     <\/p>\n<h3>Genie\u00dfen Sie, wann Sie wollen<\/h3>\n<p>Wenn Sie auf der Suche nach Restaurants in der Gegend von Kaatsheuvel sind, in denen Sie das ganze Jahr \u00fcber genie\u00dfen k\u00f6nnen, sind Sie bei Anton&#8217;s genau richtig!<br \/>\nIm Jahreskalender von Anton&#8217;s finden Sie immer die aktuellen Veranstaltungen, die wir organisieren.<br \/>\nSo wissen Sie sofort, wohin Sie f\u00fcr einen unterhaltsamen Abend gehen k\u00f6nnen.<br \/>\nSie k\u00f6nnen auch einen Abend bei unseren Nachbarn, dem Theater im Klavier, genie\u00dfen.<br \/>\nWollen Sie vorher oder nachher einen Drink bei Anton&#8217;s nehmen?    <\/p>\n<h3>Buchen Sie in einem der gem\u00fctlichsten Restaurants in der N\u00e4he von Kaatsheuvel<\/h3>\n<p>Essen Sie in Kaatsheuvel in einem der leckersten Restaurants der Gegend?<br \/>\nKommen Sie zum Abendessen ins Anton&#8217;s oder feiern Sie Ihren Meilenstein in Antons gem\u00fctlichem Restaurant.<br \/>\nWir setzen Sie sofort auf die Tagesordnung.<br \/>\nW\u00e4hlen Sie auch eines der gem\u00fctlichsten Restaurants in der Umgebung von Kaatsheuvel und reservieren Sie jetzt bei Bij Anton&#8217;s oder rufen Sie <a href=\"tel:+31416205000\">0416-205000<\/a> an!   <\/p>\n\t\t\t\t\t\t\t\t<\/div>\n\t\t\t\t<\/div>\n\t\t\t\t\t<\/div>\n\t\t\t\t<\/div>\n\t\t<div class=\"elementor-element elementor-element-e92003f e-flex e-con-boxed e-con e-parent\" data-id=\"e92003f\" data-element_type=\"container\" data-e-type=\"container\">\n\t\t\t\t\t<div class=\"e-con-inner\">\n\t\t\t\t<div class=\"elementor-element elementor-element-22cf6a2 elementor-widget elementor-widget-html\" data-id=\"22cf6a2\" data-element_type=\"widget\" data-e-type=\"widget\" data-widget_type=\"html.default\">\n\t\t\t\t<div class=\"elementor-widget-container\">\n\t\t\t\t\t<button class=\"container\" onclick=\"_gstpln.openWidget()\">Buchen<\/button>\t\t\t\t<\/div>\n\t\t\t\t<\/div>\n\t\t\t\t\t<\/div>\n\t\t\t\t<\/div>\n\t\t\t\t<\/div>\n\t\t","protected":false},"excerpt":{"rendered":"<p>Kommen Sie und essen Sie bei Anton&#8217;s! Sie wollen die leckersten Restaurants in der Umgebung von Kaatsheuvel? Bei Anton&#8217;s k\u00f6nnen Sie in Kaatsheuvel k\u00f6stlich essen gehen! Und das ist noch nicht alles, denn auch f\u00fcr eine sch\u00f6ne Tasse Kaffee, ein leckeres Mittagessen oder Ihre Feier ist Anton&#8217;s der richtige Ort. Wenn Sie zu Anton&#8217;s kommen, werden Sie sofort die gem\u00fctliche [&hellip;]<\/p>\n","protected":false},"author":2,"featured_media":4717,"parent":0,"menu_order":0,"comment_status":"closed","ping_status":"closed","template":"elementor_header_footer","meta":{"footnotes":""},"class_list":["post-5854","page","type-page","status-publish","has-post-thumbnail","hentry"],"yoast_head":"<!-- This site is optimized with the Yoast SEO plugin v27.5 - https:\/\/yoast.com\/product\/yoast-seo-wordpress\/ -->\n<title>Restaurants rund um Kaatsheuvel - Bij Anton<\/title>\n<meta name=\"robots\" content=\"index, follow, max-snippet:-1, max-image-preview:large, max-video-preview:-1\" \/>\n<link rel=\"canonical\" href=\"https:\/\/bijanton.nl\/de\/restaurants-rund-um-kaatsheuvel\/\" \/>\n<meta property=\"og:locale\" content=\"de_DE\" \/>\n<meta property=\"og:type\" content=\"article\" \/>\n<meta property=\"og:title\" content=\"Restaurants rund um Kaatsheuvel - Bij Anton\" \/>\n<meta property=\"og:description\" content=\"Kommen Sie und essen Sie bei Anton&#8217;s! Sie wollen die leckersten Restaurants in der Umgebung von Kaatsheuvel? Bei Anton&#8217;s k\u00f6nnen Sie in Kaatsheuvel k\u00f6stlich essen gehen! Und das ist noch nicht alles, denn auch f\u00fcr eine sch\u00f6ne Tasse Kaffee, ein leckeres Mittagessen oder Ihre Feier ist Anton&#8217;s der richtige Ort. Wenn Sie zu Anton&#8217;s kommen, werden Sie sofort die gem\u00fctliche [&hellip;]\" \/>\n<meta property=\"og:url\" content=\"https:\/\/bijanton.nl\/de\/restaurants-rund-um-kaatsheuvel\/\" \/>\n<meta property=\"og:site_name\" content=\"Bij Anton\" \/>\n<meta property=\"article:modified_time\" content=\"2024-09-24T12:48:18+00:00\" \/>\n<meta name=\"twitter:card\" content=\"summary_large_image\" \/>\n<meta name=\"twitter:label1\" content=\"Gesch\u00e4tzte Lesezeit\" \/>\n\t<meta name=\"twitter:data1\" content=\"3\u00a0Minuten\" \/>\n<script type=\"application\/ld+json\" class=\"yoast-schema-graph\">{\"@context\":\"https:\\\/\\\/schema.org\",\"@graph\":[{\"@type\":\"WebPage\",\"@id\":\"https:\\\/\\\/bijanton.nl\\\/de\\\/restaurants-rund-um-kaatsheuvel\\\/\",\"url\":\"https:\\\/\\\/bijanton.nl\\\/de\\\/restaurants-rund-um-kaatsheuvel\\\/\",\"name\":\"Restaurants rund um Kaatsheuvel - Bij Anton\",\"isPartOf\":{\"@id\":\"https:\\\/\\\/bijanton.nl\\\/#website\"},\"primaryImageOfPage\":{\"@id\":\"https:\\\/\\\/bijanton.nl\\\/de\\\/restaurants-rund-um-kaatsheuvel\\\/#primaryimage\"},\"image\":{\"@id\":\"https:\\\/\\\/bijanton.nl\\\/de\\\/restaurants-rund-um-kaatsheuvel\\\/#primaryimage\"},\"thumbnailUrl\":\"https:\\\/\\\/bijanton.nl\\\/wp-content\\\/uploads\\\/2024\\\/05\\\/DSC09472-Feesten.jpg\",\"datePublished\":\"2024-09-12T18:39:40+00:00\",\"dateModified\":\"2024-09-24T12:48:18+00:00\",\"breadcrumb\":{\"@id\":\"https:\\\/\\\/bijanton.nl\\\/de\\\/restaurants-rund-um-kaatsheuvel\\\/#breadcrumb\"},\"inLanguage\":\"de\",\"potentialAction\":[{\"@type\":\"ReadAction\",\"target\":[\"https:\\\/\\\/bijanton.nl\\\/de\\\/restaurants-rund-um-kaatsheuvel\\\/\"]}]},{\"@type\":\"ImageObject\",\"inLanguage\":\"de\",\"@id\":\"https:\\\/\\\/bijanton.nl\\\/de\\\/restaurants-rund-um-kaatsheuvel\\\/#primaryimage\",\"url\":\"https:\\\/\\\/bijanton.nl\\\/wp-content\\\/uploads\\\/2024\\\/05\\\/DSC09472-Feesten.jpg\",\"contentUrl\":\"https:\\\/\\\/bijanton.nl\\\/wp-content\\\/uploads\\\/2024\\\/05\\\/DSC09472-Feesten.jpg\",\"width\":2160,\"height\":1440,\"caption\":\"Bij Anton restaurant Kaatsheuvel\"},{\"@type\":\"BreadcrumbList\",\"@id\":\"https:\\\/\\\/bijanton.nl\\\/de\\\/restaurants-rund-um-kaatsheuvel\\\/#breadcrumb\",\"itemListElement\":[{\"@type\":\"ListItem\",\"position\":1,\"name\":\"Home\",\"item\":\"https:\\\/\\\/bijanton.nl\\\/de\\\/\"},{\"@type\":\"ListItem\",\"position\":2,\"name\":\"Restaurants rund um Kaatsheuvel\"}]},{\"@type\":\"WebSite\",\"@id\":\"https:\\\/\\\/bijanton.nl\\\/#website\",\"url\":\"https:\\\/\\\/bijanton.nl\\\/\",\"name\":\"Bij Anton\",\"description\":\"\",\"publisher\":{\"@id\":\"https:\\\/\\\/bijanton.nl\\\/#organization\"},\"potentialAction\":[{\"@type\":\"SearchAction\",\"target\":{\"@type\":\"EntryPoint\",\"urlTemplate\":\"https:\\\/\\\/bijanton.nl\\\/?s={search_term_string}\"},\"query-input\":{\"@type\":\"PropertyValueSpecification\",\"valueRequired\":true,\"valueName\":\"search_term_string\"}}],\"inLanguage\":\"de\"},{\"@type\":\"Organization\",\"@id\":\"https:\\\/\\\/bijanton.nl\\\/#organization\",\"name\":\"Bij Anton\",\"url\":\"https:\\\/\\\/bijanton.nl\\\/\",\"logo\":{\"@type\":\"ImageObject\",\"inLanguage\":\"de\",\"@id\":\"https:\\\/\\\/bijanton.nl\\\/#\\\/schema\\\/logo\\\/image\\\/\",\"url\":\"https:\\\/\\\/bijanton.nl\\\/wp-content\\\/uploads\\\/2024\\\/05\\\/Logo_BijAnton2024_Wit@4x.png\",\"contentUrl\":\"https:\\\/\\\/bijanton.nl\\\/wp-content\\\/uploads\\\/2024\\\/05\\\/Logo_BijAnton2024_Wit@4x.png\",\"width\":1323,\"height\":730,\"caption\":\"Bij Anton\"},\"image\":{\"@id\":\"https:\\\/\\\/bijanton.nl\\\/#\\\/schema\\\/logo\\\/image\\\/\"}}]}<\/script>\n<!-- \/ Yoast SEO plugin. -->","yoast_head_json":{"title":"Restaurants rund um Kaatsheuvel - Bij Anton","robots":{"index":"index","follow":"follow","max-snippet":"max-snippet:-1","max-image-preview":"max-image-preview:large","max-video-preview":"max-video-preview:-1"},"canonical":"https:\/\/bijanton.nl\/de\/restaurants-rund-um-kaatsheuvel\/","og_locale":"de_DE","og_type":"article","og_title":"Restaurants rund um Kaatsheuvel - Bij Anton","og_description":"Kommen Sie und essen Sie bei Anton&#8217;s! Sie wollen die leckersten Restaurants in der Umgebung von Kaatsheuvel? Bei Anton&#8217;s k\u00f6nnen Sie in Kaatsheuvel k\u00f6stlich essen gehen! Und das ist noch nicht alles, denn auch f\u00fcr eine sch\u00f6ne Tasse Kaffee, ein leckeres Mittagessen oder Ihre Feier ist Anton&#8217;s der richtige Ort. Wenn Sie zu Anton&#8217;s kommen, werden Sie sofort die gem\u00fctliche [&hellip;]","og_url":"https:\/\/bijanton.nl\/de\/restaurants-rund-um-kaatsheuvel\/","og_site_name":"Bij Anton","article_modified_time":"2024-09-24T12:48:18+00:00","twitter_card":"summary_large_image","twitter_misc":{"Gesch\u00e4tzte Lesezeit":"3\u00a0Minuten"},"schema":{"@context":"https:\/\/schema.org","@graph":[{"@type":"WebPage","@id":"https:\/\/bijanton.nl\/de\/restaurants-rund-um-kaatsheuvel\/","url":"https:\/\/bijanton.nl\/de\/restaurants-rund-um-kaatsheuvel\/","name":"Restaurants rund um Kaatsheuvel - Bij Anton","isPartOf":{"@id":"https:\/\/bijanton.nl\/#website"},"primaryImageOfPage":{"@id":"https:\/\/bijanton.nl\/de\/restaurants-rund-um-kaatsheuvel\/#primaryimage"},"image":{"@id":"https:\/\/bijanton.nl\/de\/restaurants-rund-um-kaatsheuvel\/#primaryimage"},"thumbnailUrl":"https:\/\/bijanton.nl\/wp-content\/uploads\/2024\/05\/DSC09472-Feesten.jpg","datePublished":"2024-09-12T18:39:40+00:00","dateModified":"2024-09-24T12:48:18+00:00","breadcrumb":{"@id":"https:\/\/bijanton.nl\/de\/restaurants-rund-um-kaatsheuvel\/#breadcrumb"},"inLanguage":"de","potentialAction":[{"@type":"ReadAction","target":["https:\/\/bijanton.nl\/de\/restaurants-rund-um-kaatsheuvel\/"]}]},{"@type":"ImageObject","inLanguage":"de","@id":"https:\/\/bijanton.nl\/de\/restaurants-rund-um-kaatsheuvel\/#primaryimage","url":"https:\/\/bijanton.nl\/wp-content\/uploads\/2024\/05\/DSC09472-Feesten.jpg","contentUrl":"https:\/\/bijanton.nl\/wp-content\/uploads\/2024\/05\/DSC09472-Feesten.jpg","width":2160,"height":1440,"caption":"Bij Anton restaurant Kaatsheuvel"},{"@type":"BreadcrumbList","@id":"https:\/\/bijanton.nl\/de\/restaurants-rund-um-kaatsheuvel\/#breadcrumb","itemListElement":[{"@type":"ListItem","position":1,"name":"Home","item":"https:\/\/bijanton.nl\/de\/"},{"@type":"ListItem","position":2,"name":"Restaurants rund um Kaatsheuvel"}]},{"@type":"WebSite","@id":"https:\/\/bijanton.nl\/#website","url":"https:\/\/bijanton.nl\/","name":"Bij Anton","description":"","publisher":{"@id":"https:\/\/bijanton.nl\/#organization"},"potentialAction":[{"@type":"SearchAction","target":{"@type":"EntryPoint","urlTemplate":"https:\/\/bijanton.nl\/?s={search_term_string}"},"query-input":{"@type":"PropertyValueSpecification","valueRequired":true,"valueName":"search_term_string"}}],"inLanguage":"de"},{"@type":"Organization","@id":"https:\/\/bijanton.nl\/#organization","name":"Bij Anton","url":"https:\/\/bijanton.nl\/","logo":{"@type":"ImageObject","inLanguage":"de","@id":"https:\/\/bijanton.nl\/#\/schema\/logo\/image\/","url":"https:\/\/bijanton.nl\/wp-content\/uploads\/2024\/05\/Logo_BijAnton2024_Wit@4x.png","contentUrl":"https:\/\/bijanton.nl\/wp-content\/uploads\/2024\/05\/Logo_BijAnton2024_Wit@4x.png","width":1323,"height":730,"caption":"Bij Anton"},"image":{"@id":"https:\/\/bijanton.nl\/#\/schema\/logo\/image\/"}}]}},"_links":{"self":[{"href":"https:\/\/bijanton.nl\/de\/wp-json\/wp\/v2\/pages\/5854","targetHints":{"allow":["GET"]}}],"collection":[{"href":"https:\/\/bijanton.nl\/de\/wp-json\/wp\/v2\/pages"}],"about":[{"href":"https:\/\/bijanton.nl\/de\/wp-json\/wp\/v2\/types\/page"}],"author":[{"embeddable":true,"href":"https:\/\/bijanton.nl\/de\/wp-json\/wp\/v2\/users\/2"}],"replies":[{"embeddable":true,"href":"https:\/\/bijanton.nl\/de\/wp-json\/wp\/v2\/comments?post=5854"}],"version-history":[{"count":0,"href":"https:\/\/bijanton.nl\/de\/wp-json\/wp\/v2\/pages\/5854\/revisions"}],"wp:featuredmedia":[{"embeddable":true,"href":"https:\/\/bijanton.nl\/de\/wp-json\/wp\/v2\/media\/4717"}],"wp:attachment":[{"href":"https:\/\/bijanton.nl\/de\/wp-json\/wp\/v2\/media?parent=5854"}],"curies":[{"name":"wp","href":"https:\/\/api.w.org\/{rel}","templated":true}]}}