{"id":5842,"date":"2024-09-12T20:39:38","date_gmt":"2024-09-12T18:39:38","guid":{"rendered":"https:\/\/v2.bijanton.nl\/restaurant-kaatsheuvel\/"},"modified":"2024-09-24T14:44:45","modified_gmt":"2024-09-24T12:44:45","slug":"restaurant-kaatsheuvel","status":"publish","type":"page","link":"https:\/\/bijanton.nl\/de\/restaurant-kaatsheuvel\/","title":{"rendered":"Restaurant Kaatsheuvel"},"content":{"rendered":"\t\t<div data-elementor-type=\"wp-page\" data-elementor-id=\"5842\" class=\"elementor elementor-5842 elementor-5735\" data-elementor-post-type=\"page\">\n\t\t\t\t<div class=\"elementor-element elementor-element-5252081 e-con-full e-flex e-con e-parent\" data-id=\"5252081\" data-element_type=\"container\" data-e-type=\"container\" data-settings=\"{&quot;background_background&quot;:&quot;classic&quot;}\">\n\t\t\t\t<div class=\"elementor-element elementor-element-bbec4bb elementor-widget elementor-widget-heading\" data-id=\"bbec4bb\" data-element_type=\"widget\" data-e-type=\"widget\" data-widget_type=\"heading.default\">\n\t\t\t\t<div class=\"elementor-widget-container\">\n\t\t\t\t\t<h1 class=\"elementor-heading-title elementor-size-default\">Restaurant Kaatsheuvel<\/h1>\t\t\t\t<\/div>\n\t\t\t\t<\/div>\n\t\t\t\t<\/div>\n\t\t<div class=\"elementor-element elementor-element-5e0aed75 e-flex e-con-boxed e-con e-parent\" data-id=\"5e0aed75\" data-element_type=\"container\" data-e-type=\"container\">\n\t\t\t\t\t<div class=\"e-con-inner\">\n\t\t\t\t<div class=\"elementor-element elementor-element-c009e95 elementor-widget elementor-widget-text-editor\" data-id=\"c009e95\" data-element_type=\"widget\" data-e-type=\"widget\" data-widget_type=\"text-editor.default\">\n\t\t\t\t<div class=\"elementor-widget-container\">\n\t\t\t\t\t\t\t\t\t<h2><strong>Essen Sie im leckersten Restaurant in Kaatsheuvel?<br \/>\nKommen Sie zu Bij Anton! <\/strong><\/h2>\n<p>Sie suchen das leckerste Restaurant in Kaatsheuvel?<br \/>\nKommen Sie zu Bij Anton!<br \/>\nOb Sie nun etwas zu feiern haben, wie einen Geburtstag oder ein Jubil\u00e4um, bei Anton ist Ihnen ein gelungener Abend garantiert!<br \/>\nAnton zaubert die k\u00f6stlichsten Gerichte aus der K\u00fcche oder l\u00e4dt Musikfreunde ein, die die beste Live-Musik spielen.<br \/>\nF\u00fcr leckere Snacks und Getr\u00e4nke ist gesorgt und der Keller ist mit den leckersten Bieren und Weinen best\u00fcckt.<br \/>\nAntons Bitterballen sind in Kaatsheuvel und der Umgebung ber\u00fchmt.<br \/>\nUnd wenn das Wetter sch\u00f6n ist, k\u00f6nnen Sie sich auf der gem\u00fctlichen Terrasse entspannen.<br \/>\nKinder werden bei uns besonders verw\u00f6hnt.<br \/>\nDie lustigsten M\u00e4rchen und spannendsten Geschichten finden Sie auf der speziellen Kinderkarte.<br \/>\nAu\u00dferdem gibt es viele k\u00f6stliche Leckereien, aus denen alle Kinder w\u00e4hlen k\u00f6nnen.<br \/>\nBuchen Sie sofort einen Platz in Antons Restaurant in Kaatsheuvel oder lesen Sie weiter f\u00fcr weitere Informationen.          <\/p>\n\t\t\t\t\t\t\t\t<\/div>\n\t\t\t\t<\/div>\n\t\t\t\t\t<\/div>\n\t\t\t\t<\/div>\n\t\t<div class=\"elementor-element elementor-element-0ac698c e-flex e-con-boxed e-con e-parent\" data-id=\"0ac698c\" data-element_type=\"container\" data-e-type=\"container\">\n\t\t\t\t\t<div class=\"e-con-inner\">\n\t\t\t\t<div class=\"elementor-element elementor-element-7caeec7 elementor-widget elementor-widget-html\" data-id=\"7caeec7\" data-element_type=\"widget\" data-e-type=\"widget\" data-widget_type=\"html.default\">\n\t\t\t\t<div class=\"elementor-widget-container\">\n\t\t\t\t\t<button class=\"redcontainer\" onclick=\"_gstpln.openWidget()\">Buchen<\/button>\t\t\t\t<\/div>\n\t\t\t\t<\/div>\n\t\t\t\t\t<\/div>\n\t\t\t\t<\/div>\n\t\t<div class=\"elementor-element elementor-element-4265cbd e-flex e-con-boxed e-con e-parent\" data-id=\"4265cbd\" data-element_type=\"container\" data-e-type=\"container\">\n\t\t\t\t\t<div class=\"e-con-inner\">\n\t\t\t\t<div class=\"elementor-element elementor-element-1a38445 elementor-widget elementor-widget-text-editor\" data-id=\"1a38445\" data-element_type=\"widget\" data-e-type=\"widget\" data-widget_type=\"text-editor.default\">\n\t\t\t\t<div class=\"elementor-widget-container\">\n\t\t\t\t\t\t\t\t\t<section class=\"av_textblock_section av-la2j96y8-8bb1cebe04f5b48961e2fa91deb4f937 \">\n<div class=\"avia_textblock\">\n<h2><strong>Unser Men\u00fc<\/strong><\/h2>\n<p>Unser Restaurant in Kaatsheuvel bietet eine umfangreiche Speisekarte.<br \/>\nOb Sie ausw\u00e4rts speisen, zu Mittag essen, brunchen oder die k\u00f6stlichsten Getr\u00e4nke und H\u00e4ppchen genie\u00dfen m\u00f6chten, im Bij Anton ist alles m\u00f6glich.<br \/>\nWir haben auch eine sehr umfangreiche Speisekarte f\u00fcr Kinder.<br \/>\nWerfen Sie einen Blick auf die verschiedenen Men\u00fcs von Anton, um einen sch\u00f6nen Eindruck zu bekommen, und w\u00e4hlen Sie gleich Ihre Lieblingsgerichte aus.<br \/>\nGutes <a href=\"https:\/\/www.bijanton.nl\/eten-in-kaatsheuvel\/\">Essen in Kaatsheuvel<\/a> wird im Bij Anton serviert!    <\/p>\n<h2><strong>Etwas zu feiern?<\/strong><\/h2>\n<p>Haben Sie etwas zu feiern?<br \/>\nIn unserem Restaurant in Kaatsheuvel sind Sie an der richtigen Adresse, um Ihr Jubil\u00e4um, Ihren Geburtstag, Ihre Hochzeit oder einen anderen Meilenstein zu feiern.<br \/>\nLassen Sie Anton wissen, was Sie sich w\u00fcnschen!<br \/>\nEr hat immer Ideen, damit Ihre Feier besonders gem\u00fctlich und besonders wird.<br \/>\nDie Erinnerungen, an die Sie sich sp\u00e4ter erinnern werden, m\u00fcssen Sie jetzt schaffen!    <\/p>\n<h2><strong>Das ganze Jahr \u00fcber genie\u00dfen<\/strong><\/h2>\n<p>Bei Anton&#8217;s k\u00f6nnen Sie sich das ganze Jahr \u00fcber vergn\u00fcgen.<br \/>\nSchauen Sie in Antons Jahreskalender nach, um zu sehen, was Anton genau organisiert.<br \/>\nSie k\u00f6nnen auch einen tollen Abend im benachbarten Theatre in the Klavier verbringen.<br \/>\nKommen Sie zu Anton nach Kaatsheuvel, um vorher einen Happen zu essen oder danach etwas zu trinken?<br \/>\nSie tun Anton damit einen gro\u00dfen Gefallen!    <\/p>\n<\/div>\n<\/section>\n<section class=\"av_textblock_section av-la2jg84e-aac6d6025f2786244c887d43bcee1cba \">\n<div class=\"avia_textblock\">\n<h2><strong>Buchen Sie direkt in unserem Restaurant in Kaatsheuvel<\/strong><\/h2>\n<p><a href=\"https:\/\/www.bijanton.nl\/uit-eten-kaatsheuvel\/\">Essen<\/a> Sie auch gerne <a href=\"https:\/\/www.bijanton.nl\/uit-eten-kaatsheuvel\/\">ausw\u00e4rts in Kaatsheuvel<\/a>?<br \/>\nReservieren Sie gleich Ihren Platz in Antons Restaurant in Kaatsheuvel \u00fcber das Online-Reservierungssystem unten rechts.<br \/>\nNat\u00fcrlich k\u00f6nnen Sie uns auch anrufen unter: <a href=\"tel:+31416205000\">0416-205000<\/a>.<br \/>\nWir werden dann sofort die Reservierung f\u00fcr Sie vornehmen!<br \/>\nAnton hofft, Sie bald in seinem Restaurant in Kaatsheuvel begr\u00fc\u00dfen zu d\u00fcrfen!    <\/p>\n<\/div>\n<\/section>\n\t\t\t\t\t\t\t\t<\/div>\n\t\t\t\t<\/div>\n\t\t\t\t\t<\/div>\n\t\t\t\t<\/div>\n\t\t<div class=\"elementor-element elementor-element-e92003f e-flex e-con-boxed e-con e-parent\" data-id=\"e92003f\" data-element_type=\"container\" data-e-type=\"container\">\n\t\t\t\t\t<div class=\"e-con-inner\">\n\t\t\t\t<div class=\"elementor-element elementor-element-22cf6a2 elementor-widget elementor-widget-html\" data-id=\"22cf6a2\" data-element_type=\"widget\" data-e-type=\"widget\" data-widget_type=\"html.default\">\n\t\t\t\t<div class=\"elementor-widget-container\">\n\t\t\t\t\t<button class=\"container\" onclick=\"_gstpln.openWidget()\">Buchen<\/button>\t\t\t\t<\/div>\n\t\t\t\t<\/div>\n\t\t\t\t\t<\/div>\n\t\t\t\t<\/div>\n\t\t\t\t<\/div>\n\t\t","protected":false},"excerpt":{"rendered":"<p>Essen Sie im leckersten Restaurant in Kaatsheuvel? Kommen Sie zu Bij Anton! Sie suchen das leckerste Restaurant in Kaatsheuvel? Kommen Sie zu Bij Anton! Ob Sie nun etwas zu feiern haben, wie einen Geburtstag oder ein Jubil\u00e4um, bei Anton ist Ihnen ein gelungener Abend garantiert! Anton zaubert die k\u00f6stlichsten Gerichte aus der K\u00fcche oder l\u00e4dt Musikfreunde ein, die die beste [&hellip;]<\/p>\n","protected":false},"author":2,"featured_media":4732,"parent":0,"menu_order":0,"comment_status":"closed","ping_status":"closed","template":"elementor_header_footer","meta":{"footnotes":""},"class_list":["post-5842","page","type-page","status-publish","has-post-thumbnail","hentry"],"yoast_head":"<!-- This site is optimized with the Yoast SEO plugin v27.6 - https:\/\/yoast.com\/product\/yoast-seo-wordpress\/ -->\n<title>Restaurant Kaatsheuvel - Bij Anton<\/title>\n<meta name=\"robots\" content=\"index, follow, max-snippet:-1, max-image-preview:large, max-video-preview:-1\" \/>\n<link rel=\"canonical\" href=\"https:\/\/bijanton.nl\/de\/restaurant-kaatsheuvel\/\" \/>\n<meta property=\"og:locale\" content=\"de_DE\" \/>\n<meta property=\"og:type\" content=\"article\" \/>\n<meta property=\"og:title\" content=\"Restaurant Kaatsheuvel - Bij Anton\" \/>\n<meta property=\"og:description\" content=\"Essen Sie im leckersten Restaurant in Kaatsheuvel? Kommen Sie zu Bij Anton! Sie suchen das leckerste Restaurant in Kaatsheuvel? Kommen Sie zu Bij Anton! Ob Sie nun etwas zu feiern haben, wie einen Geburtstag oder ein Jubil\u00e4um, bei Anton ist Ihnen ein gelungener Abend garantiert! Anton zaubert die k\u00f6stlichsten Gerichte aus der K\u00fcche oder l\u00e4dt Musikfreunde ein, die die beste [&hellip;]\" \/>\n<meta property=\"og:url\" content=\"https:\/\/bijanton.nl\/de\/restaurant-kaatsheuvel\/\" \/>\n<meta property=\"og:site_name\" content=\"Bij Anton\" \/>\n<meta property=\"article:modified_time\" content=\"2024-09-24T12:44:45+00:00\" \/>\n<meta name=\"twitter:card\" content=\"summary_large_image\" \/>\n<meta name=\"twitter:label1\" content=\"Gesch\u00e4tzte Lesezeit\" \/>\n\t<meta name=\"twitter:data1\" content=\"2\u00a0Minuten\" \/>\n<script type=\"application\/ld+json\" class=\"yoast-schema-graph\">{\"@context\":\"https:\\\/\\\/schema.org\",\"@graph\":[{\"@type\":\"WebPage\",\"@id\":\"https:\\\/\\\/bijanton.nl\\\/de\\\/restaurant-kaatsheuvel\\\/\",\"url\":\"https:\\\/\\\/bijanton.nl\\\/de\\\/restaurant-kaatsheuvel\\\/\",\"name\":\"Restaurant Kaatsheuvel - Bij Anton\",\"isPartOf\":{\"@id\":\"https:\\\/\\\/bijanton.nl\\\/#website\"},\"primaryImageOfPage\":{\"@id\":\"https:\\\/\\\/bijanton.nl\\\/de\\\/restaurant-kaatsheuvel\\\/#primaryimage\"},\"image\":{\"@id\":\"https:\\\/\\\/bijanton.nl\\\/de\\\/restaurant-kaatsheuvel\\\/#primaryimage\"},\"thumbnailUrl\":\"https:\\\/\\\/bijanton.nl\\\/wp-content\\\/uploads\\\/2024\\\/05\\\/DSC09677-Welkom.jpg\",\"datePublished\":\"2024-09-12T18:39:38+00:00\",\"dateModified\":\"2024-09-24T12:44:45+00:00\",\"breadcrumb\":{\"@id\":\"https:\\\/\\\/bijanton.nl\\\/de\\\/restaurant-kaatsheuvel\\\/#breadcrumb\"},\"inLanguage\":\"de\",\"potentialAction\":[{\"@type\":\"ReadAction\",\"target\":[\"https:\\\/\\\/bijanton.nl\\\/de\\\/restaurant-kaatsheuvel\\\/\"]}]},{\"@type\":\"ImageObject\",\"inLanguage\":\"de\",\"@id\":\"https:\\\/\\\/bijanton.nl\\\/de\\\/restaurant-kaatsheuvel\\\/#primaryimage\",\"url\":\"https:\\\/\\\/bijanton.nl\\\/wp-content\\\/uploads\\\/2024\\\/05\\\/DSC09677-Welkom.jpg\",\"contentUrl\":\"https:\\\/\\\/bijanton.nl\\\/wp-content\\\/uploads\\\/2024\\\/05\\\/DSC09677-Welkom.jpg\",\"width\":2160,\"height\":1440},{\"@type\":\"BreadcrumbList\",\"@id\":\"https:\\\/\\\/bijanton.nl\\\/de\\\/restaurant-kaatsheuvel\\\/#breadcrumb\",\"itemListElement\":[{\"@type\":\"ListItem\",\"position\":1,\"name\":\"Home\",\"item\":\"https:\\\/\\\/bijanton.nl\\\/de\\\/\"},{\"@type\":\"ListItem\",\"position\":2,\"name\":\"Restaurant Kaatsheuvel\"}]},{\"@type\":\"WebSite\",\"@id\":\"https:\\\/\\\/bijanton.nl\\\/#website\",\"url\":\"https:\\\/\\\/bijanton.nl\\\/\",\"name\":\"Bij Anton\",\"description\":\"\",\"publisher\":{\"@id\":\"https:\\\/\\\/bijanton.nl\\\/#organization\"},\"potentialAction\":[{\"@type\":\"SearchAction\",\"target\":{\"@type\":\"EntryPoint\",\"urlTemplate\":\"https:\\\/\\\/bijanton.nl\\\/?s={search_term_string}\"},\"query-input\":{\"@type\":\"PropertyValueSpecification\",\"valueRequired\":true,\"valueName\":\"search_term_string\"}}],\"inLanguage\":\"de\"},{\"@type\":\"Organization\",\"@id\":\"https:\\\/\\\/bijanton.nl\\\/#organization\",\"name\":\"Bij Anton\",\"url\":\"https:\\\/\\\/bijanton.nl\\\/\",\"logo\":{\"@type\":\"ImageObject\",\"inLanguage\":\"de\",\"@id\":\"https:\\\/\\\/bijanton.nl\\\/#\\\/schema\\\/logo\\\/image\\\/\",\"url\":\"https:\\\/\\\/bijanton.nl\\\/wp-content\\\/uploads\\\/2024\\\/05\\\/Logo_BijAnton2024_Wit@4x.png\",\"contentUrl\":\"https:\\\/\\\/bijanton.nl\\\/wp-content\\\/uploads\\\/2024\\\/05\\\/Logo_BijAnton2024_Wit@4x.png\",\"width\":1323,\"height\":730,\"caption\":\"Bij Anton\"},\"image\":{\"@id\":\"https:\\\/\\\/bijanton.nl\\\/#\\\/schema\\\/logo\\\/image\\\/\"}}]}<\/script>\n<!-- \/ Yoast SEO plugin. -->","yoast_head_json":{"title":"Restaurant Kaatsheuvel - Bij Anton","robots":{"index":"index","follow":"follow","max-snippet":"max-snippet:-1","max-image-preview":"max-image-preview:large","max-video-preview":"max-video-preview:-1"},"canonical":"https:\/\/bijanton.nl\/de\/restaurant-kaatsheuvel\/","og_locale":"de_DE","og_type":"article","og_title":"Restaurant Kaatsheuvel - Bij Anton","og_description":"Essen Sie im leckersten Restaurant in Kaatsheuvel? Kommen Sie zu Bij Anton! Sie suchen das leckerste Restaurant in Kaatsheuvel? Kommen Sie zu Bij Anton! Ob Sie nun etwas zu feiern haben, wie einen Geburtstag oder ein Jubil\u00e4um, bei Anton ist Ihnen ein gelungener Abend garantiert! Anton zaubert die k\u00f6stlichsten Gerichte aus der K\u00fcche oder l\u00e4dt Musikfreunde ein, die die beste [&hellip;]","og_url":"https:\/\/bijanton.nl\/de\/restaurant-kaatsheuvel\/","og_site_name":"Bij Anton","article_modified_time":"2024-09-24T12:44:45+00:00","twitter_card":"summary_large_image","twitter_misc":{"Gesch\u00e4tzte Lesezeit":"2\u00a0Minuten"},"schema":{"@context":"https:\/\/schema.org","@graph":[{"@type":"WebPage","@id":"https:\/\/bijanton.nl\/de\/restaurant-kaatsheuvel\/","url":"https:\/\/bijanton.nl\/de\/restaurant-kaatsheuvel\/","name":"Restaurant Kaatsheuvel - Bij Anton","isPartOf":{"@id":"https:\/\/bijanton.nl\/#website"},"primaryImageOfPage":{"@id":"https:\/\/bijanton.nl\/de\/restaurant-kaatsheuvel\/#primaryimage"},"image":{"@id":"https:\/\/bijanton.nl\/de\/restaurant-kaatsheuvel\/#primaryimage"},"thumbnailUrl":"https:\/\/bijanton.nl\/wp-content\/uploads\/2024\/05\/DSC09677-Welkom.jpg","datePublished":"2024-09-12T18:39:38+00:00","dateModified":"2024-09-24T12:44:45+00:00","breadcrumb":{"@id":"https:\/\/bijanton.nl\/de\/restaurant-kaatsheuvel\/#breadcrumb"},"inLanguage":"de","potentialAction":[{"@type":"ReadAction","target":["https:\/\/bijanton.nl\/de\/restaurant-kaatsheuvel\/"]}]},{"@type":"ImageObject","inLanguage":"de","@id":"https:\/\/bijanton.nl\/de\/restaurant-kaatsheuvel\/#primaryimage","url":"https:\/\/bijanton.nl\/wp-content\/uploads\/2024\/05\/DSC09677-Welkom.jpg","contentUrl":"https:\/\/bijanton.nl\/wp-content\/uploads\/2024\/05\/DSC09677-Welkom.jpg","width":2160,"height":1440},{"@type":"BreadcrumbList","@id":"https:\/\/bijanton.nl\/de\/restaurant-kaatsheuvel\/#breadcrumb","itemListElement":[{"@type":"ListItem","position":1,"name":"Home","item":"https:\/\/bijanton.nl\/de\/"},{"@type":"ListItem","position":2,"name":"Restaurant Kaatsheuvel"}]},{"@type":"WebSite","@id":"https:\/\/bijanton.nl\/#website","url":"https:\/\/bijanton.nl\/","name":"Bij Anton","description":"","publisher":{"@id":"https:\/\/bijanton.nl\/#organization"},"potentialAction":[{"@type":"SearchAction","target":{"@type":"EntryPoint","urlTemplate":"https:\/\/bijanton.nl\/?s={search_term_string}"},"query-input":{"@type":"PropertyValueSpecification","valueRequired":true,"valueName":"search_term_string"}}],"inLanguage":"de"},{"@type":"Organization","@id":"https:\/\/bijanton.nl\/#organization","name":"Bij Anton","url":"https:\/\/bijanton.nl\/","logo":{"@type":"ImageObject","inLanguage":"de","@id":"https:\/\/bijanton.nl\/#\/schema\/logo\/image\/","url":"https:\/\/bijanton.nl\/wp-content\/uploads\/2024\/05\/Logo_BijAnton2024_Wit@4x.png","contentUrl":"https:\/\/bijanton.nl\/wp-content\/uploads\/2024\/05\/Logo_BijAnton2024_Wit@4x.png","width":1323,"height":730,"caption":"Bij Anton"},"image":{"@id":"https:\/\/bijanton.nl\/#\/schema\/logo\/image\/"}}]}},"_links":{"self":[{"href":"https:\/\/bijanton.nl\/de\/wp-json\/wp\/v2\/pages\/5842","targetHints":{"allow":["GET"]}}],"collection":[{"href":"https:\/\/bijanton.nl\/de\/wp-json\/wp\/v2\/pages"}],"about":[{"href":"https:\/\/bijanton.nl\/de\/wp-json\/wp\/v2\/types\/page"}],"author":[{"embeddable":true,"href":"https:\/\/bijanton.nl\/de\/wp-json\/wp\/v2\/users\/2"}],"replies":[{"embeddable":true,"href":"https:\/\/bijanton.nl\/de\/wp-json\/wp\/v2\/comments?post=5842"}],"version-history":[{"count":0,"href":"https:\/\/bijanton.nl\/de\/wp-json\/wp\/v2\/pages\/5842\/revisions"}],"wp:featuredmedia":[{"embeddable":true,"href":"https:\/\/bijanton.nl\/de\/wp-json\/wp\/v2\/media\/4732"}],"wp:attachment":[{"href":"https:\/\/bijanton.nl\/de\/wp-json\/wp\/v2\/media?parent=5842"}],"curies":[{"name":"wp","href":"https:\/\/api.w.org\/{rel}","templated":true}]}}