{"id":5832,"date":"2024-09-12T20:39:37","date_gmt":"2024-09-12T18:39:37","guid":{"rendered":"https:\/\/v2.bijanton.nl\/essen-gehen-in-kaatsheuvel-2\/"},"modified":"2024-09-24T14:44:53","modified_gmt":"2024-09-24T12:44:53","slug":"essen-gehen-in-kaatsheuvel-2","status":"publish","type":"page","link":"https:\/\/bijanton.nl\/de\/essen-gehen-in-kaatsheuvel-2\/","title":{"rendered":"Essen gehen in Kaatsheuvel"},"content":{"rendered":"\t\t<div data-elementor-type=\"wp-page\" data-elementor-id=\"5832\" class=\"elementor elementor-5832 elementor-5774\" data-elementor-post-type=\"page\">\n\t\t\t\t<div class=\"elementor-element elementor-element-5252081 e-con-full e-flex e-con e-parent\" data-id=\"5252081\" data-element_type=\"container\" data-e-type=\"container\" data-settings=\"{&quot;background_background&quot;:&quot;classic&quot;}\">\n\t\t\t\t<div class=\"elementor-element elementor-element-bbec4bb elementor-widget elementor-widget-heading\" data-id=\"bbec4bb\" data-element_type=\"widget\" data-e-type=\"widget\" data-widget_type=\"heading.default\">\n\t\t\t\t<div class=\"elementor-widget-container\">\n\t\t\t\t\t<h1 class=\"elementor-heading-title elementor-size-default\">Essen gehen in Kaatsheuvel<\/h1>\t\t\t\t<\/div>\n\t\t\t\t<\/div>\n\t\t\t\t<\/div>\n\t\t<div class=\"elementor-element elementor-element-5e0aed75 e-flex e-con-boxed e-con e-parent\" data-id=\"5e0aed75\" data-element_type=\"container\" data-e-type=\"container\">\n\t\t\t\t\t<div class=\"e-con-inner\">\n\t\t\t\t<div class=\"elementor-element elementor-element-c009e95 elementor-widget elementor-widget-text-editor\" data-id=\"c009e95\" data-element_type=\"widget\" data-e-type=\"widget\" data-widget_type=\"text-editor.default\">\n\t\t\t\t<div class=\"elementor-widget-container\">\n\t\t\t\t\t\t\t\t\t<h2>Essen gehen in Kaatsheuvel?<br \/>\nBij Anton bietet die k\u00f6stlichsten Men\u00fcs <strong><br \/><\/strong><\/h2>\n<section class=\"av_textblock_section av-la2iwqrj-739c6bbfb7bb4d77ad8fd093ae48ce91 \">\n<div class=\"avia_textblock\">\n<p>Essen gehen in Kaatsheuvel?<br \/>\nBij Anton bietet die k\u00f6stlichsten Men\u00fcs!<br \/>\nWir sind nicht umsonst eines der besten <a href=\"https:\/\/www.bijanton.nl\/restaurants-omgeving-kaatsheuvel\/\">Restaurants in der Umgebung von Kaatsheuvel<\/a>.<br \/>\nGanz gleich, ob Sie ein nettes Abendessen, eine Tasse Kaffee oder etwas zu feiern haben, Anton sorgt daf\u00fcr, dass Sie immer zufrieden nach Hause gehen.<br \/>\nBij Anton zaubert die leckersten Gerichte und l\u00e4dt regelm\u00e4\u00dfig Musikfreunde ein, um den Abend mit Live-Musik zu f\u00fcllen.<br \/>\nAnton serviert die leckersten Snacks und Getr\u00e4nke und verf\u00fcgt \u00fcber einen gut sortierten Bier- und Weinkeller.<br \/>\nUnsere Bitterballen sind in Kaatsheuvel wirklich ber\u00fchmt.<br \/>\nUnd wenn das Wetter sch\u00f6n ist, k\u00f6nnen Sie unsere attraktive Terrasse genie\u00dfen.<br \/>\nBei uns werden die Kinder ein bisschen mehr verw\u00f6hnt.<br \/>\nDie spezielle Kinderkarte ist voll von lustigen M\u00e4rchen und spannenden Geschichten.<br \/>\nAnton hat auch viele leckere Men\u00fcs f\u00fcr Kinder im Angebot.<br \/>\nEssen Sie im Anton&#8217;s in Kaatsheuvel und reservieren Sie gleich einen Platz oder lesen Sie weiter f\u00fcr weitere Informationen.           <\/p>\n<\/div>\n<\/section>\n<div class=\"avia-button-wrap av-la2jmtpw-c10f220670111295d683cb0cea3aaf86-wrap avia-button-left avia-builder-el-3 el_after_av_textblock el_before_av_textblock \"> <\/div>\n\t\t\t\t\t\t\t\t<\/div>\n\t\t\t\t<\/div>\n\t\t\t\t\t<\/div>\n\t\t\t\t<\/div>\n\t\t<div class=\"elementor-element elementor-element-0ac698c e-flex e-con-boxed e-con e-parent\" data-id=\"0ac698c\" data-element_type=\"container\" data-e-type=\"container\">\n\t\t\t\t\t<div class=\"e-con-inner\">\n\t\t\t\t<div class=\"elementor-element elementor-element-7caeec7 elementor-widget elementor-widget-html\" data-id=\"7caeec7\" data-element_type=\"widget\" data-e-type=\"widget\" data-widget_type=\"html.default\">\n\t\t\t\t<div class=\"elementor-widget-container\">\n\t\t\t\t\t<button class=\"redcontainer\" onclick=\"_gstpln.openWidget()\">Buchen<\/button>\t\t\t\t<\/div>\n\t\t\t\t<\/div>\n\t\t\t\t\t<\/div>\n\t\t\t\t<\/div>\n\t\t<div class=\"elementor-element elementor-element-4265cbd e-flex e-con-boxed e-con e-parent\" data-id=\"4265cbd\" data-element_type=\"container\" data-e-type=\"container\">\n\t\t\t\t\t<div class=\"e-con-inner\">\n\t\t\t\t<div class=\"elementor-element elementor-element-1a38445 elementor-widget elementor-widget-text-editor\" data-id=\"1a38445\" data-element_type=\"widget\" data-e-type=\"widget\" data-widget_type=\"text-editor.default\">\n\t\t\t\t<div class=\"elementor-widget-container\">\n\t\t\t\t\t\t\t\t\t<h3><strong>Unser Men\u00fc<\/strong><\/h3>\n<p>Essen Sie in Kaatsheuvel bei Anton&#8217;s, denn Anton hat die umfangreichste Speisekarte.<br \/>\nOb Sie nun zu Mittag, zum Brunch, zum Abendessen oder abends die k\u00f6stlichsten Snacks und Getr\u00e4nke genie\u00dfen m\u00f6chten, Anton ist f\u00fcr Sie bereit!<br \/>\nAuch f\u00fcr die Kinder gibt es bei Anton mehr als genug Auswahl.<br \/>\nWerfen Sie einen Blick auf die verschiedenen Men\u00fcs und finden Sie heraus, welche Gerichte Ihnen am meisten zusagen.<br \/>\nIn unserem gem\u00fctlichen <a href=\"https:\/\/www.bijanton.nl\/restaurant-kaatsheuvel\/\">Restaurant in Kaatsheuvel<\/a> ist kein Tag wie der andere.    <\/p>\n<h3><strong>Feiern Sie Ihren Meilenstein bei Anton<\/strong><\/h3>\n<p>Haben Sie eine besondere Feier, wie einen Geburtstag, eine Hochzeit oder ein Jubil\u00e4um?<br \/>\nEssen Sie in Kaatsheuvel bei Anton zu Abend, damit Anton Ihnen das Sahneh\u00e4ubchen auf den Kuchen setzen kann!<br \/>\nAnton hat ein offenes Ohr f\u00fcr Ihre W\u00fcnsche und immer eine Idee, wie Sie Ihre Feier noch ein bisschen spezieller gestalten k\u00f6nnen.<br \/>\nSchaffen Sie sich die sch\u00f6nsten Erinnerungen und feiern Sie Ihren Meilenstein bei Anton&#8217;s!   <\/p>\n<h3><strong>Das ganze Jahr \u00fcber genie\u00dfen<\/strong><\/h3>\n<p>Bei Anton&#8217;s am\u00fcsiert man sich das ganze Jahr \u00fcber.<br \/>\nAuf Antons Jahreskalender k\u00f6nnen Sie immer sofort sehen, welchen Spa\u00df Anton organisiert.<br \/>\nSie k\u00f6nnen auch gerne nebenan ausgehen, ins Theater am Klavier.<br \/>\nAnton w\u00fcrde sich freuen, wenn Sie vorher zu einem Essen oder nachher zu einem Drink in sein Restaurant in Kaatsheuvel kommen.   <\/p>\n<h3><strong>Essen Sie in Kaatsheuvel bei Anton&#8217;s<\/strong><\/h3>\n<p>Essen gehen in Kaatsheuvel?<br \/>\nReservieren Sie gleich Ihren Platz bei Anton&#8217;s.<br \/>\nSie k\u00f6nnen dies \u00fcber das Reservierungssystem unten rechts tun oder telefonisch unter: <a href=\"tel:+31416205000\">0416-205000<\/a>.<br \/>\nWir tragen Sie dann sofort in den Terminkalender ein!<br \/>\nEssen Sie bei Anton&#8217;s in Kaatsheuvel zu Abend und genie\u00dfen Sie den besten Abend Ihres Lebens!    <\/p>\n\t\t\t\t\t\t\t\t<\/div>\n\t\t\t\t<\/div>\n\t\t\t\t\t<\/div>\n\t\t\t\t<\/div>\n\t\t<div class=\"elementor-element elementor-element-e92003f e-flex e-con-boxed e-con e-parent\" data-id=\"e92003f\" data-element_type=\"container\" data-e-type=\"container\">\n\t\t\t\t\t<div class=\"e-con-inner\">\n\t\t\t\t<div class=\"elementor-element elementor-element-22cf6a2 elementor-widget elementor-widget-html\" data-id=\"22cf6a2\" data-element_type=\"widget\" data-e-type=\"widget\" data-widget_type=\"html.default\">\n\t\t\t\t<div class=\"elementor-widget-container\">\n\t\t\t\t\t<button class=\"container\" onclick=\"_gstpln.openWidget()\">Buchen<\/button>\t\t\t\t<\/div>\n\t\t\t\t<\/div>\n\t\t\t\t\t<\/div>\n\t\t\t\t<\/div>\n\t\t\t\t<\/div>\n\t\t","protected":false},"excerpt":{"rendered":"<p>Essen gehen in Kaatsheuvel? Bij Anton bietet die k\u00f6stlichsten Men\u00fcs Essen gehen in Kaatsheuvel? Bij Anton bietet die k\u00f6stlichsten Men\u00fcs! Wir sind nicht umsonst eines der besten Restaurants in der Umgebung von Kaatsheuvel. Ganz gleich, ob Sie ein nettes Abendessen, eine Tasse Kaffee oder etwas zu feiern haben, Anton sorgt daf\u00fcr, dass Sie immer zufrieden nach Hause gehen. Bij Anton [&hellip;]<\/p>\n","protected":false},"author":2,"featured_media":4720,"parent":0,"menu_order":0,"comment_status":"closed","ping_status":"closed","template":"elementor_header_footer","meta":{"footnotes":""},"class_list":["post-5832","page","type-page","status-publish","has-post-thumbnail","hentry"],"yoast_head":"<!-- This site is optimized with the Yoast SEO plugin v27.5 - https:\/\/yoast.com\/product\/yoast-seo-wordpress\/ -->\n<title>Essen gehen in Kaatsheuvel - Bij Anton<\/title>\n<meta name=\"robots\" content=\"index, follow, max-snippet:-1, max-image-preview:large, max-video-preview:-1\" \/>\n<link rel=\"canonical\" href=\"https:\/\/bijanton.nl\/de\/essen-gehen-in-kaatsheuvel-2\/\" \/>\n<meta property=\"og:locale\" content=\"de_DE\" \/>\n<meta property=\"og:type\" content=\"article\" \/>\n<meta property=\"og:title\" content=\"Essen gehen in Kaatsheuvel - Bij Anton\" \/>\n<meta property=\"og:description\" content=\"Essen gehen in Kaatsheuvel? Bij Anton bietet die k\u00f6stlichsten Men\u00fcs Essen gehen in Kaatsheuvel? Bij Anton bietet die k\u00f6stlichsten Men\u00fcs! Wir sind nicht umsonst eines der besten Restaurants in der Umgebung von Kaatsheuvel. Ganz gleich, ob Sie ein nettes Abendessen, eine Tasse Kaffee oder etwas zu feiern haben, Anton sorgt daf\u00fcr, dass Sie immer zufrieden nach Hause gehen. Bij Anton [&hellip;]\" \/>\n<meta property=\"og:url\" content=\"https:\/\/bijanton.nl\/de\/essen-gehen-in-kaatsheuvel-2\/\" \/>\n<meta property=\"og:site_name\" content=\"Bij Anton\" \/>\n<meta property=\"article:modified_time\" content=\"2024-09-24T12:44:53+00:00\" \/>\n<meta name=\"twitter:card\" content=\"summary_large_image\" \/>\n<meta name=\"twitter:label1\" content=\"Gesch\u00e4tzte Lesezeit\" \/>\n\t<meta name=\"twitter:data1\" content=\"2\u00a0Minuten\" \/>\n<script type=\"application\/ld+json\" class=\"yoast-schema-graph\">{\"@context\":\"https:\\\/\\\/schema.org\",\"@graph\":[{\"@type\":\"WebPage\",\"@id\":\"https:\\\/\\\/bijanton.nl\\\/de\\\/essen-gehen-in-kaatsheuvel-2\\\/\",\"url\":\"https:\\\/\\\/bijanton.nl\\\/de\\\/essen-gehen-in-kaatsheuvel-2\\\/\",\"name\":\"Essen gehen in Kaatsheuvel - Bij Anton\",\"isPartOf\":{\"@id\":\"https:\\\/\\\/bijanton.nl\\\/#website\"},\"primaryImageOfPage\":{\"@id\":\"https:\\\/\\\/bijanton.nl\\\/de\\\/essen-gehen-in-kaatsheuvel-2\\\/#primaryimage\"},\"image\":{\"@id\":\"https:\\\/\\\/bijanton.nl\\\/de\\\/essen-gehen-in-kaatsheuvel-2\\\/#primaryimage\"},\"thumbnailUrl\":\"https:\\\/\\\/bijanton.nl\\\/wp-content\\\/uploads\\\/2024\\\/05\\\/DSC09476.jpg\",\"datePublished\":\"2024-09-12T18:39:37+00:00\",\"dateModified\":\"2024-09-24T12:44:53+00:00\",\"breadcrumb\":{\"@id\":\"https:\\\/\\\/bijanton.nl\\\/de\\\/essen-gehen-in-kaatsheuvel-2\\\/#breadcrumb\"},\"inLanguage\":\"de\",\"potentialAction\":[{\"@type\":\"ReadAction\",\"target\":[\"https:\\\/\\\/bijanton.nl\\\/de\\\/essen-gehen-in-kaatsheuvel-2\\\/\"]}]},{\"@type\":\"ImageObject\",\"inLanguage\":\"de\",\"@id\":\"https:\\\/\\\/bijanton.nl\\\/de\\\/essen-gehen-in-kaatsheuvel-2\\\/#primaryimage\",\"url\":\"https:\\\/\\\/bijanton.nl\\\/wp-content\\\/uploads\\\/2024\\\/05\\\/DSC09476.jpg\",\"contentUrl\":\"https:\\\/\\\/bijanton.nl\\\/wp-content\\\/uploads\\\/2024\\\/05\\\/DSC09476.jpg\",\"width\":1440,\"height\":2160,\"caption\":\"Bij Anton restaurant Kaatsheuvel\"},{\"@type\":\"BreadcrumbList\",\"@id\":\"https:\\\/\\\/bijanton.nl\\\/de\\\/essen-gehen-in-kaatsheuvel-2\\\/#breadcrumb\",\"itemListElement\":[{\"@type\":\"ListItem\",\"position\":1,\"name\":\"Home\",\"item\":\"https:\\\/\\\/bijanton.nl\\\/de\\\/\"},{\"@type\":\"ListItem\",\"position\":2,\"name\":\"Essen gehen in Kaatsheuvel\"}]},{\"@type\":\"WebSite\",\"@id\":\"https:\\\/\\\/bijanton.nl\\\/#website\",\"url\":\"https:\\\/\\\/bijanton.nl\\\/\",\"name\":\"Bij Anton\",\"description\":\"\",\"publisher\":{\"@id\":\"https:\\\/\\\/bijanton.nl\\\/#organization\"},\"potentialAction\":[{\"@type\":\"SearchAction\",\"target\":{\"@type\":\"EntryPoint\",\"urlTemplate\":\"https:\\\/\\\/bijanton.nl\\\/?s={search_term_string}\"},\"query-input\":{\"@type\":\"PropertyValueSpecification\",\"valueRequired\":true,\"valueName\":\"search_term_string\"}}],\"inLanguage\":\"de\"},{\"@type\":\"Organization\",\"@id\":\"https:\\\/\\\/bijanton.nl\\\/#organization\",\"name\":\"Bij Anton\",\"url\":\"https:\\\/\\\/bijanton.nl\\\/\",\"logo\":{\"@type\":\"ImageObject\",\"inLanguage\":\"de\",\"@id\":\"https:\\\/\\\/bijanton.nl\\\/#\\\/schema\\\/logo\\\/image\\\/\",\"url\":\"https:\\\/\\\/bijanton.nl\\\/wp-content\\\/uploads\\\/2024\\\/05\\\/Logo_BijAnton2024_Wit@4x.png\",\"contentUrl\":\"https:\\\/\\\/bijanton.nl\\\/wp-content\\\/uploads\\\/2024\\\/05\\\/Logo_BijAnton2024_Wit@4x.png\",\"width\":1323,\"height\":730,\"caption\":\"Bij Anton\"},\"image\":{\"@id\":\"https:\\\/\\\/bijanton.nl\\\/#\\\/schema\\\/logo\\\/image\\\/\"}}]}<\/script>\n<!-- \/ Yoast SEO plugin. -->","yoast_head_json":{"title":"Essen gehen in Kaatsheuvel - Bij Anton","robots":{"index":"index","follow":"follow","max-snippet":"max-snippet:-1","max-image-preview":"max-image-preview:large","max-video-preview":"max-video-preview:-1"},"canonical":"https:\/\/bijanton.nl\/de\/essen-gehen-in-kaatsheuvel-2\/","og_locale":"de_DE","og_type":"article","og_title":"Essen gehen in Kaatsheuvel - Bij Anton","og_description":"Essen gehen in Kaatsheuvel? Bij Anton bietet die k\u00f6stlichsten Men\u00fcs Essen gehen in Kaatsheuvel? Bij Anton bietet die k\u00f6stlichsten Men\u00fcs! Wir sind nicht umsonst eines der besten Restaurants in der Umgebung von Kaatsheuvel. Ganz gleich, ob Sie ein nettes Abendessen, eine Tasse Kaffee oder etwas zu feiern haben, Anton sorgt daf\u00fcr, dass Sie immer zufrieden nach Hause gehen. Bij Anton [&hellip;]","og_url":"https:\/\/bijanton.nl\/de\/essen-gehen-in-kaatsheuvel-2\/","og_site_name":"Bij Anton","article_modified_time":"2024-09-24T12:44:53+00:00","twitter_card":"summary_large_image","twitter_misc":{"Gesch\u00e4tzte Lesezeit":"2\u00a0Minuten"},"schema":{"@context":"https:\/\/schema.org","@graph":[{"@type":"WebPage","@id":"https:\/\/bijanton.nl\/de\/essen-gehen-in-kaatsheuvel-2\/","url":"https:\/\/bijanton.nl\/de\/essen-gehen-in-kaatsheuvel-2\/","name":"Essen gehen in Kaatsheuvel - Bij Anton","isPartOf":{"@id":"https:\/\/bijanton.nl\/#website"},"primaryImageOfPage":{"@id":"https:\/\/bijanton.nl\/de\/essen-gehen-in-kaatsheuvel-2\/#primaryimage"},"image":{"@id":"https:\/\/bijanton.nl\/de\/essen-gehen-in-kaatsheuvel-2\/#primaryimage"},"thumbnailUrl":"https:\/\/bijanton.nl\/wp-content\/uploads\/2024\/05\/DSC09476.jpg","datePublished":"2024-09-12T18:39:37+00:00","dateModified":"2024-09-24T12:44:53+00:00","breadcrumb":{"@id":"https:\/\/bijanton.nl\/de\/essen-gehen-in-kaatsheuvel-2\/#breadcrumb"},"inLanguage":"de","potentialAction":[{"@type":"ReadAction","target":["https:\/\/bijanton.nl\/de\/essen-gehen-in-kaatsheuvel-2\/"]}]},{"@type":"ImageObject","inLanguage":"de","@id":"https:\/\/bijanton.nl\/de\/essen-gehen-in-kaatsheuvel-2\/#primaryimage","url":"https:\/\/bijanton.nl\/wp-content\/uploads\/2024\/05\/DSC09476.jpg","contentUrl":"https:\/\/bijanton.nl\/wp-content\/uploads\/2024\/05\/DSC09476.jpg","width":1440,"height":2160,"caption":"Bij Anton restaurant Kaatsheuvel"},{"@type":"BreadcrumbList","@id":"https:\/\/bijanton.nl\/de\/essen-gehen-in-kaatsheuvel-2\/#breadcrumb","itemListElement":[{"@type":"ListItem","position":1,"name":"Home","item":"https:\/\/bijanton.nl\/de\/"},{"@type":"ListItem","position":2,"name":"Essen gehen in Kaatsheuvel"}]},{"@type":"WebSite","@id":"https:\/\/bijanton.nl\/#website","url":"https:\/\/bijanton.nl\/","name":"Bij Anton","description":"","publisher":{"@id":"https:\/\/bijanton.nl\/#organization"},"potentialAction":[{"@type":"SearchAction","target":{"@type":"EntryPoint","urlTemplate":"https:\/\/bijanton.nl\/?s={search_term_string}"},"query-input":{"@type":"PropertyValueSpecification","valueRequired":true,"valueName":"search_term_string"}}],"inLanguage":"de"},{"@type":"Organization","@id":"https:\/\/bijanton.nl\/#organization","name":"Bij Anton","url":"https:\/\/bijanton.nl\/","logo":{"@type":"ImageObject","inLanguage":"de","@id":"https:\/\/bijanton.nl\/#\/schema\/logo\/image\/","url":"https:\/\/bijanton.nl\/wp-content\/uploads\/2024\/05\/Logo_BijAnton2024_Wit@4x.png","contentUrl":"https:\/\/bijanton.nl\/wp-content\/uploads\/2024\/05\/Logo_BijAnton2024_Wit@4x.png","width":1323,"height":730,"caption":"Bij Anton"},"image":{"@id":"https:\/\/bijanton.nl\/#\/schema\/logo\/image\/"}}]}},"_links":{"self":[{"href":"https:\/\/bijanton.nl\/de\/wp-json\/wp\/v2\/pages\/5832","targetHints":{"allow":["GET"]}}],"collection":[{"href":"https:\/\/bijanton.nl\/de\/wp-json\/wp\/v2\/pages"}],"about":[{"href":"https:\/\/bijanton.nl\/de\/wp-json\/wp\/v2\/types\/page"}],"author":[{"embeddable":true,"href":"https:\/\/bijanton.nl\/de\/wp-json\/wp\/v2\/users\/2"}],"replies":[{"embeddable":true,"href":"https:\/\/bijanton.nl\/de\/wp-json\/wp\/v2\/comments?post=5832"}],"version-history":[{"count":0,"href":"https:\/\/bijanton.nl\/de\/wp-json\/wp\/v2\/pages\/5832\/revisions"}],"wp:featuredmedia":[{"embeddable":true,"href":"https:\/\/bijanton.nl\/de\/wp-json\/wp\/v2\/media\/4720"}],"wp:attachment":[{"href":"https:\/\/bijanton.nl\/de\/wp-json\/wp\/v2\/media?parent=5832"}],"curies":[{"name":"wp","href":"https:\/\/api.w.org\/{rel}","templated":true}]}}