{"id":5827,"date":"2024-09-12T20:39:36","date_gmt":"2024-09-12T18:39:36","guid":{"rendered":"https:\/\/v2.bijanton.nl\/essen-gehen-in-kaatsheuvel\/"},"modified":"2024-09-24T14:29:13","modified_gmt":"2024-09-24T12:29:13","slug":"essen-gehen-in-kaatsheuvel","status":"publish","type":"page","link":"https:\/\/bijanton.nl\/de\/essen-gehen-in-kaatsheuvel\/","title":{"rendered":"Essen gehen in Kaatsheuvel"},"content":{"rendered":"\t\t<div data-elementor-type=\"wp-page\" data-elementor-id=\"5827\" class=\"elementor elementor-5827 elementor-1978\" data-elementor-post-type=\"page\">\n\t\t\t\t<div class=\"elementor-element elementor-element-5252081 e-con-full e-flex e-con e-parent\" data-id=\"5252081\" data-element_type=\"container\" data-e-type=\"container\" data-settings=\"{&quot;background_background&quot;:&quot;classic&quot;}\">\n\t\t\t\t<div class=\"elementor-element elementor-element-bbec4bb elementor-widget elementor-widget-heading\" data-id=\"bbec4bb\" data-element_type=\"widget\" data-e-type=\"widget\" data-widget_type=\"heading.default\">\n\t\t\t\t<div class=\"elementor-widget-container\">\n\t\t\t\t\t<h1 class=\"elementor-heading-title elementor-size-default\">Essen gehen in Kaatsheuvel<\/h1>\t\t\t\t<\/div>\n\t\t\t\t<\/div>\n\t\t\t\t<\/div>\n\t\t<div class=\"elementor-element elementor-element-5e0aed75 e-flex e-con-boxed e-con e-parent\" data-id=\"5e0aed75\" data-element_type=\"container\" data-e-type=\"container\">\n\t\t\t\t\t<div class=\"e-con-inner\">\n\t\t\t\t<div class=\"elementor-element elementor-element-c009e95 elementor-widget elementor-widget-text-editor\" data-id=\"c009e95\" data-element_type=\"widget\" data-e-type=\"widget\" data-widget_type=\"text-editor.default\">\n\t\t\t\t<div class=\"elementor-widget-container\">\n\t\t\t\t\t\t\t\t\t<h2>Leckeres Essen in Kaatsheuvel?<br \/>\nKommen Sie zum Mittag- oder Abendessen zu Anton&#8217;s! <\/h2>\n<p>M\u00f6chten Sie in Kaatsheuvel gut essen?<br \/>\nBei Anton&#8217;s k\u00f6nnen Sie zu Mittag und zu Abend essen.<br \/>\nWenn Sie eine sch\u00f6ne Tasse Kaffee, einen Drink am Abend oder etwas zum Feiern m\u00f6chten, sind Sie bei Anton ebenfalls an der richtigen Adresse.<br \/>\nWenn Sie bei Anton&#8217;s sind, f\u00e4llt Ihnen sofort die gem\u00fctliche Atmosph\u00e4re auf!<br \/>\nAnton zaubert die k\u00f6stlichsten Gerichte, so dass das Essen in Kaatsheuvel sehr angenehm ist.<br \/>\nAu\u00dferdem kommen regelm\u00e4\u00dfig Musikfreunde vorbei und verw\u00f6hnen Sie mit einem Abend mit Live-Musik.<br \/>\nAnton hat einen gut sortierten Keller mit den leckersten Bieren und Weinen und serviert allerlei leckere Snacks und Getr\u00e4nke.<br \/>\nUnsere Bitterballen sind sogar in der Gegend ber\u00fchmt.<br \/>\nUnd wenn das Wetter sch\u00f6n ist, k\u00f6nnen Sie drau\u00dfen auf unserer gem\u00fctlichen Terrasse sitzen.<br \/>\n<br \/>In unserem <a href=\"https:\/\/bijanton.nl\/de\/restaurant-kaatsheuvel\/\">Restaurant in Kaatsheuvel<\/a> verw\u00f6hnen wir die Kinder ein bisschen mehr. F\u00fcr die Kleinen haben wir viele Leckereien auf unseren speziellen Kindermen\u00fcs.<br \/>\nDie spannendsten Geschichten und M\u00e4rchen stehen auch auf diesen Men\u00fcs.<br \/>\nKommen Sie zum Essen ins Anton&#8217;s in Kaatsheuvel und reservieren Sie jetzt oder lesen Sie weiter, um mehr zu erfahren.Buchen Sie jetzt!           <\/p>\n\t\t\t\t\t\t\t\t<\/div>\n\t\t\t\t<\/div>\n\t\t<div class=\"elementor-element elementor-element-e442770 e-con-full e-flex e-con e-child\" data-id=\"e442770\" data-element_type=\"container\" data-e-type=\"container\">\n\t\t\t\t<div class=\"elementor-element elementor-element-40eca8d elementor-widget elementor-widget-html\" data-id=\"40eca8d\" data-element_type=\"widget\" data-e-type=\"widget\" data-widget_type=\"html.default\">\n\t\t\t\t<div class=\"elementor-widget-container\">\n\t\t\t\t\t<button class=\"redcontainer\" onclick=\"_gstpln.openWidget()\">Buchen<\/button>\t\t\t\t<\/div>\n\t\t\t\t<\/div>\n\t\t\t\t<\/div>\n\t\t\t\t\t<\/div>\n\t\t\t\t<\/div>\n\t\t<div class=\"elementor-element elementor-element-fdf0e87 e-flex e-con-boxed e-con e-parent\" data-id=\"fdf0e87\" data-element_type=\"container\" data-e-type=\"container\">\n\t\t\t\t\t<div class=\"e-con-inner\">\n\t\t\t\t<div class=\"elementor-element elementor-element-62761e8 elementor-widget elementor-widget-text-editor\" data-id=\"62761e8\" data-element_type=\"widget\" data-e-type=\"widget\" data-widget_type=\"text-editor.default\">\n\t\t\t\t<div class=\"elementor-widget-container\">\n\t\t\t\t\t\t\t\t\t<h3><strong>Entdecken Sie unsere Gerichte<\/strong><\/h3>\n<p>Essen Sie bei Anton&#8217;s in Kaatsheuvel, denn wir bieten Ihnen die umfangreichsten Gerichte. Ob Sie nun ein sch\u00f6nes Mittagessen, ausgiebige Drinks oder ein Abendessen w\u00fcnschen oder andere Pl\u00e4ne haben, Anton bietet Ihnen viele M\u00f6glichkeiten!<br \/>\nWir haben auch ein umfangreiches Angebot an Men\u00fcs und Aktivit\u00e4ten f\u00fcr die Kinder.<br \/>\n<br \/>Werfen Sie einen Blick auf unsere Gerichte auf unseren verschiedenen Speisekarten, um sich einen Eindruck zu verschaffen. Ausgehen in Kaatsheuvel bei Anton&#8217;s ist immer eine gute Idee!  <\/p>\n<h3><strong>Feiern Sie Ihre Highlights mit Anton<\/strong><\/h3>\n<p>M\u00f6chten Sie in Kaatsheuvel bei Anton&#8217;s nicht nur essen, sondern auch kommen und Ihren H\u00f6hepunkt oder Meilenstein feiern?<br \/>\nOb Sie nun einen Geburtstag, eine Hochzeit, ein Jubil\u00e4um oder etwas anderes zu feiern haben, Sie sind bei Anton&#8217;s herzlich willkommen.<br \/>\nAnton wird f\u00fcr eine unvergessliche Feier sorgen.<br \/>\nTeilen Sie uns einfach Ihre W\u00fcnsche mit, damit Anton sie umsetzen kann.<br \/>\nAuf diese Weise k\u00f6nnen Sie sicher sein, dass Ihr besonderer Moment in Antons <a href=\"https:\/\/bijanton.nl\/de\/restaurant-kaatsheuvel\/\">Restaurant in Kaatsheuvel<\/a> ganz Ihren W\u00fcnschen entspricht.    <\/p>\n<h3><strong>Das ganze Jahr \u00fcber genie\u00dfen<\/strong><\/h3>\n<p>Neben dem Essen in Kaatsheuvel k\u00f6nnen Sie bei Anton&#8217;s das ganze Jahr \u00fcber genie\u00dfen.<br \/>\nZu diesem Zweck hat Anton einen speziellen Jahreskalender auf seiner Website.<br \/>\nWenn Sie darauf klicken, sehen Sie genau, welche Veranstaltungen von Anton wann organisiert werden.<br \/>\nSie k\u00f6nnen sich auch bei unseren Nachbarn am\u00fcsieren.<br \/>\nGehen Sie ins Theater im Klavier und essen Sie vorher etwas bei Anton oder nehmen Sie nach der Vorstellung einen Drink.<br \/>\nAnton hofft, auch Sie bald zu sehen!     <\/p>\n<h3><strong>Essen gehen in Kaatsheuvel?<br \/>\nBuchen Sie direkt bei Anton <\/strong><\/h3>\n<p>Essen gehen in Kaatsheuvel?<br \/>\nNat\u00fcrlich im Anton&#8217;s.<br \/>\nReservieren Sie gleich oder rufen Sie unter <a href=\"\">0416-205000<\/a> an und kommen Sie zum Mittagessen, Abendessen oder auf einen Drink in unser Restaurant in Kaatsheuvel.<br \/>\nWir werden uns um einen sch\u00f6nen Platz f\u00fcr Sie k\u00fcmmern.<br \/>\nEssen Sie in Kaatsheuvel bei Anton&#8217;s und genie\u00dfen Sie das sch\u00f6nste Erlebnis!    <\/p>\n\t\t\t\t\t\t\t\t<\/div>\n\t\t\t\t<\/div>\n\t\t\t\t\t<\/div>\n\t\t\t\t<\/div>\n\t\t\t\t<\/div>\n\t\t","protected":false},"excerpt":{"rendered":"<p>Leckeres Essen in Kaatsheuvel? Kommen Sie zum Mittag- oder Abendessen zu Anton&#8217;s! M\u00f6chten Sie in Kaatsheuvel gut essen? Bei Anton&#8217;s k\u00f6nnen Sie zu Mittag und zu Abend essen. Wenn Sie eine sch\u00f6ne Tasse Kaffee, einen Drink am Abend oder etwas zum Feiern m\u00f6chten, sind Sie bei Anton ebenfalls an der richtigen Adresse. Wenn Sie bei Anton&#8217;s sind, f\u00e4llt Ihnen sofort [&hellip;]<\/p>\n","protected":false},"author":2,"featured_media":4711,"parent":0,"menu_order":0,"comment_status":"closed","ping_status":"closed","template":"elementor_header_footer","meta":{"footnotes":""},"class_list":["post-5827","page","type-page","status-publish","has-post-thumbnail","hentry"],"yoast_head":"<!-- This site is optimized with the Yoast SEO plugin v27.3 - https:\/\/yoast.com\/product\/yoast-seo-wordpress\/ -->\n<title>Essen gehen in Kaatsheuvel - Bij Anton<\/title>\n<meta name=\"robots\" content=\"index, follow, max-snippet:-1, max-image-preview:large, max-video-preview:-1\" \/>\n<link rel=\"canonical\" href=\"https:\/\/bijanton.nl\/de\/essen-gehen-in-kaatsheuvel\/\" \/>\n<meta property=\"og:locale\" content=\"de_DE\" \/>\n<meta property=\"og:type\" content=\"article\" \/>\n<meta property=\"og:title\" content=\"Essen gehen in Kaatsheuvel - Bij Anton\" \/>\n<meta property=\"og:description\" content=\"Leckeres Essen in Kaatsheuvel? Kommen Sie zum Mittag- oder Abendessen zu Anton&#8217;s! M\u00f6chten Sie in Kaatsheuvel gut essen? Bei Anton&#8217;s k\u00f6nnen Sie zu Mittag und zu Abend essen. Wenn Sie eine sch\u00f6ne Tasse Kaffee, einen Drink am Abend oder etwas zum Feiern m\u00f6chten, sind Sie bei Anton ebenfalls an der richtigen Adresse. Wenn Sie bei Anton&#8217;s sind, f\u00e4llt Ihnen sofort [&hellip;]\" \/>\n<meta property=\"og:url\" content=\"https:\/\/bijanton.nl\/de\/essen-gehen-in-kaatsheuvel\/\" \/>\n<meta property=\"og:site_name\" content=\"Bij Anton\" \/>\n<meta property=\"article:modified_time\" content=\"2024-09-24T12:29:13+00:00\" \/>\n<meta name=\"twitter:card\" content=\"summary_large_image\" \/>\n<meta name=\"twitter:label1\" content=\"Gesch\u00e4tzte Lesezeit\" \/>\n\t<meta name=\"twitter:data1\" content=\"3\u00a0Minuten\" \/>\n<script type=\"application\/ld+json\" class=\"yoast-schema-graph\">{\"@context\":\"https:\\\/\\\/schema.org\",\"@graph\":[{\"@type\":\"WebPage\",\"@id\":\"https:\\\/\\\/bijanton.nl\\\/de\\\/essen-gehen-in-kaatsheuvel\\\/\",\"url\":\"https:\\\/\\\/bijanton.nl\\\/de\\\/essen-gehen-in-kaatsheuvel\\\/\",\"name\":\"Essen gehen in Kaatsheuvel - Bij Anton\",\"isPartOf\":{\"@id\":\"https:\\\/\\\/bijanton.nl\\\/#website\"},\"primaryImageOfPage\":{\"@id\":\"https:\\\/\\\/bijanton.nl\\\/de\\\/essen-gehen-in-kaatsheuvel\\\/#primaryimage\"},\"image\":{\"@id\":\"https:\\\/\\\/bijanton.nl\\\/de\\\/essen-gehen-in-kaatsheuvel\\\/#primaryimage\"},\"thumbnailUrl\":\"https:\\\/\\\/bijanton.nl\\\/wp-content\\\/uploads\\\/2024\\\/05\\\/DSC09185-Menu.jpg\",\"datePublished\":\"2024-09-12T18:39:36+00:00\",\"dateModified\":\"2024-09-24T12:29:13+00:00\",\"breadcrumb\":{\"@id\":\"https:\\\/\\\/bijanton.nl\\\/de\\\/essen-gehen-in-kaatsheuvel\\\/#breadcrumb\"},\"inLanguage\":\"de\",\"potentialAction\":[{\"@type\":\"ReadAction\",\"target\":[\"https:\\\/\\\/bijanton.nl\\\/de\\\/essen-gehen-in-kaatsheuvel\\\/\"]}]},{\"@type\":\"ImageObject\",\"inLanguage\":\"de\",\"@id\":\"https:\\\/\\\/bijanton.nl\\\/de\\\/essen-gehen-in-kaatsheuvel\\\/#primaryimage\",\"url\":\"https:\\\/\\\/bijanton.nl\\\/wp-content\\\/uploads\\\/2024\\\/05\\\/DSC09185-Menu.jpg\",\"contentUrl\":\"https:\\\/\\\/bijanton.nl\\\/wp-content\\\/uploads\\\/2024\\\/05\\\/DSC09185-Menu.jpg\",\"width\":1440,\"height\":2160,\"caption\":\"Bij Anton restaurant Kaatsheuvel\"},{\"@type\":\"BreadcrumbList\",\"@id\":\"https:\\\/\\\/bijanton.nl\\\/de\\\/essen-gehen-in-kaatsheuvel\\\/#breadcrumb\",\"itemListElement\":[{\"@type\":\"ListItem\",\"position\":1,\"name\":\"Home\",\"item\":\"https:\\\/\\\/bijanton.nl\\\/de\\\/\"},{\"@type\":\"ListItem\",\"position\":2,\"name\":\"Essen gehen in Kaatsheuvel\"}]},{\"@type\":\"WebSite\",\"@id\":\"https:\\\/\\\/bijanton.nl\\\/#website\",\"url\":\"https:\\\/\\\/bijanton.nl\\\/\",\"name\":\"Bij Anton\",\"description\":\"\",\"publisher\":{\"@id\":\"https:\\\/\\\/bijanton.nl\\\/#organization\"},\"potentialAction\":[{\"@type\":\"SearchAction\",\"target\":{\"@type\":\"EntryPoint\",\"urlTemplate\":\"https:\\\/\\\/bijanton.nl\\\/?s={search_term_string}\"},\"query-input\":{\"@type\":\"PropertyValueSpecification\",\"valueRequired\":true,\"valueName\":\"search_term_string\"}}],\"inLanguage\":\"de\"},{\"@type\":\"Organization\",\"@id\":\"https:\\\/\\\/bijanton.nl\\\/#organization\",\"name\":\"Bij Anton\",\"url\":\"https:\\\/\\\/bijanton.nl\\\/\",\"logo\":{\"@type\":\"ImageObject\",\"inLanguage\":\"de\",\"@id\":\"https:\\\/\\\/bijanton.nl\\\/#\\\/schema\\\/logo\\\/image\\\/\",\"url\":\"https:\\\/\\\/bijanton.nl\\\/wp-content\\\/uploads\\\/2024\\\/05\\\/Logo_BijAnton2024_Wit@4x.png\",\"contentUrl\":\"https:\\\/\\\/bijanton.nl\\\/wp-content\\\/uploads\\\/2024\\\/05\\\/Logo_BijAnton2024_Wit@4x.png\",\"width\":1323,\"height\":730,\"caption\":\"Bij Anton\"},\"image\":{\"@id\":\"https:\\\/\\\/bijanton.nl\\\/#\\\/schema\\\/logo\\\/image\\\/\"}}]}<\/script>\n<!-- \/ Yoast SEO plugin. -->","yoast_head_json":{"title":"Essen gehen in Kaatsheuvel - Bij Anton","robots":{"index":"index","follow":"follow","max-snippet":"max-snippet:-1","max-image-preview":"max-image-preview:large","max-video-preview":"max-video-preview:-1"},"canonical":"https:\/\/bijanton.nl\/de\/essen-gehen-in-kaatsheuvel\/","og_locale":"de_DE","og_type":"article","og_title":"Essen gehen in Kaatsheuvel - Bij Anton","og_description":"Leckeres Essen in Kaatsheuvel? Kommen Sie zum Mittag- oder Abendessen zu Anton&#8217;s! M\u00f6chten Sie in Kaatsheuvel gut essen? Bei Anton&#8217;s k\u00f6nnen Sie zu Mittag und zu Abend essen. Wenn Sie eine sch\u00f6ne Tasse Kaffee, einen Drink am Abend oder etwas zum Feiern m\u00f6chten, sind Sie bei Anton ebenfalls an der richtigen Adresse. Wenn Sie bei Anton&#8217;s sind, f\u00e4llt Ihnen sofort [&hellip;]","og_url":"https:\/\/bijanton.nl\/de\/essen-gehen-in-kaatsheuvel\/","og_site_name":"Bij Anton","article_modified_time":"2024-09-24T12:29:13+00:00","twitter_card":"summary_large_image","twitter_misc":{"Gesch\u00e4tzte Lesezeit":"3\u00a0Minuten"},"schema":{"@context":"https:\/\/schema.org","@graph":[{"@type":"WebPage","@id":"https:\/\/bijanton.nl\/de\/essen-gehen-in-kaatsheuvel\/","url":"https:\/\/bijanton.nl\/de\/essen-gehen-in-kaatsheuvel\/","name":"Essen gehen in Kaatsheuvel - Bij Anton","isPartOf":{"@id":"https:\/\/bijanton.nl\/#website"},"primaryImageOfPage":{"@id":"https:\/\/bijanton.nl\/de\/essen-gehen-in-kaatsheuvel\/#primaryimage"},"image":{"@id":"https:\/\/bijanton.nl\/de\/essen-gehen-in-kaatsheuvel\/#primaryimage"},"thumbnailUrl":"https:\/\/bijanton.nl\/wp-content\/uploads\/2024\/05\/DSC09185-Menu.jpg","datePublished":"2024-09-12T18:39:36+00:00","dateModified":"2024-09-24T12:29:13+00:00","breadcrumb":{"@id":"https:\/\/bijanton.nl\/de\/essen-gehen-in-kaatsheuvel\/#breadcrumb"},"inLanguage":"de","potentialAction":[{"@type":"ReadAction","target":["https:\/\/bijanton.nl\/de\/essen-gehen-in-kaatsheuvel\/"]}]},{"@type":"ImageObject","inLanguage":"de","@id":"https:\/\/bijanton.nl\/de\/essen-gehen-in-kaatsheuvel\/#primaryimage","url":"https:\/\/bijanton.nl\/wp-content\/uploads\/2024\/05\/DSC09185-Menu.jpg","contentUrl":"https:\/\/bijanton.nl\/wp-content\/uploads\/2024\/05\/DSC09185-Menu.jpg","width":1440,"height":2160,"caption":"Bij Anton restaurant Kaatsheuvel"},{"@type":"BreadcrumbList","@id":"https:\/\/bijanton.nl\/de\/essen-gehen-in-kaatsheuvel\/#breadcrumb","itemListElement":[{"@type":"ListItem","position":1,"name":"Home","item":"https:\/\/bijanton.nl\/de\/"},{"@type":"ListItem","position":2,"name":"Essen gehen in Kaatsheuvel"}]},{"@type":"WebSite","@id":"https:\/\/bijanton.nl\/#website","url":"https:\/\/bijanton.nl\/","name":"Bij Anton","description":"","publisher":{"@id":"https:\/\/bijanton.nl\/#organization"},"potentialAction":[{"@type":"SearchAction","target":{"@type":"EntryPoint","urlTemplate":"https:\/\/bijanton.nl\/?s={search_term_string}"},"query-input":{"@type":"PropertyValueSpecification","valueRequired":true,"valueName":"search_term_string"}}],"inLanguage":"de"},{"@type":"Organization","@id":"https:\/\/bijanton.nl\/#organization","name":"Bij Anton","url":"https:\/\/bijanton.nl\/","logo":{"@type":"ImageObject","inLanguage":"de","@id":"https:\/\/bijanton.nl\/#\/schema\/logo\/image\/","url":"https:\/\/bijanton.nl\/wp-content\/uploads\/2024\/05\/Logo_BijAnton2024_Wit@4x.png","contentUrl":"https:\/\/bijanton.nl\/wp-content\/uploads\/2024\/05\/Logo_BijAnton2024_Wit@4x.png","width":1323,"height":730,"caption":"Bij Anton"},"image":{"@id":"https:\/\/bijanton.nl\/#\/schema\/logo\/image\/"}}]}},"_links":{"self":[{"href":"https:\/\/bijanton.nl\/de\/wp-json\/wp\/v2\/pages\/5827","targetHints":{"allow":["GET"]}}],"collection":[{"href":"https:\/\/bijanton.nl\/de\/wp-json\/wp\/v2\/pages"}],"about":[{"href":"https:\/\/bijanton.nl\/de\/wp-json\/wp\/v2\/types\/page"}],"author":[{"embeddable":true,"href":"https:\/\/bijanton.nl\/de\/wp-json\/wp\/v2\/users\/2"}],"replies":[{"embeddable":true,"href":"https:\/\/bijanton.nl\/de\/wp-json\/wp\/v2\/comments?post=5827"}],"version-history":[{"count":0,"href":"https:\/\/bijanton.nl\/de\/wp-json\/wp\/v2\/pages\/5827\/revisions"}],"wp:featuredmedia":[{"embeddable":true,"href":"https:\/\/bijanton.nl\/de\/wp-json\/wp\/v2\/media\/4711"}],"wp:attachment":[{"href":"https:\/\/bijanton.nl\/de\/wp-json\/wp\/v2\/media?parent=5827"}],"curies":[{"name":"wp","href":"https:\/\/api.w.org\/{rel}","templated":true}]}}