{"id":5524,"date":"2024-07-31T14:50:55","date_gmt":"2024-07-31T12:50:55","guid":{"rendered":"https:\/\/v2.bijanton.nl\/datenschutzbestimmungen\/"},"modified":"2024-09-24T14:44:38","modified_gmt":"2024-09-24T12:44:38","slug":"datenschutzbestimmungen","status":"publish","type":"page","link":"https:\/\/bijanton.nl\/de\/datenschutzbestimmungen\/","title":{"rendered":"Datenschutzbestimmungen"},"content":{"rendered":"\t\t<div data-elementor-type=\"wp-page\" data-elementor-id=\"5524\" class=\"elementor elementor-5524 elementor-3\" data-elementor-post-type=\"page\">\n\t\t\t\t<div class=\"elementor-element elementor-element-47d153f e-con-full e-flex e-con e-parent\" data-id=\"47d153f\" data-element_type=\"container\" data-e-type=\"container\" data-settings=\"{&quot;background_background&quot;:&quot;classic&quot;}\">\n\t\t\t\t<div class=\"elementor-element elementor-element-5cdd71f elementor-widget elementor-widget-heading\" data-id=\"5cdd71f\" data-element_type=\"widget\" data-e-type=\"widget\" data-widget_type=\"heading.default\">\n\t\t\t\t<div class=\"elementor-widget-container\">\n\t\t\t\t\t<h1 class=\"elementor-heading-title elementor-size-default\">Datenschutzbestimmungen<\/h1>\t\t\t\t<\/div>\n\t\t\t\t<\/div>\n\t\t\t\t<\/div>\n\t\t<div class=\"elementor-element elementor-element-1acae837 e-flex e-con-boxed e-con e-parent\" data-id=\"1acae837\" data-element_type=\"container\" data-e-type=\"container\">\n\t\t\t\t\t<div class=\"e-con-inner\">\n\t\t\t\t<div class=\"elementor-element elementor-element-465a35df elementor-widget elementor-widget-text-editor\" data-id=\"465a35df\" data-element_type=\"widget\" data-e-type=\"widget\" data-widget_type=\"text-editor.default\">\n\t\t\t\t<div class=\"elementor-widget-container\">\n\t\t\t\t\t\t\t\t\t\n<p>Datenschutzerkl\u00e4rung und Cookies  <br><br><\/p>\n<ol>\n<li>Erhebung personenbezogener Daten Bij Anton kann personenbezogene Daten verarbeiten, weil Sie die Dienste von Bij Anton in Anspruch nehmen und\/oder weil Sie Bij Anton diese Daten selbst zur Verf\u00fcgung stellen, wenn Sie ein Kontaktformular auf der Website ausf\u00fcllen.\nBij Anton kann die folgenden personenbezogenen Daten verarbeiten: &#8211; Vor- und Nachname &#8211; Telefonnummer &#8211; E-Mail-Adresse &#8211; IP-Adresse Ihre Daten k\u00f6nnen f\u00fcr die folgenden Zwecke verarbeitet werden: &#8211; Bearbeitung Ihrer Reservierung und um Sie \u00fcber den Verlauf Ihrer Reservierung zu informieren &#8211; Um Sie zu kontaktieren, weil Sie unser Kontaktformular benutzen &#8211; Bearbeitung des Ticketverkaufs und um Sie \u00fcber den Verlauf der Veranstaltung zu informieren &#8211; Um Sie \u00fcber die Veranstaltungen und Aktivit\u00e4ten von Bijzonder Bruisend B.V. zu informieren.   <br><br><\/li>\n<li>AUFBEWAHRUNG &amp; UNTERSUCHUNG Sobald Ihr Dienst bei uns endet, bewahren wir einige Daten entsprechend der gesetzlichen Aufbewahrungsfrist auf.\nDaten, die nicht mehr ben\u00f6tigt werden, l\u00f6schen wir.\nNach Ablauf der gesetzlichen Aufbewahrungsfrist vernichten wir alle Daten.\nSie haben das Recht, die Daten einzusehen, die wir \u00fcber Sie gespeichert haben, nachdem Sie Ihre Dienste bei uns beendet haben.\nSie k\u00f6nnen einen Antrag auf Einsicht, Berichtigung oder L\u00f6schung unter welkom@theaterinhetklavier.nl stellen.\nAt Anton wird Ihre Anfrage so schnell wie m\u00f6glich, jedoch innerhalb von vier Wochen, beantworten.       <br><br>3. MIT ANDEREN TEILEN At Anton gibt Ihre pers\u00f6nlichen Daten nur dann an Dritte weiter, wenn dies f\u00fcr die Erf\u00fcllung eines Vertrags mit Ihnen oder zur Erf\u00fcllung einer gesetzlichen Verpflichtung erforderlich ist.  <br><br>4. VERWENDUNG VON COOKIES Bij Anton setzt auf der Website verschiedene Dienste ein, die Cookies verwenden.\nDar\u00fcber hinaus platziert Bij Anton ein Cookie, wenn Sie unsere Website besuchen.\nEin Cookie ist eine einfache kleine Datei, die gesendet wird, wenn Sie Seiten dieser Website besuchen, und die vom Browser auf der Festplatte Ihres Computers gespeichert wird.\nSie k\u00f6nnen diese Cookies \u00fcber den Browser deaktivieren, siehe zum Beispiel diese Erkl\u00e4rung der Verbraucherzentrale.\nDie von Bij Anton genutzten Dienste, die Cookies verwenden, sind: &#8211; Google Analytics      <br><br>5. GOOGLE ANALYTICS Wir verwenden Google Analytics auf der Website, um den Betrieb der Website zu analysieren und den Ertrag der Verkehrsquellen zu messen.\nGoogle kann diese Informationen an Dritte weitergeben, wenn Google dazu gesetzlich verpflichtet ist oder soweit Dritte die Informationen im Auftrag von Google verarbeiten.\nWir haben hierauf keinen Einfluss.\nWir haben Google nicht gestattet, die erhaltenen Analytics-Informationen f\u00fcr andere Google-Dienste zu verwenden.\nDie von Google gesammelten Informationen werden so weit wie m\u00f6glich anonymisiert.\nIhre IP-Adresse ist ausdr\u00fccklich nicht enthalten.       <br><br>6. SICHERHEIT Bij Anton nimmt den Schutz Ihrer Daten ernst und ergreift geeignete Ma\u00dfnahmen, um Missbrauch, Verlust, unbefugtem Zugriff, unerw\u00fcnschter Offenlegung und unbefugter \u00c4nderung entgegenzuwirken.\nWenn Sie den Eindruck haben, dass Ihre Daten nicht ordnungsgem\u00e4\u00df gesichert sind oder es Anzeichen f\u00fcr einen Missbrauch gibt, oder wenn Sie weitere Informationen \u00fcber die Sicherheit der von Bij Anton erhobenen personenbezogenen Daten w\u00fcnschen, wenden Sie sich bitte an Bij Anton unter welcome@bijanton. <\/li>\n<\/ol>\n\t\t\t\t\t\t\t\t<\/div>\n\t\t\t\t<\/div>\n\t\t\t\t\t<\/div>\n\t\t\t\t<\/div>\n\t\t\t\t<\/div>\n\t\t","protected":false},"excerpt":{"rendered":"<p>Datenschutzerkl\u00e4rung und Cookies Erhebung personenbezogener Daten Bij Anton kann personenbezogene Daten verarbeiten, weil Sie die Dienste von Bij Anton in Anspruch nehmen und\/oder weil Sie Bij Anton diese Daten selbst zur Verf\u00fcgung stellen, wenn Sie ein Kontaktformular auf der Website ausf\u00fcllen. Bij Anton kann die folgenden personenbezogenen Daten verarbeiten: &#8211; Vor- und Nachname &#8211; Telefonnummer &#8211; E-Mail-Adresse &#8211; IP-Adresse Ihre [&hellip;]<\/p>\n","protected":false},"author":2,"featured_media":0,"parent":0,"menu_order":0,"comment_status":"closed","ping_status":"closed","template":"elementor_header_footer","meta":{"footnotes":""},"class_list":["post-5524","page","type-page","status-publish","hentry"],"yoast_head":"<!-- This site is optimized with the Yoast SEO plugin v27.3 - https:\/\/yoast.com\/product\/yoast-seo-wordpress\/ -->\n<title>Datenschutzbestimmungen - Bij Anton<\/title>\n<meta name=\"robots\" content=\"index, follow, max-snippet:-1, max-image-preview:large, max-video-preview:-1\" \/>\n<link rel=\"canonical\" href=\"https:\/\/bijanton.nl\/de\/datenschutzbestimmungen\/\" \/>\n<meta property=\"og:locale\" content=\"de_DE\" \/>\n<meta property=\"og:type\" content=\"article\" \/>\n<meta property=\"og:title\" content=\"Datenschutzbestimmungen - Bij Anton\" \/>\n<meta property=\"og:description\" content=\"Datenschutzerkl\u00e4rung und Cookies Erhebung personenbezogener Daten Bij Anton kann personenbezogene Daten verarbeiten, weil Sie die Dienste von Bij Anton in Anspruch nehmen und\/oder weil Sie Bij Anton diese Daten selbst zur Verf\u00fcgung stellen, wenn Sie ein Kontaktformular auf der Website ausf\u00fcllen. Bij Anton kann die folgenden personenbezogenen Daten verarbeiten: &#8211; Vor- und Nachname &#8211; Telefonnummer &#8211; E-Mail-Adresse &#8211; IP-Adresse Ihre [&hellip;]\" \/>\n<meta property=\"og:url\" content=\"https:\/\/bijanton.nl\/de\/datenschutzbestimmungen\/\" \/>\n<meta property=\"og:site_name\" content=\"Bij Anton\" \/>\n<meta property=\"article:modified_time\" content=\"2024-09-24T12:44:38+00:00\" \/>\n<meta name=\"twitter:card\" content=\"summary_large_image\" \/>\n<meta name=\"twitter:label1\" content=\"Gesch\u00e4tzte Lesezeit\" \/>\n\t<meta name=\"twitter:data1\" content=\"2\u00a0Minuten\" \/>\n<script type=\"application\/ld+json\" class=\"yoast-schema-graph\">{\"@context\":\"https:\\\/\\\/schema.org\",\"@graph\":[{\"@type\":\"WebPage\",\"@id\":\"https:\\\/\\\/bijanton.nl\\\/de\\\/datenschutzbestimmungen\\\/\",\"url\":\"https:\\\/\\\/bijanton.nl\\\/de\\\/datenschutzbestimmungen\\\/\",\"name\":\"Datenschutzbestimmungen - Bij Anton\",\"isPartOf\":{\"@id\":\"https:\\\/\\\/bijanton.nl\\\/#website\"},\"datePublished\":\"2024-07-31T12:50:55+00:00\",\"dateModified\":\"2024-09-24T12:44:38+00:00\",\"breadcrumb\":{\"@id\":\"https:\\\/\\\/bijanton.nl\\\/de\\\/datenschutzbestimmungen\\\/#breadcrumb\"},\"inLanguage\":\"de\",\"potentialAction\":[{\"@type\":\"ReadAction\",\"target\":[\"https:\\\/\\\/bijanton.nl\\\/de\\\/datenschutzbestimmungen\\\/\"]}]},{\"@type\":\"BreadcrumbList\",\"@id\":\"https:\\\/\\\/bijanton.nl\\\/de\\\/datenschutzbestimmungen\\\/#breadcrumb\",\"itemListElement\":[{\"@type\":\"ListItem\",\"position\":1,\"name\":\"Home\",\"item\":\"https:\\\/\\\/bijanton.nl\\\/de\\\/\"},{\"@type\":\"ListItem\",\"position\":2,\"name\":\"Datenschutzbestimmungen\"}]},{\"@type\":\"WebSite\",\"@id\":\"https:\\\/\\\/bijanton.nl\\\/#website\",\"url\":\"https:\\\/\\\/bijanton.nl\\\/\",\"name\":\"Bij Anton\",\"description\":\"\",\"publisher\":{\"@id\":\"https:\\\/\\\/bijanton.nl\\\/#organization\"},\"potentialAction\":[{\"@type\":\"SearchAction\",\"target\":{\"@type\":\"EntryPoint\",\"urlTemplate\":\"https:\\\/\\\/bijanton.nl\\\/?s={search_term_string}\"},\"query-input\":{\"@type\":\"PropertyValueSpecification\",\"valueRequired\":true,\"valueName\":\"search_term_string\"}}],\"inLanguage\":\"de\"},{\"@type\":\"Organization\",\"@id\":\"https:\\\/\\\/bijanton.nl\\\/#organization\",\"name\":\"Bij Anton\",\"url\":\"https:\\\/\\\/bijanton.nl\\\/\",\"logo\":{\"@type\":\"ImageObject\",\"inLanguage\":\"de\",\"@id\":\"https:\\\/\\\/bijanton.nl\\\/#\\\/schema\\\/logo\\\/image\\\/\",\"url\":\"https:\\\/\\\/bijanton.nl\\\/wp-content\\\/uploads\\\/2024\\\/05\\\/Logo_BijAnton2024_Wit@4x.png\",\"contentUrl\":\"https:\\\/\\\/bijanton.nl\\\/wp-content\\\/uploads\\\/2024\\\/05\\\/Logo_BijAnton2024_Wit@4x.png\",\"width\":1323,\"height\":730,\"caption\":\"Bij Anton\"},\"image\":{\"@id\":\"https:\\\/\\\/bijanton.nl\\\/#\\\/schema\\\/logo\\\/image\\\/\"}}]}<\/script>\n<!-- \/ Yoast SEO plugin. -->","yoast_head_json":{"title":"Datenschutzbestimmungen - Bij Anton","robots":{"index":"index","follow":"follow","max-snippet":"max-snippet:-1","max-image-preview":"max-image-preview:large","max-video-preview":"max-video-preview:-1"},"canonical":"https:\/\/bijanton.nl\/de\/datenschutzbestimmungen\/","og_locale":"de_DE","og_type":"article","og_title":"Datenschutzbestimmungen - Bij Anton","og_description":"Datenschutzerkl\u00e4rung und Cookies Erhebung personenbezogener Daten Bij Anton kann personenbezogene Daten verarbeiten, weil Sie die Dienste von Bij Anton in Anspruch nehmen und\/oder weil Sie Bij Anton diese Daten selbst zur Verf\u00fcgung stellen, wenn Sie ein Kontaktformular auf der Website ausf\u00fcllen. Bij Anton kann die folgenden personenbezogenen Daten verarbeiten: &#8211; Vor- und Nachname &#8211; Telefonnummer &#8211; E-Mail-Adresse &#8211; IP-Adresse Ihre [&hellip;]","og_url":"https:\/\/bijanton.nl\/de\/datenschutzbestimmungen\/","og_site_name":"Bij Anton","article_modified_time":"2024-09-24T12:44:38+00:00","twitter_card":"summary_large_image","twitter_misc":{"Gesch\u00e4tzte Lesezeit":"2\u00a0Minuten"},"schema":{"@context":"https:\/\/schema.org","@graph":[{"@type":"WebPage","@id":"https:\/\/bijanton.nl\/de\/datenschutzbestimmungen\/","url":"https:\/\/bijanton.nl\/de\/datenschutzbestimmungen\/","name":"Datenschutzbestimmungen - Bij Anton","isPartOf":{"@id":"https:\/\/bijanton.nl\/#website"},"datePublished":"2024-07-31T12:50:55+00:00","dateModified":"2024-09-24T12:44:38+00:00","breadcrumb":{"@id":"https:\/\/bijanton.nl\/de\/datenschutzbestimmungen\/#breadcrumb"},"inLanguage":"de","potentialAction":[{"@type":"ReadAction","target":["https:\/\/bijanton.nl\/de\/datenschutzbestimmungen\/"]}]},{"@type":"BreadcrumbList","@id":"https:\/\/bijanton.nl\/de\/datenschutzbestimmungen\/#breadcrumb","itemListElement":[{"@type":"ListItem","position":1,"name":"Home","item":"https:\/\/bijanton.nl\/de\/"},{"@type":"ListItem","position":2,"name":"Datenschutzbestimmungen"}]},{"@type":"WebSite","@id":"https:\/\/bijanton.nl\/#website","url":"https:\/\/bijanton.nl\/","name":"Bij Anton","description":"","publisher":{"@id":"https:\/\/bijanton.nl\/#organization"},"potentialAction":[{"@type":"SearchAction","target":{"@type":"EntryPoint","urlTemplate":"https:\/\/bijanton.nl\/?s={search_term_string}"},"query-input":{"@type":"PropertyValueSpecification","valueRequired":true,"valueName":"search_term_string"}}],"inLanguage":"de"},{"@type":"Organization","@id":"https:\/\/bijanton.nl\/#organization","name":"Bij Anton","url":"https:\/\/bijanton.nl\/","logo":{"@type":"ImageObject","inLanguage":"de","@id":"https:\/\/bijanton.nl\/#\/schema\/logo\/image\/","url":"https:\/\/bijanton.nl\/wp-content\/uploads\/2024\/05\/Logo_BijAnton2024_Wit@4x.png","contentUrl":"https:\/\/bijanton.nl\/wp-content\/uploads\/2024\/05\/Logo_BijAnton2024_Wit@4x.png","width":1323,"height":730,"caption":"Bij Anton"},"image":{"@id":"https:\/\/bijanton.nl\/#\/schema\/logo\/image\/"}}]}},"_links":{"self":[{"href":"https:\/\/bijanton.nl\/de\/wp-json\/wp\/v2\/pages\/5524","targetHints":{"allow":["GET"]}}],"collection":[{"href":"https:\/\/bijanton.nl\/de\/wp-json\/wp\/v2\/pages"}],"about":[{"href":"https:\/\/bijanton.nl\/de\/wp-json\/wp\/v2\/types\/page"}],"author":[{"embeddable":true,"href":"https:\/\/bijanton.nl\/de\/wp-json\/wp\/v2\/users\/2"}],"replies":[{"embeddable":true,"href":"https:\/\/bijanton.nl\/de\/wp-json\/wp\/v2\/comments?post=5524"}],"version-history":[{"count":0,"href":"https:\/\/bijanton.nl\/de\/wp-json\/wp\/v2\/pages\/5524\/revisions"}],"wp:attachment":[{"href":"https:\/\/bijanton.nl\/de\/wp-json\/wp\/v2\/media?parent=5524"}],"curies":[{"name":"wp","href":"https:\/\/api.w.org\/{rel}","templated":true}]}}