{"id":5461,"date":"2024-07-31T12:07:41","date_gmt":"2024-07-31T10:07:41","guid":{"rendered":"https:\/\/v2.bijanton.nl\/kontakt\/"},"modified":"2024-09-24T15:07:10","modified_gmt":"2024-09-24T13:07:10","slug":"kontakt","status":"publish","type":"page","link":"https:\/\/bijanton.nl\/de\/kontakt\/","title":{"rendered":"Kontakt"},"content":{"rendered":"\t\t<div data-elementor-type=\"wp-page\" data-elementor-id=\"5461\" class=\"elementor elementor-5461 elementor-3592\" data-elementor-post-type=\"page\">\n\t\t\t\t<div class=\"elementor-element elementor-element-dd85d79 e-con-full e-flex e-con e-parent\" data-id=\"dd85d79\" data-element_type=\"container\" data-e-type=\"container\" data-settings=\"{&quot;background_background&quot;:&quot;classic&quot;}\">\n\t\t\t\t<div class=\"elementor-element elementor-element-a8a0a1b elementor-widget elementor-widget-heading\" data-id=\"a8a0a1b\" data-element_type=\"widget\" data-e-type=\"widget\" data-widget_type=\"heading.default\">\n\t\t\t\t<div class=\"elementor-widget-container\">\n\t\t\t\t\t<h1 class=\"elementor-heading-title elementor-size-default\">Kontakt<\/h1>\t\t\t\t<\/div>\n\t\t\t\t<\/div>\n\t\t\t\t<\/div>\n\t\t<div class=\"elementor-element elementor-element-effdb21 e-flex e-con-boxed e-con e-parent\" data-id=\"effdb21\" data-element_type=\"container\" data-e-type=\"container\">\n\t\t\t\t\t<div class=\"e-con-inner\">\n\t\t<div class=\"elementor-element elementor-element-3b1addc e-con-full e-flex e-con e-child\" data-id=\"3b1addc\" data-element_type=\"container\" data-e-type=\"container\">\n\t\t\t\t<div class=\"elementor-element elementor-element-1921079 elementor-widget elementor-widget-heading\" data-id=\"1921079\" data-element_type=\"widget\" data-e-type=\"widget\" data-widget_type=\"heading.default\">\n\t\t\t\t<div class=\"elementor-widget-container\">\n\t\t\t\t\t<h2 class=\"elementor-heading-title elementor-size-default\">Kontaktangaben<\/h2>\t\t\t\t<\/div>\n\t\t\t\t<\/div>\n\t\t\t\t<div class=\"elementor-element elementor-element-1541326 elementor-widget elementor-widget-text-editor\" data-id=\"1541326\" data-element_type=\"widget\" data-e-type=\"widget\" data-widget_type=\"text-editor.default\">\n\t\t\t\t<div class=\"elementor-widget-container\">\n\t\t\t\t\t\t\t\t\t<p>Anton Pieckplein 2<br \/>5171 CV Kaatsheuvel<\/p><p>Telefon: (0416) 20 50 00<br \/>E-Mail-Adresse: welkom@bijanton.nl<\/p>\t\t\t\t\t\t\t\t<\/div>\n\t\t\t\t<\/div>\n\t\t\t\t<div class=\"elementor-element elementor-element-468a9e9 elementor-widget elementor-widget-heading\" data-id=\"468a9e9\" data-element_type=\"widget\" data-e-type=\"widget\" data-widget_type=\"heading.default\">\n\t\t\t\t<div class=\"elementor-widget-container\">\n\t\t\t\t\t<h3 class=\"elementor-heading-title elementor-size-default\">\u00d6ffnungszeiten Restaurant und Terrasse<\/h3>\t\t\t\t<\/div>\n\t\t\t\t<\/div>\n\t\t\t\t<div class=\"elementor-element elementor-element-e970017 elementor-widget elementor-widget-text-editor\" data-id=\"e970017\" data-element_type=\"widget\" data-e-type=\"widget\" data-widget_type=\"text-editor.default\">\n\t\t\t\t<div class=\"elementor-widget-container\">\n\t\t\t\t\t\t\t\t\t<p>Montag: 11.30<br \/>Dienstag: GESCHLOSSEN<br \/>Mittwoch: 11.30<br \/>Donnerstag: 11.30<br \/>Freitag: 11.30<br \/>Samstag: 11.30<br \/>Sonntag: 11.30<\/p>\t\t\t\t\t\t\t\t<\/div>\n\t\t\t\t<\/div>\n\t\t\t\t<\/div>\n\t\t<div class=\"elementor-element elementor-element-7555dad e-con-full e-flex e-con e-child\" data-id=\"7555dad\" data-element_type=\"container\" data-e-type=\"container\">\n\t\t\t\t<div class=\"elementor-element elementor-element-00c160c elementor-widget elementor-widget-google_maps\" data-id=\"00c160c\" data-element_type=\"widget\" data-e-type=\"widget\" data-widget_type=\"google_maps.default\">\n\t\t\t\t<div class=\"elementor-widget-container\">\n\t\t\t\t\t\t\t<div class=\"elementor-custom-embed\">\n\t\t\t<iframe loading=\"lazy\"\n\t\t\t\t\tsrc=\"https:\/\/maps.google.com\/maps?q=Anton%20Pieckplein%202%205171%20CV%20Kaatsheuvel&#038;t=m&#038;z=14&#038;output=embed&#038;iwloc=near\"\n\t\t\t\t\ttitle=\"Anton Pieckplein 2 5171 CV Kaatsheuvel\"\n\t\t\t\t\taria-label=\"Anton Pieckplein 2 5171 CV Kaatsheuvel\"\n\t\t\t><\/iframe>\n\t\t<\/div>\n\t\t\t\t\t\t<\/div>\n\t\t\t\t<\/div>\n\t\t\t\t<\/div>\n\t\t\t\t\t<\/div>\n\t\t\t\t<\/div>\n\t\t<div class=\"elementor-element elementor-element-4c5924a e-flex e-con-boxed e-con e-parent\" data-id=\"4c5924a\" data-element_type=\"container\" data-e-type=\"container\">\n\t\t\t\t\t<div class=\"e-con-inner\">\n\t\t<div class=\"elementor-element elementor-element-22e8b64 e-con-full e-flex e-con e-child\" data-id=\"22e8b64\" data-element_type=\"container\" data-e-type=\"container\">\n\t\t\t\t<div class=\"elementor-element elementor-element-d4cd715 elementor-widget elementor-widget-image\" data-id=\"d4cd715\" data-element_type=\"widget\" data-e-type=\"widget\" data-widget_type=\"image.default\">\n\t\t\t\t<div class=\"elementor-widget-container\">\n\t\t\t\t\t\t\t\t\t\t\t\t\t\t\t<img fetchpriority=\"high\" decoding=\"async\" width=\"1030\" height=\"764\" src=\"https:\/\/bijanton.nl\/wp-content\/uploads\/2024\/09\/parkeren-bij-Anton_1500px-1030x764-1.jpg\" class=\"attachment-large size-large wp-image-5876\" alt=\"\" srcset=\"https:\/\/bijanton.nl\/wp-content\/uploads\/2024\/09\/parkeren-bij-Anton_1500px-1030x764-1.jpg 1030w, https:\/\/bijanton.nl\/wp-content\/uploads\/2024\/09\/parkeren-bij-Anton_1500px-1030x764-1-300x223.jpg 300w, https:\/\/bijanton.nl\/wp-content\/uploads\/2024\/09\/parkeren-bij-Anton_1500px-1030x764-1-768x570.jpg 768w\" sizes=\"(max-width: 1030px) 100vw, 1030px\" \/>\t\t\t\t\t\t\t\t\t\t\t\t\t\t\t<\/div>\n\t\t\t\t<\/div>\n\t\t\t\t<\/div>\n\t\t<div class=\"elementor-element elementor-element-d35fe24 e-con-full e-flex e-con e-child\" data-id=\"d35fe24\" data-element_type=\"container\" data-e-type=\"container\">\n\t\t\t\t<div class=\"elementor-element elementor-element-45ed95b elementor-widget elementor-widget-heading\" data-id=\"45ed95b\" data-element_type=\"widget\" data-e-type=\"widget\" data-widget_type=\"heading.default\">\n\t\t\t\t<div class=\"elementor-widget-container\">\n\t\t\t\t\t<h2 class=\"elementor-heading-title elementor-size-default\">Parken<\/h2>\t\t\t\t<\/div>\n\t\t\t\t<\/div>\n\t\t\t\t<div class=\"elementor-element elementor-element-4a23cbb elementor-widget elementor-widget-text-editor\" data-id=\"4a23cbb\" data-element_type=\"widget\" data-e-type=\"widget\" data-widget_type=\"text-editor.default\">\n\t\t\t\t<div class=\"elementor-widget-container\">\n\t\t\t\t\t\t\t\t\t<p>In den Stra\u00dfen rund um Kaatsheuvels lebhaftestes Wohnzimmer gibt es eine Reihe von Parkpl\u00e4tzen. An diesen Orten ist eine Parkscheibe erforderlich, w\u00e4hrend der \u00d6ffnungszeiten der Gesch\u00e4fte k\u00f6nnen Sie 1 Stunde lang kostenlos parken.<br \/>\nNach 18 Uhr k\u00f6nnen Sie hier l\u00e4nger parken.<br \/>\nWenn es dort keinen Platz gibt oder Sie denken, dass es sp\u00e4ter werden k\u00f6nnte?<br \/>\nNur wenige Gehminuten entfernt befindet sich ein gro\u00dfer Parkplatz an der De Werft, wo Sie immer einen Platz finden (unbegrenzt und kostenlos).<br \/>\nAuf der beigef\u00fcgten Karte k\u00f6nnen Sie sehen, wo sich die verschiedenen Parkpl\u00e4tze befinden.    <\/p>\n\t\t\t\t\t\t\t\t<\/div>\n\t\t\t\t<\/div>\n\t\t\t\t<\/div>\n\t\t\t\t\t<\/div>\n\t\t\t\t<\/div>\n\t\t\t\t<\/div>\n\t\t","protected":false},"excerpt":{"rendered":"<p>Kontaktangaben Anton Pieckplein 25171 CV Kaatsheuvel Telefon: (0416) 20 50 00E-Mail-Adresse: welkom@bijanton.nl \u00d6ffnungszeiten Restaurant und Terrasse Montag: 11.30Dienstag: GESCHLOSSENMittwoch: 11.30Donnerstag: 11.30Freitag: 11.30Samstag: 11.30Sonntag: 11.30 Parken In den Stra\u00dfen rund um Kaatsheuvels lebhaftestes Wohnzimmer gibt es eine Reihe von Parkpl\u00e4tzen. An diesen Orten ist eine Parkscheibe erforderlich, w\u00e4hrend der \u00d6ffnungszeiten der Gesch\u00e4fte k\u00f6nnen Sie 1 Stunde lang kostenlos parken. Nach 18 [&hellip;]<\/p>\n","protected":false},"author":2,"featured_media":4708,"parent":0,"menu_order":0,"comment_status":"closed","ping_status":"closed","template":"full-width.php","meta":{"footnotes":""},"class_list":["post-5461","page","type-page","status-publish","has-post-thumbnail","hentry"],"yoast_head":"<!-- This site is optimized with the Yoast SEO plugin v27.3 - https:\/\/yoast.com\/product\/yoast-seo-wordpress\/ -->\n<title>Kontakt - Bij Anton<\/title>\n<meta name=\"robots\" content=\"index, follow, max-snippet:-1, max-image-preview:large, max-video-preview:-1\" \/>\n<link rel=\"canonical\" href=\"https:\/\/bijanton.nl\/de\/kontakt\/\" \/>\n<meta property=\"og:locale\" content=\"de_DE\" \/>\n<meta property=\"og:type\" content=\"article\" \/>\n<meta property=\"og:title\" content=\"Kontakt - Bij Anton\" \/>\n<meta property=\"og:description\" content=\"Kontaktangaben Anton Pieckplein 25171 CV Kaatsheuvel Telefon: (0416) 20 50 00E-Mail-Adresse: welkom@bijanton.nl \u00d6ffnungszeiten Restaurant und Terrasse Montag: 11.30Dienstag: GESCHLOSSENMittwoch: 11.30Donnerstag: 11.30Freitag: 11.30Samstag: 11.30Sonntag: 11.30 Parken In den Stra\u00dfen rund um Kaatsheuvels lebhaftestes Wohnzimmer gibt es eine Reihe von Parkpl\u00e4tzen. An diesen Orten ist eine Parkscheibe erforderlich, w\u00e4hrend der \u00d6ffnungszeiten der Gesch\u00e4fte k\u00f6nnen Sie 1 Stunde lang kostenlos parken. Nach 18 [&hellip;]\" \/>\n<meta property=\"og:url\" content=\"https:\/\/bijanton.nl\/de\/kontakt\/\" \/>\n<meta property=\"og:site_name\" content=\"Bij Anton\" \/>\n<meta property=\"article:modified_time\" content=\"2024-09-24T13:07:10+00:00\" \/>\n<meta property=\"og:image\" content=\"https:\/\/bijanton.nl\/wp-content\/uploads\/2024\/09\/parkeren-bij-Anton_1500px-1030x764-1.jpg\" \/>\n\t<meta property=\"og:image:width\" content=\"1030\" \/>\n\t<meta property=\"og:image:height\" content=\"764\" \/>\n\t<meta property=\"og:image:type\" content=\"image\/jpeg\" \/>\n<meta name=\"twitter:card\" content=\"summary_large_image\" \/>\n<meta name=\"twitter:label1\" content=\"Gesch\u00e4tzte Lesezeit\" \/>\n\t<meta name=\"twitter:data1\" content=\"1\u00a0Minute\" \/>\n<script type=\"application\/ld+json\" class=\"yoast-schema-graph\">{\"@context\":\"https:\\\/\\\/schema.org\",\"@graph\":[{\"@type\":\"WebPage\",\"@id\":\"https:\\\/\\\/bijanton.nl\\\/de\\\/kontakt\\\/\",\"url\":\"https:\\\/\\\/bijanton.nl\\\/de\\\/kontakt\\\/\",\"name\":\"Kontakt - Bij Anton\",\"isPartOf\":{\"@id\":\"https:\\\/\\\/bijanton.nl\\\/#website\"},\"primaryImageOfPage\":{\"@id\":\"https:\\\/\\\/bijanton.nl\\\/de\\\/kontakt\\\/#primaryimage\"},\"image\":{\"@id\":\"https:\\\/\\\/bijanton.nl\\\/de\\\/kontakt\\\/#primaryimage\"},\"thumbnailUrl\":\"https:\\\/\\\/bijanton.nl\\\/wp-content\\\/uploads\\\/2024\\\/05\\\/DSC09151-Werkenbij.jpg\",\"datePublished\":\"2024-07-31T10:07:41+00:00\",\"dateModified\":\"2024-09-24T13:07:10+00:00\",\"breadcrumb\":{\"@id\":\"https:\\\/\\\/bijanton.nl\\\/de\\\/kontakt\\\/#breadcrumb\"},\"inLanguage\":\"de\",\"potentialAction\":[{\"@type\":\"ReadAction\",\"target\":[\"https:\\\/\\\/bijanton.nl\\\/de\\\/kontakt\\\/\"]}]},{\"@type\":\"ImageObject\",\"inLanguage\":\"de\",\"@id\":\"https:\\\/\\\/bijanton.nl\\\/de\\\/kontakt\\\/#primaryimage\",\"url\":\"https:\\\/\\\/bijanton.nl\\\/wp-content\\\/uploads\\\/2024\\\/05\\\/DSC09151-Werkenbij.jpg\",\"contentUrl\":\"https:\\\/\\\/bijanton.nl\\\/wp-content\\\/uploads\\\/2024\\\/05\\\/DSC09151-Werkenbij.jpg\",\"width\":1440,\"height\":2160,\"caption\":\"Bij Anton restaurant Kaatsheuvel\"},{\"@type\":\"BreadcrumbList\",\"@id\":\"https:\\\/\\\/bijanton.nl\\\/de\\\/kontakt\\\/#breadcrumb\",\"itemListElement\":[{\"@type\":\"ListItem\",\"position\":1,\"name\":\"Home\",\"item\":\"https:\\\/\\\/bijanton.nl\\\/de\\\/\"},{\"@type\":\"ListItem\",\"position\":2,\"name\":\"Kontakt\"}]},{\"@type\":\"WebSite\",\"@id\":\"https:\\\/\\\/bijanton.nl\\\/#website\",\"url\":\"https:\\\/\\\/bijanton.nl\\\/\",\"name\":\"Bij Anton\",\"description\":\"\",\"publisher\":{\"@id\":\"https:\\\/\\\/bijanton.nl\\\/#organization\"},\"potentialAction\":[{\"@type\":\"SearchAction\",\"target\":{\"@type\":\"EntryPoint\",\"urlTemplate\":\"https:\\\/\\\/bijanton.nl\\\/?s={search_term_string}\"},\"query-input\":{\"@type\":\"PropertyValueSpecification\",\"valueRequired\":true,\"valueName\":\"search_term_string\"}}],\"inLanguage\":\"de\"},{\"@type\":\"Organization\",\"@id\":\"https:\\\/\\\/bijanton.nl\\\/#organization\",\"name\":\"Bij Anton\",\"url\":\"https:\\\/\\\/bijanton.nl\\\/\",\"logo\":{\"@type\":\"ImageObject\",\"inLanguage\":\"de\",\"@id\":\"https:\\\/\\\/bijanton.nl\\\/#\\\/schema\\\/logo\\\/image\\\/\",\"url\":\"https:\\\/\\\/bijanton.nl\\\/wp-content\\\/uploads\\\/2024\\\/05\\\/Logo_BijAnton2024_Wit@4x.png\",\"contentUrl\":\"https:\\\/\\\/bijanton.nl\\\/wp-content\\\/uploads\\\/2024\\\/05\\\/Logo_BijAnton2024_Wit@4x.png\",\"width\":1323,\"height\":730,\"caption\":\"Bij Anton\"},\"image\":{\"@id\":\"https:\\\/\\\/bijanton.nl\\\/#\\\/schema\\\/logo\\\/image\\\/\"}}]}<\/script>\n<!-- \/ Yoast SEO plugin. -->","yoast_head_json":{"title":"Kontakt - Bij Anton","robots":{"index":"index","follow":"follow","max-snippet":"max-snippet:-1","max-image-preview":"max-image-preview:large","max-video-preview":"max-video-preview:-1"},"canonical":"https:\/\/bijanton.nl\/de\/kontakt\/","og_locale":"de_DE","og_type":"article","og_title":"Kontakt - Bij Anton","og_description":"Kontaktangaben Anton Pieckplein 25171 CV Kaatsheuvel Telefon: (0416) 20 50 00E-Mail-Adresse: welkom@bijanton.nl \u00d6ffnungszeiten Restaurant und Terrasse Montag: 11.30Dienstag: GESCHLOSSENMittwoch: 11.30Donnerstag: 11.30Freitag: 11.30Samstag: 11.30Sonntag: 11.30 Parken In den Stra\u00dfen rund um Kaatsheuvels lebhaftestes Wohnzimmer gibt es eine Reihe von Parkpl\u00e4tzen. An diesen Orten ist eine Parkscheibe erforderlich, w\u00e4hrend der \u00d6ffnungszeiten der Gesch\u00e4fte k\u00f6nnen Sie 1 Stunde lang kostenlos parken. Nach 18 [&hellip;]","og_url":"https:\/\/bijanton.nl\/de\/kontakt\/","og_site_name":"Bij Anton","article_modified_time":"2024-09-24T13:07:10+00:00","og_image":[{"width":1030,"height":764,"url":"https:\/\/bijanton.nl\/wp-content\/uploads\/2024\/09\/parkeren-bij-Anton_1500px-1030x764-1.jpg","type":"image\/jpeg"}],"twitter_card":"summary_large_image","twitter_misc":{"Gesch\u00e4tzte Lesezeit":"1\u00a0Minute"},"schema":{"@context":"https:\/\/schema.org","@graph":[{"@type":"WebPage","@id":"https:\/\/bijanton.nl\/de\/kontakt\/","url":"https:\/\/bijanton.nl\/de\/kontakt\/","name":"Kontakt - Bij Anton","isPartOf":{"@id":"https:\/\/bijanton.nl\/#website"},"primaryImageOfPage":{"@id":"https:\/\/bijanton.nl\/de\/kontakt\/#primaryimage"},"image":{"@id":"https:\/\/bijanton.nl\/de\/kontakt\/#primaryimage"},"thumbnailUrl":"https:\/\/bijanton.nl\/wp-content\/uploads\/2024\/05\/DSC09151-Werkenbij.jpg","datePublished":"2024-07-31T10:07:41+00:00","dateModified":"2024-09-24T13:07:10+00:00","breadcrumb":{"@id":"https:\/\/bijanton.nl\/de\/kontakt\/#breadcrumb"},"inLanguage":"de","potentialAction":[{"@type":"ReadAction","target":["https:\/\/bijanton.nl\/de\/kontakt\/"]}]},{"@type":"ImageObject","inLanguage":"de","@id":"https:\/\/bijanton.nl\/de\/kontakt\/#primaryimage","url":"https:\/\/bijanton.nl\/wp-content\/uploads\/2024\/05\/DSC09151-Werkenbij.jpg","contentUrl":"https:\/\/bijanton.nl\/wp-content\/uploads\/2024\/05\/DSC09151-Werkenbij.jpg","width":1440,"height":2160,"caption":"Bij Anton restaurant Kaatsheuvel"},{"@type":"BreadcrumbList","@id":"https:\/\/bijanton.nl\/de\/kontakt\/#breadcrumb","itemListElement":[{"@type":"ListItem","position":1,"name":"Home","item":"https:\/\/bijanton.nl\/de\/"},{"@type":"ListItem","position":2,"name":"Kontakt"}]},{"@type":"WebSite","@id":"https:\/\/bijanton.nl\/#website","url":"https:\/\/bijanton.nl\/","name":"Bij Anton","description":"","publisher":{"@id":"https:\/\/bijanton.nl\/#organization"},"potentialAction":[{"@type":"SearchAction","target":{"@type":"EntryPoint","urlTemplate":"https:\/\/bijanton.nl\/?s={search_term_string}"},"query-input":{"@type":"PropertyValueSpecification","valueRequired":true,"valueName":"search_term_string"}}],"inLanguage":"de"},{"@type":"Organization","@id":"https:\/\/bijanton.nl\/#organization","name":"Bij Anton","url":"https:\/\/bijanton.nl\/","logo":{"@type":"ImageObject","inLanguage":"de","@id":"https:\/\/bijanton.nl\/#\/schema\/logo\/image\/","url":"https:\/\/bijanton.nl\/wp-content\/uploads\/2024\/05\/Logo_BijAnton2024_Wit@4x.png","contentUrl":"https:\/\/bijanton.nl\/wp-content\/uploads\/2024\/05\/Logo_BijAnton2024_Wit@4x.png","width":1323,"height":730,"caption":"Bij Anton"},"image":{"@id":"https:\/\/bijanton.nl\/#\/schema\/logo\/image\/"}}]}},"_links":{"self":[{"href":"https:\/\/bijanton.nl\/de\/wp-json\/wp\/v2\/pages\/5461","targetHints":{"allow":["GET"]}}],"collection":[{"href":"https:\/\/bijanton.nl\/de\/wp-json\/wp\/v2\/pages"}],"about":[{"href":"https:\/\/bijanton.nl\/de\/wp-json\/wp\/v2\/types\/page"}],"author":[{"embeddable":true,"href":"https:\/\/bijanton.nl\/de\/wp-json\/wp\/v2\/users\/2"}],"replies":[{"embeddable":true,"href":"https:\/\/bijanton.nl\/de\/wp-json\/wp\/v2\/comments?post=5461"}],"version-history":[{"count":0,"href":"https:\/\/bijanton.nl\/de\/wp-json\/wp\/v2\/pages\/5461\/revisions"}],"wp:featuredmedia":[{"embeddable":true,"href":"https:\/\/bijanton.nl\/de\/wp-json\/wp\/v2\/media\/4708"}],"wp:attachment":[{"href":"https:\/\/bijanton.nl\/de\/wp-json\/wp\/v2\/media?parent=5461"}],"curies":[{"name":"wp","href":"https:\/\/api.w.org\/{rel}","templated":true}]}}