{"id":5180,"date":"2024-07-31T14:41:26","date_gmt":"2024-07-31T12:41:26","guid":{"rendered":"https:\/\/v2.bijanton.nl\/?page_id=5180"},"modified":"2024-09-24T14:50:27","modified_gmt":"2024-09-24T12:50:27","slug":"treffen","status":"publish","type":"page","link":"https:\/\/bijanton.nl\/de\/treffen\/","title":{"rendered":"Treffen"},"content":{"rendered":"\t\t<div data-elementor-type=\"wp-page\" data-elementor-id=\"5180\" class=\"elementor elementor-5180 elementor-5179\" data-elementor-post-type=\"page\">\n\t\t\t\t<div class=\"elementor-element elementor-element-40b72b7 e-con-full e-flex e-con e-parent\" data-id=\"40b72b7\" data-element_type=\"container\" data-e-type=\"container\" data-settings=\"{&quot;background_background&quot;:&quot;classic&quot;}\">\n\t\t\t\t<div class=\"elementor-element elementor-element-4beedca elementor-widget elementor-widget-heading\" data-id=\"4beedca\" data-element_type=\"widget\" data-e-type=\"widget\" data-widget_type=\"heading.default\">\n\t\t\t\t<div class=\"elementor-widget-container\">\n\t\t\t\t\t<h1 class=\"elementor-heading-title elementor-size-default\">Treffen<\/h1>\t\t\t\t<\/div>\n\t\t\t\t<\/div>\n\t\t\t\t<\/div>\n\t\t<div class=\"elementor-element elementor-element-1ec8316 e-flex e-con-boxed e-con e-parent\" data-id=\"1ec8316\" data-element_type=\"container\" data-e-type=\"container\">\n\t\t\t\t\t<div class=\"e-con-inner\">\n\t\t<div class=\"elementor-element elementor-element-2625afc e-con-full e-flex e-con e-child\" data-id=\"2625afc\" data-element_type=\"container\" data-e-type=\"container\">\n\t\t\t\t<div class=\"elementor-element elementor-element-2451c50 elementor-widget elementor-widget-heading\" data-id=\"2451c50\" data-element_type=\"widget\" data-e-type=\"widget\" data-widget_type=\"heading.default\">\n\t\t\t\t<div class=\"elementor-widget-container\">\n\t\t\t\t\t<h2 class=\"elementor-heading-title elementor-size-default\">Theater in der Tastatur<\/h2>\t\t\t\t<\/div>\n\t\t\t\t<\/div>\n\t\t\t\t<div class=\"elementor-element elementor-element-7613356 elementor-widget elementor-widget-text-editor\" data-id=\"7613356\" data-element_type=\"widget\" data-e-type=\"widget\" data-widget_type=\"text-editor.default\">\n\t\t\t\t<div class=\"elementor-widget-container\">\n\t\t\t\t\t\t\t\t\t<p>Verleiht das gewisse Extra<\/p>\n\t\t\t\t\t\t\t\t<\/div>\n\t\t\t\t<\/div>\n\t\t\t\t<div class=\"elementor-element elementor-element-2252b8c elementor-widget elementor-widget-text-editor\" data-id=\"2252b8c\" data-element_type=\"widget\" data-e-type=\"widget\" data-widget_type=\"text-editor.default\">\n\t\t\t\t<div class=\"elementor-widget-container\">\n\t\t\t\t\t\t\t\t\t<p>Ob es sich um eine Konferenz, ein Kundentreffen oder eine Produktpr\u00e4sentation handelt, in unserem Theatersaal ist alles m\u00f6glich.<br \/>\nAuch eine ausgelassene Party mit Live-Musik ist kein Problem.<br \/>\nMit seiner ausfahrbaren Trib\u00fcne mit 242 Sitzpl\u00e4tzen verwandeln wir unseren Saal im Handumdrehen in einen gro\u00dfen Party- oder Pr\u00e4sentationsraum.  <\/p>\n\t\t\t\t\t\t\t\t<\/div>\n\t\t\t\t<\/div>\n\t\t\t\t<\/div>\n\t\t<div class=\"elementor-element elementor-element-e2f0c1b e-con-full e-flex e-con e-child\" data-id=\"e2f0c1b\" data-element_type=\"container\" data-e-type=\"container\">\n\t\t\t\t<div class=\"elementor-element elementor-element-9db803b elementor-widget elementor-widget-image\" data-id=\"9db803b\" data-element_type=\"widget\" data-e-type=\"widget\" data-widget_type=\"image.default\">\n\t\t\t\t<div class=\"elementor-widget-container\">\n\t\t\t\t\t\t\t\t\t\t\t\t\t\t\t<img fetchpriority=\"high\" decoding=\"async\" width=\"1030\" height=\"773\" src=\"https:\/\/bijanton.nl\/wp-content\/uploads\/2019\/05\/13411657_867635743341952_4942054718120526649_o-1030x773.jpg\" class=\"attachment-large size-large wp-image-1145\" alt=\"\" srcset=\"https:\/\/bijanton.nl\/wp-content\/uploads\/2019\/05\/13411657_867635743341952_4942054718120526649_o-1030x773.jpg 1030w, https:\/\/bijanton.nl\/wp-content\/uploads\/2019\/05\/13411657_867635743341952_4942054718120526649_o-300x225.jpg 300w, https:\/\/bijanton.nl\/wp-content\/uploads\/2019\/05\/13411657_867635743341952_4942054718120526649_o-768x576.jpg 768w, https:\/\/bijanton.nl\/wp-content\/uploads\/2019\/05\/13411657_867635743341952_4942054718120526649_o-1500x1125.jpg 1500w, https:\/\/bijanton.nl\/wp-content\/uploads\/2019\/05\/13411657_867635743341952_4942054718120526649_o-705x529.jpg 705w, https:\/\/bijanton.nl\/wp-content\/uploads\/2019\/05\/13411657_867635743341952_4942054718120526649_o-450x338.jpg 450w\" sizes=\"(max-width: 1030px) 100vw, 1030px\" \/>\t\t\t\t\t\t\t\t\t\t\t\t\t\t\t<\/div>\n\t\t\t\t<\/div>\n\t\t\t\t<\/div>\n\t\t\t\t\t<\/div>\n\t\t\t\t<\/div>\n\t\t<div class=\"elementor-element elementor-element-33c6ce5 e-flex e-con-boxed e-con e-parent\" data-id=\"33c6ce5\" data-element_type=\"container\" data-e-type=\"container\">\n\t\t\t\t\t<div class=\"e-con-inner\">\n\t\t<div class=\"elementor-element elementor-element-af60837 e-con-full e-flex e-con e-child\" data-id=\"af60837\" data-element_type=\"container\" data-e-type=\"container\">\n\t\t\t\t<div class=\"elementor-element elementor-element-1e15613 elementor-widget elementor-widget-image\" data-id=\"1e15613\" data-element_type=\"widget\" data-e-type=\"widget\" data-widget_type=\"image.default\">\n\t\t\t\t<div class=\"elementor-widget-container\">\n\t\t\t\t\t\t\t\t\t\t\t\t\t\t\t<img decoding=\"async\" width=\"1030\" height=\"685\" src=\"https:\/\/bijanton.nl\/wp-content\/uploads\/2019\/05\/kleine-vergaderruimte-1030x685.jpg\" class=\"attachment-large size-large wp-image-1147\" alt=\"\" srcset=\"https:\/\/bijanton.nl\/wp-content\/uploads\/2019\/05\/kleine-vergaderruimte-1030x685.jpg 1030w, https:\/\/bijanton.nl\/wp-content\/uploads\/2019\/05\/kleine-vergaderruimte-300x200.jpg 300w, https:\/\/bijanton.nl\/wp-content\/uploads\/2019\/05\/kleine-vergaderruimte-768x511.jpg 768w, https:\/\/bijanton.nl\/wp-content\/uploads\/2019\/05\/kleine-vergaderruimte-1500x998.jpg 1500w, https:\/\/bijanton.nl\/wp-content\/uploads\/2019\/05\/kleine-vergaderruimte-705x469.jpg 705w, https:\/\/bijanton.nl\/wp-content\/uploads\/2019\/05\/kleine-vergaderruimte-450x299.jpg 450w, https:\/\/bijanton.nl\/wp-content\/uploads\/2019\/05\/kleine-vergaderruimte.jpg 1800w\" sizes=\"(max-width: 1030px) 100vw, 1030px\" \/>\t\t\t\t\t\t\t\t\t\t\t\t\t\t\t<\/div>\n\t\t\t\t<\/div>\n\t\t\t\t<\/div>\n\t\t<div class=\"elementor-element elementor-element-0de940e e-con-full e-flex e-con e-child\" data-id=\"0de940e\" data-element_type=\"container\" data-e-type=\"container\">\n\t\t\t\t<div class=\"elementor-element elementor-element-21375c3 elementor-widget elementor-widget-heading\" data-id=\"21375c3\" data-element_type=\"widget\" data-e-type=\"widget\" data-widget_type=\"heading.default\">\n\t\t\t\t<div class=\"elementor-widget-container\">\n\t\t\t\t\t<h2 class=\"elementor-heading-title elementor-size-default\">Tagungsr\u00e4ume<\/h2>\t\t\t\t<\/div>\n\t\t\t\t<\/div>\n\t\t\t\t<div class=\"elementor-element elementor-element-3ede362 elementor-widget elementor-widget-text-editor\" data-id=\"3ede362\" data-element_type=\"widget\" data-e-type=\"widget\" data-widget_type=\"text-editor.default\">\n\t\t\t\t<div class=\"elementor-widget-container\">\n\t\t\t\t\t\t\t\t\t<p>Im Herzen des belebten Dorfes<\/p>\n\t\t\t\t\t\t\t\t<\/div>\n\t\t\t\t<\/div>\n\t\t\t\t<div class=\"elementor-element elementor-element-2f0e6a6 elementor-widget elementor-widget-text-editor\" data-id=\"2f0e6a6\" data-element_type=\"widget\" data-e-type=\"widget\" data-widget_type=\"text-editor.default\">\n\t\t\t\t<div class=\"elementor-widget-container\">\n\t\t\t\t\t\t\t\t\t<p>Ob es sich um eine Konferenz, ein Kundentreffen oder eine Produktpr\u00e4sentation handelt, in unserem Theatersaal ist alles m\u00f6glich.<br \/>\nAuch eine ausgelassene Party mit Live-Musik ist kein Problem.<br \/>\nMit seiner ausfahrbaren Trib\u00fcne mit 242 Sitzpl\u00e4tzen verwandeln wir unseren Saal im Handumdrehen in einen gro\u00dfen Party- oder Pr\u00e4sentationsraum.  <\/p>\n\t\t\t\t\t\t\t\t<\/div>\n\t\t\t\t<\/div>\n\t\t\t\t<\/div>\n\t\t\t\t\t<\/div>\n\t\t\t\t<\/div>\n\t\t<div class=\"elementor-element elementor-element-9c7157b e-flex e-con-boxed e-con e-parent\" data-id=\"9c7157b\" data-element_type=\"container\" data-e-type=\"container\">\n\t\t\t\t\t<div class=\"e-con-inner\">\n\t\t<div class=\"elementor-element elementor-element-58d80b1 e-con-full e-flex e-con e-child\" data-id=\"58d80b1\" data-element_type=\"container\" data-e-type=\"container\">\n\t\t\t\t<div class=\"elementor-element elementor-element-c32a0c0 elementor-widget elementor-widget-heading\" data-id=\"c32a0c0\" data-element_type=\"widget\" data-e-type=\"widget\" data-widget_type=\"heading.default\">\n\t\t\t\t<div class=\"elementor-widget-container\">\n\t\t\t\t\t<h2 class=\"elementor-heading-title elementor-size-default\">Tanzsaal<\/h2>\t\t\t\t<\/div>\n\t\t\t\t<\/div>\n\t\t\t\t<div class=\"elementor-element elementor-element-9950740 elementor-widget elementor-widget-text-editor\" data-id=\"9950740\" data-element_type=\"widget\" data-e-type=\"widget\" data-widget_type=\"text-editor.default\">\n\t\t\t\t<div class=\"elementor-widget-container\">\n\t\t\t\t\t\t\t\t\tWo der Tanz unendlich ist  \t\t\t\t\t\t\t\t<\/div>\n\t\t\t\t<\/div>\n\t\t\t\t<div class=\"elementor-element elementor-element-aa8093e elementor-widget elementor-widget-text-editor\" data-id=\"aa8093e\" data-element_type=\"widget\" data-e-type=\"widget\" data-widget_type=\"text-editor.default\">\n\t\t\t\t<div class=\"elementor-widget-container\">\n\t\t\t\t\t\t\t\t\t<p>Ob es sich um eine Konferenz, ein Kundentreffen oder eine Produktpr\u00e4sentation handelt, in unserem Theatersaal ist alles m\u00f6glich.<br \/>\nAuch eine ausgelassene Party mit Live-Musik ist kein Problem.<br \/>\nMit seiner ausfahrbaren Trib\u00fcne mit 242 Sitzpl\u00e4tzen verwandeln wir unseren Saal im Handumdrehen in einen gro\u00dfen Party- oder Pr\u00e4sentationsraum.  <\/p>\n\t\t\t\t\t\t\t\t<\/div>\n\t\t\t\t<\/div>\n\t\t\t\t<\/div>\n\t\t<div class=\"elementor-element elementor-element-c0c95de e-con-full e-flex e-con e-child\" data-id=\"c0c95de\" data-element_type=\"container\" data-e-type=\"container\">\n\t\t\t\t<div class=\"elementor-element elementor-element-c4c6b15 elementor-widget elementor-widget-image\" data-id=\"c4c6b15\" data-element_type=\"widget\" data-e-type=\"widget\" data-widget_type=\"image.default\">\n\t\t\t\t<div class=\"elementor-widget-container\">\n\t\t\t\t\t\t\t\t\t\t\t\t\t\t\t<img decoding=\"async\" width=\"1030\" height=\"683\" src=\"https:\/\/bijanton.nl\/wp-content\/uploads\/2019\/05\/danszaal-HDR-1030x683.jpg\" class=\"attachment-large size-large wp-image-1149\" alt=\"\" srcset=\"https:\/\/bijanton.nl\/wp-content\/uploads\/2019\/05\/danszaal-HDR-1030x683.jpg 1030w, https:\/\/bijanton.nl\/wp-content\/uploads\/2019\/05\/danszaal-HDR-300x199.jpg 300w, https:\/\/bijanton.nl\/wp-content\/uploads\/2019\/05\/danszaal-HDR-768x509.jpg 768w, https:\/\/bijanton.nl\/wp-content\/uploads\/2019\/05\/danszaal-HDR-1500x995.jpg 1500w, https:\/\/bijanton.nl\/wp-content\/uploads\/2019\/05\/danszaal-HDR-705x468.jpg 705w, https:\/\/bijanton.nl\/wp-content\/uploads\/2019\/05\/danszaal-HDR-450x298.jpg 450w, https:\/\/bijanton.nl\/wp-content\/uploads\/2019\/05\/danszaal-HDR.jpg 1600w\" sizes=\"(max-width: 1030px) 100vw, 1030px\" \/>\t\t\t\t\t\t\t\t\t\t\t\t\t\t\t<\/div>\n\t\t\t\t<\/div>\n\t\t\t\t<\/div>\n\t\t\t\t\t<\/div>\n\t\t\t\t<\/div>\n\t\t<div class=\"elementor-element elementor-element-ba8b389 e-flex e-con-boxed e-con e-parent\" data-id=\"ba8b389\" data-element_type=\"container\" data-e-type=\"container\">\n\t\t\t\t\t<div class=\"e-con-inner\">\n\t\t<div class=\"elementor-element elementor-element-7db8cac e-con-full e-flex e-con e-child\" data-id=\"7db8cac\" data-element_type=\"container\" data-e-type=\"container\">\n\t\t\t\t<div class=\"elementor-element elementor-element-7a0fa77 elementor-widget elementor-widget-image\" data-id=\"7a0fa77\" data-element_type=\"widget\" data-e-type=\"widget\" data-widget_type=\"image.default\">\n\t\t\t\t<div class=\"elementor-widget-container\">\n\t\t\t\t\t\t\t\t\t\t\t\t\t\t\t<img loading=\"lazy\" decoding=\"async\" width=\"1030\" height=\"684\" src=\"https:\/\/bijanton.nl\/wp-content\/uploads\/2019\/05\/raadzaal-2-HDR-1030x684.jpg\" class=\"attachment-large size-large wp-image-1151\" alt=\"\" srcset=\"https:\/\/bijanton.nl\/wp-content\/uploads\/2019\/05\/raadzaal-2-HDR-1030x684.jpg 1030w, https:\/\/bijanton.nl\/wp-content\/uploads\/2019\/05\/raadzaal-2-HDR-300x199.jpg 300w, https:\/\/bijanton.nl\/wp-content\/uploads\/2019\/05\/raadzaal-2-HDR-768x510.jpg 768w, https:\/\/bijanton.nl\/wp-content\/uploads\/2019\/05\/raadzaal-2-HDR-1500x996.jpg 1500w, https:\/\/bijanton.nl\/wp-content\/uploads\/2019\/05\/raadzaal-2-HDR-705x468.jpg 705w, https:\/\/bijanton.nl\/wp-content\/uploads\/2019\/05\/raadzaal-2-HDR-450x299.jpg 450w, https:\/\/bijanton.nl\/wp-content\/uploads\/2019\/05\/raadzaal-2-HDR.jpg 1600w\" sizes=\"(max-width: 1030px) 100vw, 1030px\" \/>\t\t\t\t\t\t\t\t\t\t\t\t\t\t\t<\/div>\n\t\t\t\t<\/div>\n\t\t\t\t<\/div>\n\t\t<div class=\"elementor-element elementor-element-e73c97c e-con-full e-flex e-con e-child\" data-id=\"e73c97c\" data-element_type=\"container\" data-e-type=\"container\">\n\t\t\t\t<div class=\"elementor-element elementor-element-0705a53 elementor-widget elementor-widget-heading\" data-id=\"0705a53\" data-element_type=\"widget\" data-e-type=\"widget\" data-widget_type=\"heading.default\">\n\t\t\t\t<div class=\"elementor-widget-container\">\n\t\t\t\t\t<h2 class=\"elementor-heading-title elementor-size-default\">Ratssaal<\/h2>\t\t\t\t<\/div>\n\t\t\t\t<\/div>\n\t\t\t\t<div class=\"elementor-element elementor-element-8fdbaed elementor-widget elementor-widget-text-editor\" data-id=\"8fdbaed\" data-element_type=\"widget\" data-e-type=\"widget\" data-widget_type=\"text-editor.default\">\n\t\t\t\t<div class=\"elementor-widget-container\">\n\t\t\t\t\t\t\t\t\t<p>Stilvolle Meetings und mehr&#8230;<\/p>\n\t\t\t\t\t\t\t\t<\/div>\n\t\t\t\t<\/div>\n\t\t\t\t<div class=\"elementor-element elementor-element-d5e2a4b elementor-widget elementor-widget-text-editor\" data-id=\"d5e2a4b\" data-element_type=\"widget\" data-e-type=\"widget\" data-widget_type=\"text-editor.default\">\n\t\t\t\t<div class=\"elementor-widget-container\">\n\t\t\t\t\t\t\t\t\tWir m\u00f6chten Sie besonders auf unseren Ratssaal aufmerksam machen.\nDieser stilvolle Ratssaal ist nicht nur ein Hochzeitssaal, sondern kann auch als besonderer Konferenzraum gemietet werden.   \t\t\t\t\t\t\t\t<\/div>\n\t\t\t\t<\/div>\n\t\t\t\t<\/div>\n\t\t\t\t\t<\/div>\n\t\t\t\t<\/div>\n\t\t\t\t<\/div>\n\t\t","protected":false},"excerpt":{"rendered":"<p>Theater in der Tastatur Verleiht das gewisse Extra Ob es sich um eine Konferenz, ein Kundentreffen oder eine Produktpr\u00e4sentation handelt, in unserem Theatersaal ist alles m\u00f6glich. Auch eine ausgelassene Party mit Live-Musik ist kein Problem. Mit seiner ausfahrbaren Trib\u00fcne mit 242 Sitzpl\u00e4tzen verwandeln wir unseren Saal im Handumdrehen in einen gro\u00dfen Party- oder Pr\u00e4sentationsraum. Tagungsr\u00e4ume Im Herzen des belebten Dorfes [&hellip;]<\/p>\n","protected":false},"author":2,"featured_media":0,"parent":0,"menu_order":0,"comment_status":"closed","ping_status":"closed","template":"full-width.php","meta":{"footnotes":""},"class_list":["post-5180","page","type-page","status-publish","hentry"],"yoast_head":"<!-- This site is optimized with the Yoast SEO plugin v27.3 - https:\/\/yoast.com\/product\/yoast-seo-wordpress\/ -->\n<title>Treffen - Bij Anton<\/title>\n<meta name=\"robots\" content=\"index, follow, max-snippet:-1, max-image-preview:large, max-video-preview:-1\" \/>\n<link rel=\"canonical\" href=\"https:\/\/bijanton.nl\/de\/treffen\/\" \/>\n<meta property=\"og:locale\" content=\"de_DE\" \/>\n<meta property=\"og:type\" content=\"article\" \/>\n<meta property=\"og:title\" content=\"Treffen - Bij Anton\" \/>\n<meta property=\"og:description\" content=\"Theater in der Tastatur Verleiht das gewisse Extra Ob es sich um eine Konferenz, ein Kundentreffen oder eine Produktpr\u00e4sentation handelt, in unserem Theatersaal ist alles m\u00f6glich. Auch eine ausgelassene Party mit Live-Musik ist kein Problem. Mit seiner ausfahrbaren Trib\u00fcne mit 242 Sitzpl\u00e4tzen verwandeln wir unseren Saal im Handumdrehen in einen gro\u00dfen Party- oder Pr\u00e4sentationsraum. Tagungsr\u00e4ume Im Herzen des belebten Dorfes [&hellip;]\" \/>\n<meta property=\"og:url\" content=\"https:\/\/bijanton.nl\/de\/treffen\/\" \/>\n<meta property=\"og:site_name\" content=\"Bij Anton\" \/>\n<meta property=\"article:modified_time\" content=\"2024-09-24T12:50:27+00:00\" \/>\n<meta property=\"og:image\" content=\"https:\/\/bijanton.nl\/wp-content\/uploads\/2019\/05\/13411657_867635743341952_4942054718120526649_o.jpg\" \/>\n\t<meta property=\"og:image:width\" content=\"2048\" \/>\n\t<meta property=\"og:image:height\" content=\"1536\" \/>\n\t<meta property=\"og:image:type\" content=\"image\/jpeg\" \/>\n<meta name=\"twitter:card\" content=\"summary_large_image\" \/>\n<meta name=\"twitter:label1\" content=\"Gesch\u00e4tzte Lesezeit\" \/>\n\t<meta name=\"twitter:data1\" content=\"1\u00a0Minute\" \/>\n<script type=\"application\/ld+json\" class=\"yoast-schema-graph\">{\"@context\":\"https:\\\/\\\/schema.org\",\"@graph\":[{\"@type\":\"WebPage\",\"@id\":\"https:\\\/\\\/bijanton.nl\\\/de\\\/treffen\\\/\",\"url\":\"https:\\\/\\\/bijanton.nl\\\/de\\\/treffen\\\/\",\"name\":\"Treffen - Bij Anton\",\"isPartOf\":{\"@id\":\"https:\\\/\\\/bijanton.nl\\\/#website\"},\"primaryImageOfPage\":{\"@id\":\"https:\\\/\\\/bijanton.nl\\\/de\\\/treffen\\\/#primaryimage\"},\"image\":{\"@id\":\"https:\\\/\\\/bijanton.nl\\\/de\\\/treffen\\\/#primaryimage\"},\"thumbnailUrl\":\"https:\\\/\\\/bijanton.nl\\\/wp-content\\\/uploads\\\/2019\\\/05\\\/13411657_867635743341952_4942054718120526649_o-1030x773.jpg\",\"datePublished\":\"2024-07-31T12:41:26+00:00\",\"dateModified\":\"2024-09-24T12:50:27+00:00\",\"breadcrumb\":{\"@id\":\"https:\\\/\\\/bijanton.nl\\\/de\\\/treffen\\\/#breadcrumb\"},\"inLanguage\":\"de\",\"potentialAction\":[{\"@type\":\"ReadAction\",\"target\":[\"https:\\\/\\\/bijanton.nl\\\/de\\\/treffen\\\/\"]}]},{\"@type\":\"ImageObject\",\"inLanguage\":\"de\",\"@id\":\"https:\\\/\\\/bijanton.nl\\\/de\\\/treffen\\\/#primaryimage\",\"url\":\"https:\\\/\\\/bijanton.nl\\\/wp-content\\\/uploads\\\/2019\\\/05\\\/13411657_867635743341952_4942054718120526649_o-1030x773.jpg\",\"contentUrl\":\"https:\\\/\\\/bijanton.nl\\\/wp-content\\\/uploads\\\/2019\\\/05\\\/13411657_867635743341952_4942054718120526649_o-1030x773.jpg\"},{\"@type\":\"BreadcrumbList\",\"@id\":\"https:\\\/\\\/bijanton.nl\\\/de\\\/treffen\\\/#breadcrumb\",\"itemListElement\":[{\"@type\":\"ListItem\",\"position\":1,\"name\":\"Home\",\"item\":\"https:\\\/\\\/bijanton.nl\\\/de\\\/\"},{\"@type\":\"ListItem\",\"position\":2,\"name\":\"Treffen\"}]},{\"@type\":\"WebSite\",\"@id\":\"https:\\\/\\\/bijanton.nl\\\/#website\",\"url\":\"https:\\\/\\\/bijanton.nl\\\/\",\"name\":\"Bij Anton\",\"description\":\"\",\"publisher\":{\"@id\":\"https:\\\/\\\/bijanton.nl\\\/#organization\"},\"potentialAction\":[{\"@type\":\"SearchAction\",\"target\":{\"@type\":\"EntryPoint\",\"urlTemplate\":\"https:\\\/\\\/bijanton.nl\\\/?s={search_term_string}\"},\"query-input\":{\"@type\":\"PropertyValueSpecification\",\"valueRequired\":true,\"valueName\":\"search_term_string\"}}],\"inLanguage\":\"de\"},{\"@type\":\"Organization\",\"@id\":\"https:\\\/\\\/bijanton.nl\\\/#organization\",\"name\":\"Bij Anton\",\"url\":\"https:\\\/\\\/bijanton.nl\\\/\",\"logo\":{\"@type\":\"ImageObject\",\"inLanguage\":\"de\",\"@id\":\"https:\\\/\\\/bijanton.nl\\\/#\\\/schema\\\/logo\\\/image\\\/\",\"url\":\"https:\\\/\\\/bijanton.nl\\\/wp-content\\\/uploads\\\/2024\\\/05\\\/Logo_BijAnton2024_Wit@4x.png\",\"contentUrl\":\"https:\\\/\\\/bijanton.nl\\\/wp-content\\\/uploads\\\/2024\\\/05\\\/Logo_BijAnton2024_Wit@4x.png\",\"width\":1323,\"height\":730,\"caption\":\"Bij Anton\"},\"image\":{\"@id\":\"https:\\\/\\\/bijanton.nl\\\/#\\\/schema\\\/logo\\\/image\\\/\"}}]}<\/script>\n<!-- \/ Yoast SEO plugin. -->","yoast_head_json":{"title":"Treffen - Bij Anton","robots":{"index":"index","follow":"follow","max-snippet":"max-snippet:-1","max-image-preview":"max-image-preview:large","max-video-preview":"max-video-preview:-1"},"canonical":"https:\/\/bijanton.nl\/de\/treffen\/","og_locale":"de_DE","og_type":"article","og_title":"Treffen - Bij Anton","og_description":"Theater in der Tastatur Verleiht das gewisse Extra Ob es sich um eine Konferenz, ein Kundentreffen oder eine Produktpr\u00e4sentation handelt, in unserem Theatersaal ist alles m\u00f6glich. Auch eine ausgelassene Party mit Live-Musik ist kein Problem. Mit seiner ausfahrbaren Trib\u00fcne mit 242 Sitzpl\u00e4tzen verwandeln wir unseren Saal im Handumdrehen in einen gro\u00dfen Party- oder Pr\u00e4sentationsraum. Tagungsr\u00e4ume Im Herzen des belebten Dorfes [&hellip;]","og_url":"https:\/\/bijanton.nl\/de\/treffen\/","og_site_name":"Bij Anton","article_modified_time":"2024-09-24T12:50:27+00:00","og_image":[{"width":2048,"height":1536,"url":"https:\/\/bijanton.nl\/wp-content\/uploads\/2019\/05\/13411657_867635743341952_4942054718120526649_o.jpg","type":"image\/jpeg"}],"twitter_card":"summary_large_image","twitter_misc":{"Gesch\u00e4tzte Lesezeit":"1\u00a0Minute"},"schema":{"@context":"https:\/\/schema.org","@graph":[{"@type":"WebPage","@id":"https:\/\/bijanton.nl\/de\/treffen\/","url":"https:\/\/bijanton.nl\/de\/treffen\/","name":"Treffen - Bij Anton","isPartOf":{"@id":"https:\/\/bijanton.nl\/#website"},"primaryImageOfPage":{"@id":"https:\/\/bijanton.nl\/de\/treffen\/#primaryimage"},"image":{"@id":"https:\/\/bijanton.nl\/de\/treffen\/#primaryimage"},"thumbnailUrl":"https:\/\/bijanton.nl\/wp-content\/uploads\/2019\/05\/13411657_867635743341952_4942054718120526649_o-1030x773.jpg","datePublished":"2024-07-31T12:41:26+00:00","dateModified":"2024-09-24T12:50:27+00:00","breadcrumb":{"@id":"https:\/\/bijanton.nl\/de\/treffen\/#breadcrumb"},"inLanguage":"de","potentialAction":[{"@type":"ReadAction","target":["https:\/\/bijanton.nl\/de\/treffen\/"]}]},{"@type":"ImageObject","inLanguage":"de","@id":"https:\/\/bijanton.nl\/de\/treffen\/#primaryimage","url":"https:\/\/bijanton.nl\/wp-content\/uploads\/2019\/05\/13411657_867635743341952_4942054718120526649_o-1030x773.jpg","contentUrl":"https:\/\/bijanton.nl\/wp-content\/uploads\/2019\/05\/13411657_867635743341952_4942054718120526649_o-1030x773.jpg"},{"@type":"BreadcrumbList","@id":"https:\/\/bijanton.nl\/de\/treffen\/#breadcrumb","itemListElement":[{"@type":"ListItem","position":1,"name":"Home","item":"https:\/\/bijanton.nl\/de\/"},{"@type":"ListItem","position":2,"name":"Treffen"}]},{"@type":"WebSite","@id":"https:\/\/bijanton.nl\/#website","url":"https:\/\/bijanton.nl\/","name":"Bij Anton","description":"","publisher":{"@id":"https:\/\/bijanton.nl\/#organization"},"potentialAction":[{"@type":"SearchAction","target":{"@type":"EntryPoint","urlTemplate":"https:\/\/bijanton.nl\/?s={search_term_string}"},"query-input":{"@type":"PropertyValueSpecification","valueRequired":true,"valueName":"search_term_string"}}],"inLanguage":"de"},{"@type":"Organization","@id":"https:\/\/bijanton.nl\/#organization","name":"Bij Anton","url":"https:\/\/bijanton.nl\/","logo":{"@type":"ImageObject","inLanguage":"de","@id":"https:\/\/bijanton.nl\/#\/schema\/logo\/image\/","url":"https:\/\/bijanton.nl\/wp-content\/uploads\/2024\/05\/Logo_BijAnton2024_Wit@4x.png","contentUrl":"https:\/\/bijanton.nl\/wp-content\/uploads\/2024\/05\/Logo_BijAnton2024_Wit@4x.png","width":1323,"height":730,"caption":"Bij Anton"},"image":{"@id":"https:\/\/bijanton.nl\/#\/schema\/logo\/image\/"}}]}},"_links":{"self":[{"href":"https:\/\/bijanton.nl\/de\/wp-json\/wp\/v2\/pages\/5180","targetHints":{"allow":["GET"]}}],"collection":[{"href":"https:\/\/bijanton.nl\/de\/wp-json\/wp\/v2\/pages"}],"about":[{"href":"https:\/\/bijanton.nl\/de\/wp-json\/wp\/v2\/types\/page"}],"author":[{"embeddable":true,"href":"https:\/\/bijanton.nl\/de\/wp-json\/wp\/v2\/users\/2"}],"replies":[{"embeddable":true,"href":"https:\/\/bijanton.nl\/de\/wp-json\/wp\/v2\/comments?post=5180"}],"version-history":[{"count":0,"href":"https:\/\/bijanton.nl\/de\/wp-json\/wp\/v2\/pages\/5180\/revisions"}],"wp:attachment":[{"href":"https:\/\/bijanton.nl\/de\/wp-json\/wp\/v2\/media?parent=5180"}],"curies":[{"name":"wp","href":"https:\/\/api.w.org\/{rel}","templated":true}]}}