{"id":5160,"date":"2024-07-31T14:41:26","date_gmt":"2024-07-31T12:41:26","guid":{"rendered":"https:\/\/v2.bijanton.nl\/?page_id=5160"},"modified":"2024-09-24T14:48:09","modified_gmt":"2024-09-24T12:48:09","slug":"ueber-uns","status":"publish","type":"page","link":"https:\/\/bijanton.nl\/de\/ueber-uns\/","title":{"rendered":"\u00dcber uns"},"content":{"rendered":"\t\t<div data-elementor-type=\"wp-page\" data-elementor-id=\"5160\" class=\"elementor elementor-5160 elementor-5159\" data-elementor-post-type=\"page\">\n\t\t\t\t<div class=\"elementor-element elementor-element-40b72b7 e-con-full e-flex e-con e-parent\" data-id=\"40b72b7\" data-element_type=\"container\" data-e-type=\"container\" data-settings=\"{&quot;background_background&quot;:&quot;classic&quot;}\">\n\t\t\t\t<div class=\"elementor-element elementor-element-4beedca elementor-widget elementor-widget-heading\" data-id=\"4beedca\" data-element_type=\"widget\" data-e-type=\"widget\" data-widget_type=\"heading.default\">\n\t\t\t\t<div class=\"elementor-widget-container\">\n\t\t\t\t\t<h1 class=\"elementor-heading-title elementor-size-default\">\u00dcber uns<\/h1>\t\t\t\t<\/div>\n\t\t\t\t<\/div>\n\t\t\t\t<\/div>\n\t\t<div class=\"elementor-element elementor-element-1ec8316 e-flex e-con-boxed e-con e-parent\" data-id=\"1ec8316\" data-element_type=\"container\" data-e-type=\"container\">\n\t\t\t\t\t<div class=\"e-con-inner\">\n\t\t<div class=\"elementor-element elementor-element-2625afc e-con-full e-flex e-con e-child\" data-id=\"2625afc\" data-element_type=\"container\" data-e-type=\"container\">\n\t\t\t\t<div class=\"elementor-element elementor-element-2252b8c elementor-widget elementor-widget-text-editor\" data-id=\"2252b8c\" data-element_type=\"widget\" data-e-type=\"widget\" data-widget_type=\"text-editor.default\">\n\t\t\t\t<div class=\"elementor-widget-container\">\n\t\t\t\t\t\t\t\t\t<p>Anton hat immer etwas Leckeres zum Kaffee dabei, zaubert die k\u00f6stlichsten Gerichte aus der K\u00fcche oder l\u00e4dt Musikfreunde ein, um live zu spielen.<\/p>\n<p>Anton sorgt f\u00fcr Snacks und Getr\u00e4nke und in seinem Keller lagern die leckersten Weine und Biere.<br \/>\nDie Bitterballen sind im Dorf ber\u00fchmt und bei sch\u00f6nem Wetter ist immer ein Platz auf der gem\u00fctlichen Terrasse frei. <\/p>\n<p>Die Kinder werden extra verw\u00f6hnt.<br \/>\nFr\u00f6hliche M\u00e4rchen und spannende Geschichten.<br \/>\nEinige davon finden Sie auf der Kinderkarte.<br \/>\nEs enth\u00e4lt auch viele Leckereien, aus denen die Kinder w\u00e4hlen k\u00f6nnen.<br \/>\nDenn wenn Kinder sich am\u00fcsieren, sieht man ihnen an, dass sie noch mehr Spa\u00df haben    <\/p>\n\t\t\t\t\t\t\t\t<\/div>\n\t\t\t\t<\/div>\n\t\t\t\t<\/div>\n\t\t<div class=\"elementor-element elementor-element-e2f0c1b e-con-full e-flex e-con e-child\" data-id=\"e2f0c1b\" data-element_type=\"container\" data-e-type=\"container\">\n\t\t\t\t<div class=\"elementor-element elementor-element-9db803b elementor-widget elementor-widget-image\" data-id=\"9db803b\" data-element_type=\"widget\" data-e-type=\"widget\" data-widget_type=\"image.default\">\n\t\t\t\t<div class=\"elementor-widget-container\">\n\t\t\t\t\t\t\t\t\t\t\t\t\t\t\t<img fetchpriority=\"high\" decoding=\"async\" width=\"687\" height=\"1030\" src=\"https:\/\/bijanton.nl\/wp-content\/uploads\/2024\/05\/DSC09562-Over-ons-687x1030.jpg\" class=\"attachment-large size-large wp-image-4726\" alt=\"Bij Anton Kaatsheuvel Restaurant\" srcset=\"https:\/\/bijanton.nl\/wp-content\/uploads\/2024\/05\/DSC09562-Over-ons-687x1030.jpg 687w, https:\/\/bijanton.nl\/wp-content\/uploads\/2024\/05\/DSC09562-Over-ons-200x300.jpg 200w, https:\/\/bijanton.nl\/wp-content\/uploads\/2024\/05\/DSC09562-Over-ons-768x1152.jpg 768w, https:\/\/bijanton.nl\/wp-content\/uploads\/2024\/05\/DSC09562-Over-ons-1024x1536.jpg 1024w, https:\/\/bijanton.nl\/wp-content\/uploads\/2024\/05\/DSC09562-Over-ons-1365x2048.jpg 1365w, https:\/\/bijanton.nl\/wp-content\/uploads\/2024\/05\/DSC09562-Over-ons.jpg 1440w\" sizes=\"(max-width: 687px) 100vw, 687px\" \/>\t\t\t\t\t\t\t\t\t\t\t\t\t\t\t<\/div>\n\t\t\t\t<\/div>\n\t\t\t\t<\/div>\n\t\t\t\t\t<\/div>\n\t\t\t\t<\/div>\n\t\t<div class=\"elementor-element elementor-element-6c1705b e-flex e-con-boxed e-con e-parent\" data-id=\"6c1705b\" data-element_type=\"container\" data-e-type=\"container\" data-settings=\"{&quot;background_background&quot;:&quot;classic&quot;}\">\n\t\t\t\t\t<div class=\"e-con-inner\">\n\t\t<div class=\"elementor-element elementor-element-3c50c3b e-con-full e-flex e-con e-child\" data-id=\"3c50c3b\" data-element_type=\"container\" data-e-type=\"container\">\n\t\t\t\t<div class=\"elementor-element elementor-element-ab953d0 elementor-widget elementor-widget-heading\" data-id=\"ab953d0\" data-element_type=\"widget\" data-e-type=\"widget\" data-widget_type=\"heading.default\">\n\t\t\t\t<div class=\"elementor-widget-container\">\n\t\t\t\t\t<h2 class=\"elementor-heading-title elementor-size-default\">Parteien<\/h2>\t\t\t\t<\/div>\n\t\t\t\t<\/div>\n\t\t\t\t<div class=\"elementor-element elementor-element-b9b8a2f elementor-widget elementor-widget-text-editor\" data-id=\"b9b8a2f\" data-element_type=\"widget\" data-e-type=\"widget\" data-widget_type=\"text-editor.default\">\n\t\t\t\t<div class=\"elementor-widget-container\">\n\t\t\t\t\t\t\t\t\t<p class=\"p2\">Anton ist immer f\u00fcr eine Party zu haben.<br \/>\nEin Jubil\u00e4um, ein Geburtstag, eine Hochzeit oder etwas anderes zum Feiern?<br \/>\nLassen Sie es Anton wissen und er hat immer Ideen, um die Party besonders gem\u00fctlich und besonders zu machen.<br \/>\nDie Erinnerung, die Sie sp\u00e4ter haben wollen, m\u00fcssen Sie jetzt schaffen.   <\/p>\n<p>Rufen Sie uns an (0416-205000) oder schicken Sie uns eine E-Mail (welkom@bijanton.nl), um sich zu informieren.<br \/>\nWir sorgen gerne daf\u00fcr, dass Ihre Party blitzsauber ist! <\/p>\n\t\t\t\t\t\t\t\t<\/div>\n\t\t\t\t<\/div>\n\t\t\t\t<\/div>\n\t\t<div class=\"elementor-element elementor-element-57354c0 e-con-full e-flex e-con e-child\" data-id=\"57354c0\" data-element_type=\"container\" data-e-type=\"container\">\n\t\t\t\t<div class=\"elementor-element elementor-element-15ad627 elementor-widget elementor-widget-heading\" data-id=\"15ad627\" data-element_type=\"widget\" data-e-type=\"widget\" data-widget_type=\"heading.default\">\n\t\t\t\t<div class=\"elementor-widget-container\">\n\t\t\t\t\t<h2 class=\"elementor-heading-title elementor-size-default\">Treffen<\/h2>\t\t\t\t<\/div>\n\t\t\t\t<\/div>\n\t\t\t\t<div class=\"elementor-element elementor-element-a2cfcf0 elementor-widget elementor-widget-text-editor\" data-id=\"a2cfcf0\" data-element_type=\"widget\" data-e-type=\"widget\" data-widget_type=\"text-editor.default\">\n\t\t\t\t<div class=\"elementor-widget-container\">\n\t\t\t\t\t\t\t\t\t<p class=\"p2\">Tagungen k\u00f6nnen bei Anton auf viele verschiedene Arten abgehalten werden.<br \/>\nWir vermieten R\u00e4ume f\u00fcr Gruppen von 6 bis 240 Personen.<br \/>\nSie und Ihre G\u00e4ste werden herzlich willkommen gehei\u00dfen und unsere Mitarbeiter tun alles, damit Ihre Tagung ein Erfolg wird.<br \/>\nAnfragen aus dem Bereich   <\/p>\n\t\t\t\t\t\t\t\t<\/div>\n\t\t\t\t<\/div>\n\t\t\t\t<div class=\"elementor-element elementor-element-7e305a2 elementor-widget elementor-widget-button\" data-id=\"7e305a2\" data-element_type=\"widget\" data-e-type=\"widget\" data-widget_type=\"button.default\">\n\t\t\t\t<div class=\"elementor-widget-container\">\n\t\t\t\t\t\t\t\t\t<div class=\"elementor-button-wrapper\">\n\t\t\t\t\t<a class=\"elementor-button elementor-button-link elementor-size-sm\" href=\"https:\/\/bijanton.nl\/de\/treffen\/\">\n\t\t\t\t\t\t<span class=\"elementor-button-content-wrapper\">\n\t\t\t\t\t\t\t\t\t<span class=\"elementor-button-text\">Pr\u00fcfen Sie die M\u00f6glichkeiten<\/span>\n\t\t\t\t\t<\/span>\n\t\t\t\t\t<\/a>\n\t\t\t\t<\/div>\n\t\t\t\t\t\t\t\t<\/div>\n\t\t\t\t<\/div>\n\t\t\t\t<\/div>\n\t\t\t\t\t<\/div>\n\t\t\t\t<\/div>\n\t\t\t\t<section class=\"elementor-section elementor-top-section elementor-element elementor-element-7406003 elementor-section-boxed elementor-section-height-default elementor-section-height-default eltdf-parallax-row-no eltdf-content-aligment-left eltdf-elementor-row-grid-no eltdf-disabled-bg-image-bellow-no\" data-id=\"7406003\" data-element_type=\"section\" data-e-type=\"section\" data-settings=\"{&quot;background_background&quot;:&quot;classic&quot;}\">\n\t\t\t\t\t\t<div class=\"elementor-container elementor-column-gap-default\">\n\t\t\t\t\t<div class=\"elementor-column elementor-col-100 elementor-top-column elementor-element elementor-element-762e5c8\" data-id=\"762e5c8\" data-element_type=\"column\" data-e-type=\"column\">\n\t\t\t<div class=\"elementor-widget-wrap elementor-element-populated\">\n\t\t\t\t\t\t<section class=\"elementor-section elementor-inner-section elementor-element elementor-element-ebd533d elementor-section-full_width elementor-section-height-default elementor-section-height-default eltdf-parallax-row-no eltdf-content-aligment-left eltdf-elementor-row-grid-no eltdf-disabled-bg-image-bellow-no\" data-id=\"ebd533d\" data-element_type=\"section\" data-e-type=\"section\" data-settings=\"{&quot;background_background&quot;:&quot;classic&quot;}\">\n\t\t\t\t\t\t<div class=\"elementor-container elementor-column-gap-no\">\n\t\t\t\t\t<div class=\"elementor-column elementor-col-50 elementor-inner-column elementor-element elementor-element-b469ee5\" data-id=\"b469ee5\" data-element_type=\"column\" data-e-type=\"column\" data-settings=\"{&quot;background_background&quot;:&quot;classic&quot;}\">\n\t\t\t<div class=\"elementor-widget-wrap elementor-element-populated\">\n\t\t\t\t\t\t<div class=\"elementor-element elementor-element-27fdb2f elementor-widget elementor-widget-heading\" data-id=\"27fdb2f\" data-element_type=\"widget\" data-e-type=\"widget\" data-widget_type=\"heading.default\">\n\t\t\t\t<div class=\"elementor-widget-container\">\n\t\t\t\t\t<h2 class=\"elementor-heading-title elementor-size-default\">Arbeiten bei Anton<\/h2>\t\t\t\t<\/div>\n\t\t\t\t<\/div>\n\t\t\t\t<div class=\"elementor-element elementor-element-a772f46 elementor-widget elementor-widget-text-editor\" data-id=\"a772f46\" data-element_type=\"widget\" data-e-type=\"widget\" data-widget_type=\"text-editor.default\">\n\t\t\t\t<div class=\"elementor-widget-container\">\n\t\t\t\t\t\t\t\t\tAtmen Sie Gastfreundschaft und Geselligkeit und m\u00f6chten Sie sich unserem Team im gem\u00fctlichsten Wohnzimmer von Kaatsheuvel anschlie\u00dfen?  \t\t\t\t\t\t\t\t<\/div>\n\t\t\t\t<\/div>\n\t\t\t\t<div class=\"elementor-element elementor-element-9adbc43 elementor-widget elementor-widget-button\" data-id=\"9adbc43\" data-element_type=\"widget\" data-e-type=\"widget\" data-widget_type=\"button.default\">\n\t\t\t\t<div class=\"elementor-widget-container\">\n\t\t\t\t\t\t\t\t\t<div class=\"elementor-button-wrapper\">\n\t\t\t\t\t<a class=\"elementor-button elementor-button-link elementor-size-sm\" href=\"https:\/\/bijanton.nl\/de\/arbeiten-bei\/\">\n\t\t\t\t\t\t<span class=\"elementor-button-content-wrapper\">\n\t\t\t\t\t\t\t\t\t<span class=\"elementor-button-text\">Sehen Sie die offenen Stellen<\/span>\n\t\t\t\t\t<\/span>\n\t\t\t\t\t<\/a>\n\t\t\t\t<\/div>\n\t\t\t\t\t\t\t\t<\/div>\n\t\t\t\t<\/div>\n\t\t\t\t<div class=\"elementor-element elementor-element-24ee5e3 elementor-widget elementor-widget-text-editor\" data-id=\"24ee5e3\" data-element_type=\"widget\" data-e-type=\"widget\" data-widget_type=\"text-editor.default\">\n\t\t\t\t<div class=\"elementor-widget-container\">\n\t\t\t\t\t\t\t\t\t<p>Mailen Sie uns f\u00fcr Informationen und Optionen: <span style=\"text-decoration: underline;\"><a href=\"mailto:welkom@bijanton.nl\">welkom@bijanton.nl<\/a><\/span><\/p>\n\t\t\t\t\t\t\t\t<\/div>\n\t\t\t\t<\/div>\n\t\t\t\t\t<\/div>\n\t\t<\/div>\n\t\t\t\t<div class=\"elementor-column elementor-col-50 elementor-inner-column elementor-element elementor-element-471439f\" data-id=\"471439f\" data-element_type=\"column\" data-e-type=\"column\" data-settings=\"{&quot;background_background&quot;:&quot;classic&quot;}\">\n\t\t\t<div class=\"elementor-widget-wrap elementor-element-populated\">\n\t\t\t\t\t\t<div class=\"elementor-element elementor-element-3cd6879 elementor-widget elementor-widget-image\" data-id=\"3cd6879\" data-element_type=\"widget\" data-e-type=\"widget\" data-widget_type=\"image.default\">\n\t\t\t\t<div class=\"elementor-widget-container\">\n\t\t\t\t\t\t\t\t\t\t\t\t\t\t\t<img decoding=\"async\" src=\"https:\/\/bijanton.nl\/wp-content\/uploads\/elementor\/thumbs\/DSC09151-Werkenbij-qub5955k2dizlvcpnh53etddurnd5wii9p1ju4buk0.jpg\" title=\"DSC09151 Werkenbij\" alt=\"Bij Anton restaurant Kaatsheuvel\" loading=\"lazy\" \/>\t\t\t\t\t\t\t\t\t\t\t\t\t\t\t<\/div>\n\t\t\t\t<\/div>\n\t\t\t\t\t<\/div>\n\t\t<\/div>\n\t\t\t\t\t<\/div>\n\t\t<\/section>\n\t\t\t\t\t<\/div>\n\t\t<\/div>\n\t\t\t\t\t<\/div>\n\t\t<\/section>\n\t\t\t\t<\/div>\n\t\t","protected":false},"excerpt":{"rendered":"<p>Anton hat immer etwas Leckeres zum Kaffee dabei, zaubert die k\u00f6stlichsten Gerichte aus der K\u00fcche oder l\u00e4dt Musikfreunde ein, um live zu spielen. Anton sorgt f\u00fcr Snacks und Getr\u00e4nke und in seinem Keller lagern die leckersten Weine und Biere. Die Bitterballen sind im Dorf ber\u00fchmt und bei sch\u00f6nem Wetter ist immer ein Platz auf der gem\u00fctlichen Terrasse frei. Die Kinder [&hellip;]<\/p>\n","protected":false},"author":2,"featured_media":0,"parent":0,"menu_order":0,"comment_status":"closed","ping_status":"closed","template":"full-width.php","meta":{"footnotes":""},"class_list":["post-5160","page","type-page","status-publish","hentry"],"yoast_head":"<!-- This site is optimized with the Yoast SEO plugin v27.3 - https:\/\/yoast.com\/product\/yoast-seo-wordpress\/ -->\n<title>\u00dcber uns - Bij Anton<\/title>\n<meta name=\"robots\" content=\"index, follow, max-snippet:-1, max-image-preview:large, max-video-preview:-1\" \/>\n<link rel=\"canonical\" href=\"https:\/\/bijanton.nl\/de\/ueber-uns\/\" \/>\n<meta property=\"og:locale\" content=\"de_DE\" \/>\n<meta property=\"og:type\" content=\"article\" \/>\n<meta property=\"og:title\" content=\"\u00dcber uns - Bij Anton\" \/>\n<meta property=\"og:description\" content=\"Anton hat immer etwas Leckeres zum Kaffee dabei, zaubert die k\u00f6stlichsten Gerichte aus der K\u00fcche oder l\u00e4dt Musikfreunde ein, um live zu spielen. Anton sorgt f\u00fcr Snacks und Getr\u00e4nke und in seinem Keller lagern die leckersten Weine und Biere. Die Bitterballen sind im Dorf ber\u00fchmt und bei sch\u00f6nem Wetter ist immer ein Platz auf der gem\u00fctlichen Terrasse frei. Die Kinder [&hellip;]\" \/>\n<meta property=\"og:url\" content=\"https:\/\/bijanton.nl\/de\/ueber-uns\/\" \/>\n<meta property=\"og:site_name\" content=\"Bij Anton\" \/>\n<meta property=\"article:modified_time\" content=\"2024-09-24T12:48:09+00:00\" \/>\n<meta property=\"og:image\" content=\"https:\/\/bijanton.nl\/wp-content\/uploads\/2024\/05\/DSC09562-Over-ons.jpg\" \/>\n\t<meta property=\"og:image:width\" content=\"1440\" \/>\n\t<meta property=\"og:image:height\" content=\"2160\" \/>\n\t<meta property=\"og:image:type\" content=\"image\/jpeg\" \/>\n<meta name=\"twitter:card\" content=\"summary_large_image\" \/>\n<meta name=\"twitter:label1\" content=\"Gesch\u00e4tzte Lesezeit\" \/>\n\t<meta name=\"twitter:data1\" content=\"1\u00a0Minute\" \/>\n<script type=\"application\/ld+json\" class=\"yoast-schema-graph\">{\"@context\":\"https:\\\/\\\/schema.org\",\"@graph\":[{\"@type\":\"WebPage\",\"@id\":\"https:\\\/\\\/bijanton.nl\\\/de\\\/ueber-uns\\\/\",\"url\":\"https:\\\/\\\/bijanton.nl\\\/de\\\/ueber-uns\\\/\",\"name\":\"\u00dcber uns - Bij Anton\",\"isPartOf\":{\"@id\":\"https:\\\/\\\/bijanton.nl\\\/#website\"},\"primaryImageOfPage\":{\"@id\":\"https:\\\/\\\/bijanton.nl\\\/de\\\/ueber-uns\\\/#primaryimage\"},\"image\":{\"@id\":\"https:\\\/\\\/bijanton.nl\\\/de\\\/ueber-uns\\\/#primaryimage\"},\"thumbnailUrl\":\"https:\\\/\\\/bijanton.nl\\\/wp-content\\\/uploads\\\/2024\\\/05\\\/DSC09562-Over-ons-687x1030.jpg\",\"datePublished\":\"2024-07-31T12:41:26+00:00\",\"dateModified\":\"2024-09-24T12:48:09+00:00\",\"breadcrumb\":{\"@id\":\"https:\\\/\\\/bijanton.nl\\\/de\\\/ueber-uns\\\/#breadcrumb\"},\"inLanguage\":\"de\",\"potentialAction\":[{\"@type\":\"ReadAction\",\"target\":[\"https:\\\/\\\/bijanton.nl\\\/de\\\/ueber-uns\\\/\"]}]},{\"@type\":\"ImageObject\",\"inLanguage\":\"de\",\"@id\":\"https:\\\/\\\/bijanton.nl\\\/de\\\/ueber-uns\\\/#primaryimage\",\"url\":\"https:\\\/\\\/bijanton.nl\\\/wp-content\\\/uploads\\\/2024\\\/05\\\/DSC09562-Over-ons-687x1030.jpg\",\"contentUrl\":\"https:\\\/\\\/bijanton.nl\\\/wp-content\\\/uploads\\\/2024\\\/05\\\/DSC09562-Over-ons-687x1030.jpg\"},{\"@type\":\"BreadcrumbList\",\"@id\":\"https:\\\/\\\/bijanton.nl\\\/de\\\/ueber-uns\\\/#breadcrumb\",\"itemListElement\":[{\"@type\":\"ListItem\",\"position\":1,\"name\":\"Home\",\"item\":\"https:\\\/\\\/bijanton.nl\\\/de\\\/\"},{\"@type\":\"ListItem\",\"position\":2,\"name\":\"\u00dcber uns\"}]},{\"@type\":\"WebSite\",\"@id\":\"https:\\\/\\\/bijanton.nl\\\/#website\",\"url\":\"https:\\\/\\\/bijanton.nl\\\/\",\"name\":\"Bij Anton\",\"description\":\"\",\"publisher\":{\"@id\":\"https:\\\/\\\/bijanton.nl\\\/#organization\"},\"potentialAction\":[{\"@type\":\"SearchAction\",\"target\":{\"@type\":\"EntryPoint\",\"urlTemplate\":\"https:\\\/\\\/bijanton.nl\\\/?s={search_term_string}\"},\"query-input\":{\"@type\":\"PropertyValueSpecification\",\"valueRequired\":true,\"valueName\":\"search_term_string\"}}],\"inLanguage\":\"de\"},{\"@type\":\"Organization\",\"@id\":\"https:\\\/\\\/bijanton.nl\\\/#organization\",\"name\":\"Bij Anton\",\"url\":\"https:\\\/\\\/bijanton.nl\\\/\",\"logo\":{\"@type\":\"ImageObject\",\"inLanguage\":\"de\",\"@id\":\"https:\\\/\\\/bijanton.nl\\\/#\\\/schema\\\/logo\\\/image\\\/\",\"url\":\"https:\\\/\\\/bijanton.nl\\\/wp-content\\\/uploads\\\/2024\\\/05\\\/Logo_BijAnton2024_Wit@4x.png\",\"contentUrl\":\"https:\\\/\\\/bijanton.nl\\\/wp-content\\\/uploads\\\/2024\\\/05\\\/Logo_BijAnton2024_Wit@4x.png\",\"width\":1323,\"height\":730,\"caption\":\"Bij Anton\"},\"image\":{\"@id\":\"https:\\\/\\\/bijanton.nl\\\/#\\\/schema\\\/logo\\\/image\\\/\"}}]}<\/script>\n<!-- \/ Yoast SEO plugin. -->","yoast_head_json":{"title":"\u00dcber uns - Bij Anton","robots":{"index":"index","follow":"follow","max-snippet":"max-snippet:-1","max-image-preview":"max-image-preview:large","max-video-preview":"max-video-preview:-1"},"canonical":"https:\/\/bijanton.nl\/de\/ueber-uns\/","og_locale":"de_DE","og_type":"article","og_title":"\u00dcber uns - Bij Anton","og_description":"Anton hat immer etwas Leckeres zum Kaffee dabei, zaubert die k\u00f6stlichsten Gerichte aus der K\u00fcche oder l\u00e4dt Musikfreunde ein, um live zu spielen. Anton sorgt f\u00fcr Snacks und Getr\u00e4nke und in seinem Keller lagern die leckersten Weine und Biere. Die Bitterballen sind im Dorf ber\u00fchmt und bei sch\u00f6nem Wetter ist immer ein Platz auf der gem\u00fctlichen Terrasse frei. Die Kinder [&hellip;]","og_url":"https:\/\/bijanton.nl\/de\/ueber-uns\/","og_site_name":"Bij Anton","article_modified_time":"2024-09-24T12:48:09+00:00","og_image":[{"width":1440,"height":2160,"url":"https:\/\/bijanton.nl\/wp-content\/uploads\/2024\/05\/DSC09562-Over-ons.jpg","type":"image\/jpeg"}],"twitter_card":"summary_large_image","twitter_misc":{"Gesch\u00e4tzte Lesezeit":"1\u00a0Minute"},"schema":{"@context":"https:\/\/schema.org","@graph":[{"@type":"WebPage","@id":"https:\/\/bijanton.nl\/de\/ueber-uns\/","url":"https:\/\/bijanton.nl\/de\/ueber-uns\/","name":"\u00dcber uns - Bij Anton","isPartOf":{"@id":"https:\/\/bijanton.nl\/#website"},"primaryImageOfPage":{"@id":"https:\/\/bijanton.nl\/de\/ueber-uns\/#primaryimage"},"image":{"@id":"https:\/\/bijanton.nl\/de\/ueber-uns\/#primaryimage"},"thumbnailUrl":"https:\/\/bijanton.nl\/wp-content\/uploads\/2024\/05\/DSC09562-Over-ons-687x1030.jpg","datePublished":"2024-07-31T12:41:26+00:00","dateModified":"2024-09-24T12:48:09+00:00","breadcrumb":{"@id":"https:\/\/bijanton.nl\/de\/ueber-uns\/#breadcrumb"},"inLanguage":"de","potentialAction":[{"@type":"ReadAction","target":["https:\/\/bijanton.nl\/de\/ueber-uns\/"]}]},{"@type":"ImageObject","inLanguage":"de","@id":"https:\/\/bijanton.nl\/de\/ueber-uns\/#primaryimage","url":"https:\/\/bijanton.nl\/wp-content\/uploads\/2024\/05\/DSC09562-Over-ons-687x1030.jpg","contentUrl":"https:\/\/bijanton.nl\/wp-content\/uploads\/2024\/05\/DSC09562-Over-ons-687x1030.jpg"},{"@type":"BreadcrumbList","@id":"https:\/\/bijanton.nl\/de\/ueber-uns\/#breadcrumb","itemListElement":[{"@type":"ListItem","position":1,"name":"Home","item":"https:\/\/bijanton.nl\/de\/"},{"@type":"ListItem","position":2,"name":"\u00dcber uns"}]},{"@type":"WebSite","@id":"https:\/\/bijanton.nl\/#website","url":"https:\/\/bijanton.nl\/","name":"Bij Anton","description":"","publisher":{"@id":"https:\/\/bijanton.nl\/#organization"},"potentialAction":[{"@type":"SearchAction","target":{"@type":"EntryPoint","urlTemplate":"https:\/\/bijanton.nl\/?s={search_term_string}"},"query-input":{"@type":"PropertyValueSpecification","valueRequired":true,"valueName":"search_term_string"}}],"inLanguage":"de"},{"@type":"Organization","@id":"https:\/\/bijanton.nl\/#organization","name":"Bij Anton","url":"https:\/\/bijanton.nl\/","logo":{"@type":"ImageObject","inLanguage":"de","@id":"https:\/\/bijanton.nl\/#\/schema\/logo\/image\/","url":"https:\/\/bijanton.nl\/wp-content\/uploads\/2024\/05\/Logo_BijAnton2024_Wit@4x.png","contentUrl":"https:\/\/bijanton.nl\/wp-content\/uploads\/2024\/05\/Logo_BijAnton2024_Wit@4x.png","width":1323,"height":730,"caption":"Bij Anton"},"image":{"@id":"https:\/\/bijanton.nl\/#\/schema\/logo\/image\/"}}]}},"_links":{"self":[{"href":"https:\/\/bijanton.nl\/de\/wp-json\/wp\/v2\/pages\/5160","targetHints":{"allow":["GET"]}}],"collection":[{"href":"https:\/\/bijanton.nl\/de\/wp-json\/wp\/v2\/pages"}],"about":[{"href":"https:\/\/bijanton.nl\/de\/wp-json\/wp\/v2\/types\/page"}],"author":[{"embeddable":true,"href":"https:\/\/bijanton.nl\/de\/wp-json\/wp\/v2\/users\/2"}],"replies":[{"embeddable":true,"href":"https:\/\/bijanton.nl\/de\/wp-json\/wp\/v2\/comments?post=5160"}],"version-history":[{"count":0,"href":"https:\/\/bijanton.nl\/de\/wp-json\/wp\/v2\/pages\/5160\/revisions"}],"wp:attachment":[{"href":"https:\/\/bijanton.nl\/de\/wp-json\/wp\/v2\/media?parent=5160"}],"curies":[{"name":"wp","href":"https:\/\/api.w.org\/{rel}","templated":true}]}}