{"id":1229,"date":"2024-07-31T14:41:25","date_gmt":"2024-07-31T12:41:25","guid":{"rendered":"https:\/\/v2.bijanton.nl\/eko-keurmerk\/"},"modified":"2024-09-24T14:50:27","modified_gmt":"2024-09-24T12:50:27","slug":"eko-keurmerk","status":"publish","type":"page","link":"https:\/\/bijanton.nl\/de\/eko-keurmerk\/","title":{"rendered":"EKO-Qualit\u00e4tszeichen"},"content":{"rendered":"\t\t<div data-elementor-type=\"wp-page\" data-elementor-id=\"1229\" class=\"elementor elementor-1229 elementor-428\" data-elementor-post-type=\"page\">\n\t\t\t\t<div class=\"elementor-element elementor-element-8ee245b e-con-full e-flex e-con e-parent\" data-id=\"8ee245b\" data-element_type=\"container\" data-e-type=\"container\" data-settings=\"{&quot;background_background&quot;:&quot;classic&quot;}\">\n\t\t\t\t<div class=\"elementor-element elementor-element-ff9aef8 elementor-widget elementor-widget-heading\" data-id=\"ff9aef8\" data-element_type=\"widget\" data-e-type=\"widget\" data-widget_type=\"heading.default\">\n\t\t\t\t<div class=\"elementor-widget-container\">\n\t\t\t\t\t<h1 class=\"elementor-heading-title elementor-size-default\">EKO-Qualit\u00e4tszeichen<\/h1>\t\t\t\t<\/div>\n\t\t\t\t<\/div>\n\t\t\t\t<\/div>\n\t\t<div class=\"elementor-element elementor-element-363458fe e-flex e-con-boxed e-con e-parent\" data-id=\"363458fe\" data-element_type=\"container\" data-e-type=\"container\">\n\t\t\t\t\t<div class=\"e-con-inner\">\n\t\t\t\t<div class=\"elementor-element elementor-element-389c35ec elementor-widget elementor-widget-text-editor\" data-id=\"389c35ec\" data-element_type=\"widget\" data-e-type=\"widget\" data-widget_type=\"text-editor.default\">\n\t\t\t\t<div class=\"elementor-widget-container\">\n\t\t\t\t\t\t\t\t\t<p><strong>Erkl\u00e4rung zur sozialen Verantwortung von Unternehmen &#8211; Bei Anton:<\/strong><\/p>\n<p>At Anton erf\u00fcllt die folgenden Verpflichtungen im Bereich der sozialen Unternehmensverantwortung (CSR) und der <a href=\"http:\/\/www.eko-keurmerk.nl\" target=\"_blank\" rel=\"noopener\">EKO-Politik<\/a>:<\/p>\n<p><strong>Wir konzentrieren unser Men\u00fc auf die Verringerung der Umweltbelastung und arbeiten an der kontinuierlichen Verbesserung unseres eigenen Beschaffungsprozesses, wobei wir uns insbesondere auf Waren und Dienstleistungen konzentrieren, die nachhaltig sind<\/strong><\/p>\n<ul>\n<li>Wir servieren Leitungswasser (Leitungswasser) als Alternative zu Wasser in Flaschen<\/li>\n<li>Wenn Sie Getr\u00e4nke mit Strohhalmen servieren, haben wir recycelbare Strohhalme<\/li>\n<li>Wir ziehen es vor, ein lokales\/regionales Produkt zu w\u00e4hlen<\/li>\n<li>Wir haben ein oder mehrere vegetarische Gerichte in allen G\u00e4ngen<\/li>\n<li>Wir verwenden so viel wie m\u00f6glich Produkte\/frische Zutaten der Saison<\/li>\n<li>Wir servieren keinen Fisch aus der roten Kategorie des Fischf\u00fchrers, sondern Fisch mit dem MSC- oder ASC-Siegel<\/li>\n<\/ul>\n<p><strong>Wir konzentrieren uns darauf, Lebensmittelabf\u00e4lle so effizient wie m\u00f6glich zu machen<\/strong><\/p>\n<ul>\n<li>G\u00e4ste k\u00f6nnen ein Hundet\u00fctchen mitbringen<\/li>\n<li>G\u00e4ste k\u00f6nnen (zus\u00e4tzlich) Zuschl\u00e4ge separat bestellen<\/li>\n<\/ul>\n<p><strong>Wir arbeiten daran, die Umweltbelastung durch M\u00fclltrennung zu reduzieren<\/strong><\/p>\n<ul>\n<li>Wir trennen und sammeln die folgenden Abfallstr\u00f6me getrennt: Glas, Plastik, Frittierfett, organische Abf\u00e4lle sowie Papier und Karton<\/li>\n<\/ul>\n<p><strong>Wir konzentrieren uns auf die soziale Verantwortung von Unternehmen und leisten einen Beitrag zu sozialen Zwecken<\/strong><\/p>\n<ul>\n<li>Unser Unternehmen ist ein anerkannter Ausbildungsbetrieb<\/li>\n<li>Wir arbeiten mit Menschen, die eine Distanz zum Arbeitsmarkt haben<\/li>\n<li>Wir sind ein guter Nachbar und beteiligen uns an Initiativen in der Umgebung<\/li>\n<li>Wir unterst\u00fctzen lokale Vereine und Projekte<\/li>\n<\/ul>\n<p><strong>Wir belohnen unsere Mitarbeiter und haben verschiedene Elemente eingef\u00fchrt, in denen sich die Mitarbeiter weiterentwickeln und lernen k\u00f6nnen<\/strong><\/p>\n<ul>\n<li>Entlohnung nach dem Tarifvertrag<\/li>\n<li>Unterzeichneter Vertrag f\u00fcr mindestens 90% der Mitarbeiter<\/li>\n<li>Wir f\u00fchren regelm\u00e4\u00dfige Leistungs\u00fcberpr\u00fcfungen durch<\/li>\n<li>Aktive Rolle und Beteiligung der Mitarbeiter<\/li>\n<\/ul>\n\t\t\t\t\t\t\t\t<\/div>\n\t\t\t\t<\/div>\n\t\t\t\t\t<\/div>\n\t\t\t\t<\/div>\n\t\t\t\t<\/div>\n\t\t","protected":false},"excerpt":{"rendered":"<p>Erkl\u00e4rung zur sozialen Verantwortung von Unternehmen &#8211; Bei Anton: At Anton erf\u00fcllt die folgenden Verpflichtungen im Bereich der sozialen Unternehmensverantwortung (CSR) und der EKO-Politik: Wir konzentrieren unser Men\u00fc auf die Verringerung der Umweltbelastung und arbeiten an der kontinuierlichen Verbesserung unseres eigenen Beschaffungsprozesses, wobei wir uns insbesondere auf Waren und Dienstleistungen konzentrieren, die nachhaltig sind Wir servieren Leitungswasser (Leitungswasser) als Alternative [&hellip;]<\/p>\n","protected":false},"author":2,"featured_media":0,"parent":0,"menu_order":0,"comment_status":"closed","ping_status":"closed","template":"full-width.php","meta":{"footnotes":""},"class_list":["post-1229","page","type-page","status-publish","hentry"],"yoast_head":"<!-- This site is optimized with the Yoast SEO plugin v27.5 - https:\/\/yoast.com\/product\/yoast-seo-wordpress\/ -->\n<title>EKO-Qualit\u00e4tszeichen - Bij Anton<\/title>\n<meta name=\"robots\" content=\"index, follow, max-snippet:-1, max-image-preview:large, max-video-preview:-1\" \/>\n<link rel=\"canonical\" href=\"https:\/\/bijanton.nl\/de\/eko-keurmerk\/\" \/>\n<meta property=\"og:locale\" content=\"de_DE\" \/>\n<meta property=\"og:type\" content=\"article\" \/>\n<meta property=\"og:title\" content=\"EKO-Qualit\u00e4tszeichen - Bij Anton\" \/>\n<meta property=\"og:description\" content=\"Erkl\u00e4rung zur sozialen Verantwortung von Unternehmen &#8211; Bei Anton: At Anton erf\u00fcllt die folgenden Verpflichtungen im Bereich der sozialen Unternehmensverantwortung (CSR) und der EKO-Politik: Wir konzentrieren unser Men\u00fc auf die Verringerung der Umweltbelastung und arbeiten an der kontinuierlichen Verbesserung unseres eigenen Beschaffungsprozesses, wobei wir uns insbesondere auf Waren und Dienstleistungen konzentrieren, die nachhaltig sind Wir servieren Leitungswasser (Leitungswasser) als Alternative [&hellip;]\" \/>\n<meta property=\"og:url\" content=\"https:\/\/bijanton.nl\/de\/eko-keurmerk\/\" \/>\n<meta property=\"og:site_name\" content=\"Bij Anton\" \/>\n<meta property=\"article:modified_time\" content=\"2024-09-24T12:50:27+00:00\" \/>\n<meta name=\"twitter:card\" content=\"summary_large_image\" \/>\n<meta name=\"twitter:label1\" content=\"Gesch\u00e4tzte Lesezeit\" \/>\n\t<meta name=\"twitter:data1\" content=\"1\u00a0Minute\" \/>\n<script type=\"application\/ld+json\" class=\"yoast-schema-graph\">{\"@context\":\"https:\\\/\\\/schema.org\",\"@graph\":[{\"@type\":\"WebPage\",\"@id\":\"https:\\\/\\\/bijanton.nl\\\/de\\\/eko-keurmerk\\\/\",\"url\":\"https:\\\/\\\/bijanton.nl\\\/de\\\/eko-keurmerk\\\/\",\"name\":\"EKO-Qualit\u00e4tszeichen - Bij Anton\",\"isPartOf\":{\"@id\":\"https:\\\/\\\/bijanton.nl\\\/#website\"},\"datePublished\":\"2024-07-31T12:41:25+00:00\",\"dateModified\":\"2024-09-24T12:50:27+00:00\",\"breadcrumb\":{\"@id\":\"https:\\\/\\\/bijanton.nl\\\/de\\\/eko-keurmerk\\\/#breadcrumb\"},\"inLanguage\":\"de\",\"potentialAction\":[{\"@type\":\"ReadAction\",\"target\":[\"https:\\\/\\\/bijanton.nl\\\/de\\\/eko-keurmerk\\\/\"]}]},{\"@type\":\"BreadcrumbList\",\"@id\":\"https:\\\/\\\/bijanton.nl\\\/de\\\/eko-keurmerk\\\/#breadcrumb\",\"itemListElement\":[{\"@type\":\"ListItem\",\"position\":1,\"name\":\"Home\",\"item\":\"https:\\\/\\\/bijanton.nl\\\/de\\\/\"},{\"@type\":\"ListItem\",\"position\":2,\"name\":\"EKO-Qualit\u00e4tszeichen\"}]},{\"@type\":\"WebSite\",\"@id\":\"https:\\\/\\\/bijanton.nl\\\/#website\",\"url\":\"https:\\\/\\\/bijanton.nl\\\/\",\"name\":\"Bij Anton\",\"description\":\"\",\"publisher\":{\"@id\":\"https:\\\/\\\/bijanton.nl\\\/#organization\"},\"potentialAction\":[{\"@type\":\"SearchAction\",\"target\":{\"@type\":\"EntryPoint\",\"urlTemplate\":\"https:\\\/\\\/bijanton.nl\\\/?s={search_term_string}\"},\"query-input\":{\"@type\":\"PropertyValueSpecification\",\"valueRequired\":true,\"valueName\":\"search_term_string\"}}],\"inLanguage\":\"de\"},{\"@type\":\"Organization\",\"@id\":\"https:\\\/\\\/bijanton.nl\\\/#organization\",\"name\":\"Bij Anton\",\"url\":\"https:\\\/\\\/bijanton.nl\\\/\",\"logo\":{\"@type\":\"ImageObject\",\"inLanguage\":\"de\",\"@id\":\"https:\\\/\\\/bijanton.nl\\\/#\\\/schema\\\/logo\\\/image\\\/\",\"url\":\"https:\\\/\\\/bijanton.nl\\\/wp-content\\\/uploads\\\/2024\\\/05\\\/Logo_BijAnton2024_Wit@4x.png\",\"contentUrl\":\"https:\\\/\\\/bijanton.nl\\\/wp-content\\\/uploads\\\/2024\\\/05\\\/Logo_BijAnton2024_Wit@4x.png\",\"width\":1323,\"height\":730,\"caption\":\"Bij Anton\"},\"image\":{\"@id\":\"https:\\\/\\\/bijanton.nl\\\/#\\\/schema\\\/logo\\\/image\\\/\"}}]}<\/script>\n<!-- \/ Yoast SEO plugin. -->","yoast_head_json":{"title":"EKO-Qualit\u00e4tszeichen - Bij Anton","robots":{"index":"index","follow":"follow","max-snippet":"max-snippet:-1","max-image-preview":"max-image-preview:large","max-video-preview":"max-video-preview:-1"},"canonical":"https:\/\/bijanton.nl\/de\/eko-keurmerk\/","og_locale":"de_DE","og_type":"article","og_title":"EKO-Qualit\u00e4tszeichen - Bij Anton","og_description":"Erkl\u00e4rung zur sozialen Verantwortung von Unternehmen &#8211; Bei Anton: At Anton erf\u00fcllt die folgenden Verpflichtungen im Bereich der sozialen Unternehmensverantwortung (CSR) und der EKO-Politik: Wir konzentrieren unser Men\u00fc auf die Verringerung der Umweltbelastung und arbeiten an der kontinuierlichen Verbesserung unseres eigenen Beschaffungsprozesses, wobei wir uns insbesondere auf Waren und Dienstleistungen konzentrieren, die nachhaltig sind Wir servieren Leitungswasser (Leitungswasser) als Alternative [&hellip;]","og_url":"https:\/\/bijanton.nl\/de\/eko-keurmerk\/","og_site_name":"Bij Anton","article_modified_time":"2024-09-24T12:50:27+00:00","twitter_card":"summary_large_image","twitter_misc":{"Gesch\u00e4tzte Lesezeit":"1\u00a0Minute"},"schema":{"@context":"https:\/\/schema.org","@graph":[{"@type":"WebPage","@id":"https:\/\/bijanton.nl\/de\/eko-keurmerk\/","url":"https:\/\/bijanton.nl\/de\/eko-keurmerk\/","name":"EKO-Qualit\u00e4tszeichen - Bij Anton","isPartOf":{"@id":"https:\/\/bijanton.nl\/#website"},"datePublished":"2024-07-31T12:41:25+00:00","dateModified":"2024-09-24T12:50:27+00:00","breadcrumb":{"@id":"https:\/\/bijanton.nl\/de\/eko-keurmerk\/#breadcrumb"},"inLanguage":"de","potentialAction":[{"@type":"ReadAction","target":["https:\/\/bijanton.nl\/de\/eko-keurmerk\/"]}]},{"@type":"BreadcrumbList","@id":"https:\/\/bijanton.nl\/de\/eko-keurmerk\/#breadcrumb","itemListElement":[{"@type":"ListItem","position":1,"name":"Home","item":"https:\/\/bijanton.nl\/de\/"},{"@type":"ListItem","position":2,"name":"EKO-Qualit\u00e4tszeichen"}]},{"@type":"WebSite","@id":"https:\/\/bijanton.nl\/#website","url":"https:\/\/bijanton.nl\/","name":"Bij Anton","description":"","publisher":{"@id":"https:\/\/bijanton.nl\/#organization"},"potentialAction":[{"@type":"SearchAction","target":{"@type":"EntryPoint","urlTemplate":"https:\/\/bijanton.nl\/?s={search_term_string}"},"query-input":{"@type":"PropertyValueSpecification","valueRequired":true,"valueName":"search_term_string"}}],"inLanguage":"de"},{"@type":"Organization","@id":"https:\/\/bijanton.nl\/#organization","name":"Bij Anton","url":"https:\/\/bijanton.nl\/","logo":{"@type":"ImageObject","inLanguage":"de","@id":"https:\/\/bijanton.nl\/#\/schema\/logo\/image\/","url":"https:\/\/bijanton.nl\/wp-content\/uploads\/2024\/05\/Logo_BijAnton2024_Wit@4x.png","contentUrl":"https:\/\/bijanton.nl\/wp-content\/uploads\/2024\/05\/Logo_BijAnton2024_Wit@4x.png","width":1323,"height":730,"caption":"Bij Anton"},"image":{"@id":"https:\/\/bijanton.nl\/#\/schema\/logo\/image\/"}}]}},"_links":{"self":[{"href":"https:\/\/bijanton.nl\/de\/wp-json\/wp\/v2\/pages\/1229","targetHints":{"allow":["GET"]}}],"collection":[{"href":"https:\/\/bijanton.nl\/de\/wp-json\/wp\/v2\/pages"}],"about":[{"href":"https:\/\/bijanton.nl\/de\/wp-json\/wp\/v2\/types\/page"}],"author":[{"embeddable":true,"href":"https:\/\/bijanton.nl\/de\/wp-json\/wp\/v2\/users\/2"}],"replies":[{"embeddable":true,"href":"https:\/\/bijanton.nl\/de\/wp-json\/wp\/v2\/comments?post=1229"}],"version-history":[{"count":0,"href":"https:\/\/bijanton.nl\/de\/wp-json\/wp\/v2\/pages\/1229\/revisions"}],"wp:attachment":[{"href":"https:\/\/bijanton.nl\/de\/wp-json\/wp\/v2\/media?parent=1229"}],"curies":[{"name":"wp","href":"https:\/\/api.w.org\/{rel}","templated":true}]}}