{"id":1207,"date":"2019-08-12T08:38:13","date_gmt":"2019-08-12T08:38:13","guid":{"rendered":"https:\/\/v2.bijanton.nl\/werken-bij\/"},"modified":"2024-09-24T14:50:27","modified_gmt":"2024-09-24T12:50:27","slug":"arbeiten-bei","status":"publish","type":"page","link":"https:\/\/bijanton.nl\/de\/arbeiten-bei\/","title":{"rendered":"Arbeiten bei"},"content":{"rendered":"\t\t<div data-elementor-type=\"wp-page\" data-elementor-id=\"1207\" class=\"elementor elementor-1207 elementor-789\" data-elementor-post-type=\"page\">\n\t\t\t\t<div class=\"elementor-element elementor-element-40b72b7 e-con-full e-flex e-con e-parent\" data-id=\"40b72b7\" data-element_type=\"container\" data-e-type=\"container\" data-settings=\"{&quot;background_background&quot;:&quot;classic&quot;}\">\n\t\t\t\t<div class=\"elementor-element elementor-element-4beedca elementor-widget elementor-widget-heading\" data-id=\"4beedca\" data-element_type=\"widget\" data-e-type=\"widget\" data-widget_type=\"heading.default\">\n\t\t\t\t<div class=\"elementor-widget-container\">\n\t\t\t\t\t<h1 class=\"elementor-heading-title elementor-size-default\">Arbeiten bei<\/h1>\t\t\t\t<\/div>\n\t\t\t\t<\/div>\n\t\t\t\t<\/div>\n\t\t<div class=\"elementor-element elementor-element-1ec8316 e-flex e-con-boxed e-con e-parent\" data-id=\"1ec8316\" data-element_type=\"container\" data-e-type=\"container\">\n\t\t\t\t\t<div class=\"e-con-inner\">\n\t\t<div class=\"elementor-element elementor-element-2625afc e-con-full e-flex e-con e-child\" data-id=\"2625afc\" data-element_type=\"container\" data-e-type=\"container\">\n\t\t\t\t<div class=\"elementor-element elementor-element-2451c50 elementor-widget elementor-widget-heading\" data-id=\"2451c50\" data-element_type=\"widget\" data-e-type=\"widget\" data-widget_type=\"heading.default\">\n\t\t\t\t<div class=\"elementor-widget-container\">\n\t\t\t\t\t<h2 class=\"elementor-heading-title elementor-size-default\">Stellenangebote<\/h2>\t\t\t\t<\/div>\n\t\t\t\t<\/div>\n\t\t\t\t<div class=\"elementor-element elementor-element-2252b8c elementor-widget elementor-widget-text-editor\" data-id=\"2252b8c\" data-element_type=\"widget\" data-e-type=\"widget\" data-widget_type=\"text-editor.default\">\n\t\t\t\t<div class=\"elementor-widget-container\">\n\t\t\t\t\t\t\t\t\t<p>Bij Anton ist der Ort zum Essen und Trinken in Kaatsheuvel.<br \/>\nDie Leute kommen gerne auf einen Drink oder einen Happen zu Mittag oder zum Abendessen.<br \/>\nDa das Bij Anton in Het Klavier liegt, herrscht hier reges Treiben mit Auff\u00fchrungen und Veranstaltungen.  <\/p>\n\t\t\t\t\t\t\t\t<\/div>\n\t\t\t\t<\/div>\n\t\t\t\t<div class=\"elementor-element elementor-element-628f3e4 elementor-widget elementor-widget-heading\" data-id=\"628f3e4\" data-element_type=\"widget\" data-e-type=\"widget\" data-widget_type=\"heading.default\">\n\t\t\t\t<div class=\"elementor-widget-container\">\n\t\t\t\t\t<h3 class=\"elementor-heading-title elementor-size-default\">Servicemitarbeiter<\/h3>\t\t\t\t<\/div>\n\t\t\t\t<\/div>\n\t\t\t\t<div class=\"elementor-element elementor-element-deccdfc elementor-widget elementor-widget-text-editor\" data-id=\"deccdfc\" data-element_type=\"widget\" data-e-type=\"widget\" data-widget_type=\"text-editor.default\">\n\t\t\t\t<div class=\"elementor-widget-container\">\n\t\t\t\t\t\t\t\t\t<p>Als Kellner arbeiten Sie sowohl im Anton&#8217;s als auch bei Aktivit\u00e4ten und Veranstaltungen in Het Klavier.<br \/>\nWir sind auf der Suche nach neuen Kollegen, die unser Team verst\u00e4rken.<br \/>\nWenn Sie bereit sind, abends und an den Wochenenden zu arbeiten und Spa\u00df an einer abwechslungsreichen T\u00e4tigkeit, an der Bew\u00e4ltigung von Problemen und an der Arbeit in einem freundlichen Team haben, dann suchen wir Sie!<br \/>\nSenden Sie Ihre Motivation und Ihren Lebenslauf an <a href=\"mailto:welkom@bijanton.nl\">welkom@bijanton.nl<\/a>   <\/p>\n\t\t\t\t\t\t\t\t<\/div>\n\t\t\t\t<\/div>\n\t\t\t\t<div class=\"elementor-element elementor-element-49d3a6c elementor-widget elementor-widget-heading\" data-id=\"49d3a6c\" data-element_type=\"widget\" data-e-type=\"widget\" data-widget_type=\"heading.default\">\n\t\t\t\t<div class=\"elementor-widget-container\">\n\t\t\t\t\t<h3 class=\"elementor-heading-title elementor-size-default\">Personal f\u00fcr das Geschirrsp\u00fclen<\/h3>\t\t\t\t<\/div>\n\t\t\t\t<\/div>\n\t\t\t\t<div class=\"elementor-element elementor-element-a2bca21 elementor-widget elementor-widget-text-editor\" data-id=\"a2bca21\" data-element_type=\"widget\" data-e-type=\"widget\" data-widget_type=\"text-editor.default\">\n\t\t\t\t<div class=\"elementor-widget-container\">\n\t\t\t\t\t\t\t\t\t<p>Als Sp\u00fclhilfe sind Sie daf\u00fcr verantwortlich, den Abwasch zu erledigen.<\/p>\n<p>Wenn Sie bereit sind, abends und am Wochenende zu arbeiten, suchen wir Sie!<\/p>\n\t\t\t\t\t\t\t\t<\/div>\n\t\t\t\t<\/div>\n\t\t\t\t<\/div>\n\t\t<div class=\"elementor-element elementor-element-e2f0c1b e-con-full e-flex e-con e-child\" data-id=\"e2f0c1b\" data-element_type=\"container\" data-e-type=\"container\">\n\t\t\t\t<div class=\"elementor-element elementor-element-9db803b elementor-widget elementor-widget-image\" data-id=\"9db803b\" data-element_type=\"widget\" data-e-type=\"widget\" data-widget_type=\"image.default\">\n\t\t\t\t<div class=\"elementor-widget-container\">\n\t\t\t\t\t\t\t\t\t\t\t\t\t\t\t<img fetchpriority=\"high\" decoding=\"async\" width=\"687\" height=\"1030\" src=\"https:\/\/bijanton.nl\/wp-content\/uploads\/2024\/05\/DSC09151-Werkenbij-687x1030.jpg\" class=\"attachment-large size-large wp-image-4708\" alt=\"Bij Anton restaurant Kaatsheuvel\" srcset=\"https:\/\/bijanton.nl\/wp-content\/uploads\/2024\/05\/DSC09151-Werkenbij-687x1030.jpg 687w, https:\/\/bijanton.nl\/wp-content\/uploads\/2024\/05\/DSC09151-Werkenbij-200x300.jpg 200w, https:\/\/bijanton.nl\/wp-content\/uploads\/2024\/05\/DSC09151-Werkenbij-768x1152.jpg 768w, https:\/\/bijanton.nl\/wp-content\/uploads\/2024\/05\/DSC09151-Werkenbij-1024x1536.jpg 1024w, https:\/\/bijanton.nl\/wp-content\/uploads\/2024\/05\/DSC09151-Werkenbij-1365x2048.jpg 1365w, https:\/\/bijanton.nl\/wp-content\/uploads\/2024\/05\/DSC09151-Werkenbij.jpg 1440w\" sizes=\"(max-width: 687px) 100vw, 687px\" \/>\t\t\t\t\t\t\t\t\t\t\t\t\t\t\t<\/div>\n\t\t\t\t<\/div>\n\t\t\t\t<\/div>\n\t\t\t\t\t<\/div>\n\t\t\t\t<\/div>\n\t\t<div class=\"elementor-element elementor-element-5a0be5c e-flex e-con-boxed e-con e-parent\" data-id=\"5a0be5c\" data-element_type=\"container\" data-e-type=\"container\">\n\t\t\t\t\t<div class=\"e-con-inner\">\n\t\t\t\t<div class=\"elementor-element elementor-element-0e234f6 elementor-widget elementor-widget-heading\" data-id=\"0e234f6\" data-element_type=\"widget\" data-e-type=\"widget\" data-widget_type=\"heading.default\">\n\t\t\t\t<div class=\"elementor-widget-container\">\n\t\t\t\t\t<h3 class=\"elementor-heading-title elementor-size-default\">Dann sind Sie bei uns genau richtig!\nBitte antworten Sie schnell \u00fcber <a href=\"\">welkom@bijanton.nl<\/a> <\/h3>\t\t\t\t<\/div>\n\t\t\t\t<\/div>\n\t\t\t\t\t<\/div>\n\t\t\t\t<\/div>\n\t\t\t\t<\/div>\n\t\t","protected":false},"excerpt":{"rendered":"<p>Stellenangebote Bij Anton ist der Ort zum Essen und Trinken in Kaatsheuvel. Die Leute kommen gerne auf einen Drink oder einen Happen zu Mittag oder zum Abendessen. Da das Bij Anton in Het Klavier liegt, herrscht hier reges Treiben mit Auff\u00fchrungen und Veranstaltungen. Servicemitarbeiter Als Kellner arbeiten Sie sowohl im Anton&#8217;s als auch bei Aktivit\u00e4ten und Veranstaltungen in Het Klavier. [&hellip;]<\/p>\n","protected":false},"author":2,"featured_media":0,"parent":0,"menu_order":0,"comment_status":"closed","ping_status":"closed","template":"full-width.php","meta":{"footnotes":""},"class_list":["post-1207","page","type-page","status-publish","hentry"],"yoast_head":"<!-- This site is optimized with the Yoast SEO plugin v27.3 - https:\/\/yoast.com\/product\/yoast-seo-wordpress\/ -->\n<title>Arbeiten bei - Bij Anton<\/title>\n<meta name=\"robots\" content=\"index, follow, max-snippet:-1, max-image-preview:large, max-video-preview:-1\" \/>\n<link rel=\"canonical\" href=\"https:\/\/bijanton.nl\/de\/arbeiten-bei\/\" \/>\n<meta property=\"og:locale\" content=\"de_DE\" \/>\n<meta property=\"og:type\" content=\"article\" \/>\n<meta property=\"og:title\" content=\"Arbeiten bei - Bij Anton\" \/>\n<meta property=\"og:description\" content=\"Stellenangebote Bij Anton ist der Ort zum Essen und Trinken in Kaatsheuvel. Die Leute kommen gerne auf einen Drink oder einen Happen zu Mittag oder zum Abendessen. Da das Bij Anton in Het Klavier liegt, herrscht hier reges Treiben mit Auff\u00fchrungen und Veranstaltungen. Servicemitarbeiter Als Kellner arbeiten Sie sowohl im Anton&#8217;s als auch bei Aktivit\u00e4ten und Veranstaltungen in Het Klavier. [&hellip;]\" \/>\n<meta property=\"og:url\" content=\"https:\/\/bijanton.nl\/de\/arbeiten-bei\/\" \/>\n<meta property=\"og:site_name\" content=\"Bij Anton\" \/>\n<meta property=\"article:modified_time\" content=\"2024-09-24T12:50:27+00:00\" \/>\n<meta property=\"og:image\" content=\"https:\/\/bijanton.nl\/wp-content\/uploads\/2024\/05\/DSC09151-Werkenbij.jpg\" \/>\n\t<meta property=\"og:image:width\" content=\"1440\" \/>\n\t<meta property=\"og:image:height\" content=\"2160\" \/>\n\t<meta property=\"og:image:type\" content=\"image\/jpeg\" \/>\n<meta name=\"twitter:card\" content=\"summary_large_image\" \/>\n<meta name=\"twitter:label1\" content=\"Gesch\u00e4tzte Lesezeit\" \/>\n\t<meta name=\"twitter:data1\" content=\"1\u00a0Minute\" \/>\n<script type=\"application\/ld+json\" class=\"yoast-schema-graph\">{\"@context\":\"https:\\\/\\\/schema.org\",\"@graph\":[{\"@type\":\"WebPage\",\"@id\":\"https:\\\/\\\/bijanton.nl\\\/de\\\/arbeiten-bei\\\/\",\"url\":\"https:\\\/\\\/bijanton.nl\\\/de\\\/arbeiten-bei\\\/\",\"name\":\"Arbeiten bei - Bij Anton\",\"isPartOf\":{\"@id\":\"https:\\\/\\\/bijanton.nl\\\/#website\"},\"primaryImageOfPage\":{\"@id\":\"https:\\\/\\\/bijanton.nl\\\/de\\\/arbeiten-bei\\\/#primaryimage\"},\"image\":{\"@id\":\"https:\\\/\\\/bijanton.nl\\\/de\\\/arbeiten-bei\\\/#primaryimage\"},\"thumbnailUrl\":\"https:\\\/\\\/bijanton.nl\\\/wp-content\\\/uploads\\\/2024\\\/05\\\/DSC09151-Werkenbij-687x1030.jpg\",\"datePublished\":\"2019-08-12T08:38:13+00:00\",\"dateModified\":\"2024-09-24T12:50:27+00:00\",\"breadcrumb\":{\"@id\":\"https:\\\/\\\/bijanton.nl\\\/de\\\/arbeiten-bei\\\/#breadcrumb\"},\"inLanguage\":\"de\",\"potentialAction\":[{\"@type\":\"ReadAction\",\"target\":[\"https:\\\/\\\/bijanton.nl\\\/de\\\/arbeiten-bei\\\/\"]}]},{\"@type\":\"ImageObject\",\"inLanguage\":\"de\",\"@id\":\"https:\\\/\\\/bijanton.nl\\\/de\\\/arbeiten-bei\\\/#primaryimage\",\"url\":\"https:\\\/\\\/bijanton.nl\\\/wp-content\\\/uploads\\\/2024\\\/05\\\/DSC09151-Werkenbij-687x1030.jpg\",\"contentUrl\":\"https:\\\/\\\/bijanton.nl\\\/wp-content\\\/uploads\\\/2024\\\/05\\\/DSC09151-Werkenbij-687x1030.jpg\"},{\"@type\":\"BreadcrumbList\",\"@id\":\"https:\\\/\\\/bijanton.nl\\\/de\\\/arbeiten-bei\\\/#breadcrumb\",\"itemListElement\":[{\"@type\":\"ListItem\",\"position\":1,\"name\":\"Home\",\"item\":\"https:\\\/\\\/bijanton.nl\\\/de\\\/\"},{\"@type\":\"ListItem\",\"position\":2,\"name\":\"Arbeiten bei\"}]},{\"@type\":\"WebSite\",\"@id\":\"https:\\\/\\\/bijanton.nl\\\/#website\",\"url\":\"https:\\\/\\\/bijanton.nl\\\/\",\"name\":\"Bij Anton\",\"description\":\"\",\"publisher\":{\"@id\":\"https:\\\/\\\/bijanton.nl\\\/#organization\"},\"potentialAction\":[{\"@type\":\"SearchAction\",\"target\":{\"@type\":\"EntryPoint\",\"urlTemplate\":\"https:\\\/\\\/bijanton.nl\\\/?s={search_term_string}\"},\"query-input\":{\"@type\":\"PropertyValueSpecification\",\"valueRequired\":true,\"valueName\":\"search_term_string\"}}],\"inLanguage\":\"de\"},{\"@type\":\"Organization\",\"@id\":\"https:\\\/\\\/bijanton.nl\\\/#organization\",\"name\":\"Bij Anton\",\"url\":\"https:\\\/\\\/bijanton.nl\\\/\",\"logo\":{\"@type\":\"ImageObject\",\"inLanguage\":\"de\",\"@id\":\"https:\\\/\\\/bijanton.nl\\\/#\\\/schema\\\/logo\\\/image\\\/\",\"url\":\"https:\\\/\\\/bijanton.nl\\\/wp-content\\\/uploads\\\/2024\\\/05\\\/Logo_BijAnton2024_Wit@4x.png\",\"contentUrl\":\"https:\\\/\\\/bijanton.nl\\\/wp-content\\\/uploads\\\/2024\\\/05\\\/Logo_BijAnton2024_Wit@4x.png\",\"width\":1323,\"height\":730,\"caption\":\"Bij Anton\"},\"image\":{\"@id\":\"https:\\\/\\\/bijanton.nl\\\/#\\\/schema\\\/logo\\\/image\\\/\"}}]}<\/script>\n<!-- \/ Yoast SEO plugin. -->","yoast_head_json":{"title":"Arbeiten bei - Bij Anton","robots":{"index":"index","follow":"follow","max-snippet":"max-snippet:-1","max-image-preview":"max-image-preview:large","max-video-preview":"max-video-preview:-1"},"canonical":"https:\/\/bijanton.nl\/de\/arbeiten-bei\/","og_locale":"de_DE","og_type":"article","og_title":"Arbeiten bei - Bij Anton","og_description":"Stellenangebote Bij Anton ist der Ort zum Essen und Trinken in Kaatsheuvel. Die Leute kommen gerne auf einen Drink oder einen Happen zu Mittag oder zum Abendessen. Da das Bij Anton in Het Klavier liegt, herrscht hier reges Treiben mit Auff\u00fchrungen und Veranstaltungen. Servicemitarbeiter Als Kellner arbeiten Sie sowohl im Anton&#8217;s als auch bei Aktivit\u00e4ten und Veranstaltungen in Het Klavier. [&hellip;]","og_url":"https:\/\/bijanton.nl\/de\/arbeiten-bei\/","og_site_name":"Bij Anton","article_modified_time":"2024-09-24T12:50:27+00:00","og_image":[{"width":1440,"height":2160,"url":"https:\/\/bijanton.nl\/wp-content\/uploads\/2024\/05\/DSC09151-Werkenbij.jpg","type":"image\/jpeg"}],"twitter_card":"summary_large_image","twitter_misc":{"Gesch\u00e4tzte Lesezeit":"1\u00a0Minute"},"schema":{"@context":"https:\/\/schema.org","@graph":[{"@type":"WebPage","@id":"https:\/\/bijanton.nl\/de\/arbeiten-bei\/","url":"https:\/\/bijanton.nl\/de\/arbeiten-bei\/","name":"Arbeiten bei - Bij Anton","isPartOf":{"@id":"https:\/\/bijanton.nl\/#website"},"primaryImageOfPage":{"@id":"https:\/\/bijanton.nl\/de\/arbeiten-bei\/#primaryimage"},"image":{"@id":"https:\/\/bijanton.nl\/de\/arbeiten-bei\/#primaryimage"},"thumbnailUrl":"https:\/\/bijanton.nl\/wp-content\/uploads\/2024\/05\/DSC09151-Werkenbij-687x1030.jpg","datePublished":"2019-08-12T08:38:13+00:00","dateModified":"2024-09-24T12:50:27+00:00","breadcrumb":{"@id":"https:\/\/bijanton.nl\/de\/arbeiten-bei\/#breadcrumb"},"inLanguage":"de","potentialAction":[{"@type":"ReadAction","target":["https:\/\/bijanton.nl\/de\/arbeiten-bei\/"]}]},{"@type":"ImageObject","inLanguage":"de","@id":"https:\/\/bijanton.nl\/de\/arbeiten-bei\/#primaryimage","url":"https:\/\/bijanton.nl\/wp-content\/uploads\/2024\/05\/DSC09151-Werkenbij-687x1030.jpg","contentUrl":"https:\/\/bijanton.nl\/wp-content\/uploads\/2024\/05\/DSC09151-Werkenbij-687x1030.jpg"},{"@type":"BreadcrumbList","@id":"https:\/\/bijanton.nl\/de\/arbeiten-bei\/#breadcrumb","itemListElement":[{"@type":"ListItem","position":1,"name":"Home","item":"https:\/\/bijanton.nl\/de\/"},{"@type":"ListItem","position":2,"name":"Arbeiten bei"}]},{"@type":"WebSite","@id":"https:\/\/bijanton.nl\/#website","url":"https:\/\/bijanton.nl\/","name":"Bij Anton","description":"","publisher":{"@id":"https:\/\/bijanton.nl\/#organization"},"potentialAction":[{"@type":"SearchAction","target":{"@type":"EntryPoint","urlTemplate":"https:\/\/bijanton.nl\/?s={search_term_string}"},"query-input":{"@type":"PropertyValueSpecification","valueRequired":true,"valueName":"search_term_string"}}],"inLanguage":"de"},{"@type":"Organization","@id":"https:\/\/bijanton.nl\/#organization","name":"Bij Anton","url":"https:\/\/bijanton.nl\/","logo":{"@type":"ImageObject","inLanguage":"de","@id":"https:\/\/bijanton.nl\/#\/schema\/logo\/image\/","url":"https:\/\/bijanton.nl\/wp-content\/uploads\/2024\/05\/Logo_BijAnton2024_Wit@4x.png","contentUrl":"https:\/\/bijanton.nl\/wp-content\/uploads\/2024\/05\/Logo_BijAnton2024_Wit@4x.png","width":1323,"height":730,"caption":"Bij Anton"},"image":{"@id":"https:\/\/bijanton.nl\/#\/schema\/logo\/image\/"}}]}},"_links":{"self":[{"href":"https:\/\/bijanton.nl\/de\/wp-json\/wp\/v2\/pages\/1207","targetHints":{"allow":["GET"]}}],"collection":[{"href":"https:\/\/bijanton.nl\/de\/wp-json\/wp\/v2\/pages"}],"about":[{"href":"https:\/\/bijanton.nl\/de\/wp-json\/wp\/v2\/types\/page"}],"author":[{"embeddable":true,"href":"https:\/\/bijanton.nl\/de\/wp-json\/wp\/v2\/users\/2"}],"replies":[{"embeddable":true,"href":"https:\/\/bijanton.nl\/de\/wp-json\/wp\/v2\/comments?post=1207"}],"version-history":[{"count":0,"href":"https:\/\/bijanton.nl\/de\/wp-json\/wp\/v2\/pages\/1207\/revisions"}],"wp:attachment":[{"href":"https:\/\/bijanton.nl\/de\/wp-json\/wp\/v2\/media?parent=1207"}],"curies":[{"name":"wp","href":"https:\/\/api.w.org\/{rel}","templated":true}]}}